{"id":4342,"date":"2024-05-22T18:03:28","date_gmt":"2024-05-22T17:03:28","guid":{"rendered":"https:\/\/vandeveldebeton.be\/produits\/produits-de-construction\/beton-en-stabilise\/stortklaar-beton\/"},"modified":"2024-06-05T13:25:27","modified_gmt":"2024-06-05T12:25:27","slug":"beton-pret-a-lemploi","status":"publish","type":"page","link":"https:\/\/vandeveldebeton.be\/fr\/produits\/produits-de-construction\/beton-en-stabilise\/beton-pret-a-lemploi\/","title":{"rendered":"B\u00e9ton pr\u00eat \u00e0 l&#8217;emploi"},"content":{"rendered":"<section class=\"l-section wpb_row coverrow height_auto with_img\"><div class=\"l-section-img\" role=\"img\" aria-label=\"Image\" data-img-width=\"960\" data-img-height=\"640\" style=\"background-image: url(https:\/\/vandeveldebeton.be\/wp-content\/uploads\/2021\/06\/Beton_BG.jpg);\"><\/div><div class=\"l-section-h i-cf\"><div class=\"g-cols vc_row via_flex valign_middle type_default stacking_default\"><div class=\"vc_col-sm-6 wpb_column vc_column_container\"><div class=\"vc_column-inner\"><div class=\"wpb_wrapper\"><div class=\"wpb_text_column\"><div class=\"wpb_wrapper\"><h1>B\u00e9ton pr\u00eat \u00e0 l&#8217;emploi<\/h1>\n<\/div><\/div><div class=\"wpb_text_column\"><div class=\"wpb_wrapper\"><p>Avec notre centrale \u00e0 b\u00e9ton r\u00e9nov\u00e9e \u00e0 Mazenzele-Opwijk, en plus du <a href=\"https:\/\/vandeveldebeton.be\/fr\/produits\/produits-de-construction\/beton-en-stabilise\/stabilise-et-beton-sec\/\">b\u00e9ton stabilis\u00e9 et sec<\/a>, nous pouvons d\u00e9sormais \u00e9galement fournir du b\u00e9ton pr\u00eat \u00e0 l&#8217;emploi.<\/p>\n<p>Notre nouvelle centrale \u00e0 b\u00e9ton dispose de 2 malaxeurs et de 2 lignes de chargement pour limiter les temps d&#8217;attente, afin que nous puissions maintenant servir nos clients encore plus rapidement !<\/p>\n<\/div><\/div><div class=\"w-btn-wrapper align_none\"><a class=\"w-btn us-btn-style_1\" title=\"Producten\" href=\"http:\/\/vandeveldebeton.be\/fr\/contact\/\"><span class=\"w-btn-label\">Contactez-nous<\/span><\/a><\/div><\/div><\/div><\/div><div class=\"vc_col-sm-3 wpb_column vc_column_container has_bg_color\"><div class=\"vc_column-inner us_custom_35581669\"><div class=\"wpb_wrapper\"><\/div><\/div><\/div><div class=\"vc_col-sm-3 wpb_column vc_column_container has_bg_color stretched\"><div class=\"vc_column-inner us_custom_7e3cff8c\"><div class=\"wpb_wrapper\"><\/div><\/div><\/div><\/div><\/div><\/section><section class=\"l-section wpb_row us_custom_d2199d32 height_auto\"><div class=\"l-section-h i-cf\"><div class=\"g-cols vc_row via_flex valign_top type_default stacking_default\"><div class=\"vc_col-sm-12 wpb_column vc_column_container\"><div class=\"vc_column-inner\"><div class=\"wpb_wrapper\">[vc_raw_html el_class=&#8221;breadcrumbs&#8221;]JTVCd3BzZW9fYnJlYWRjcnVtYiU1RCUwQQ==[\/vc_raw_html]<\/div><\/div><\/div><\/div><\/div><\/section><section class=\"l-section wpb_row height_medium\"><div class=\"l-section-h i-cf\"><div class=\"g-cols vc_row via_flex valign_top type_default stacking_default\"><div class=\"vc_col-sm-12 wpb_column vc_column_container\"><div class=\"vc_column-inner\"><div class=\"wpb_wrapper\"><div class=\"wpb_text_column\"><div class=\"wpb_wrapper\"><h2>B\u00e9ton pr\u00eat \u00e0 l&#8217;emploi livr\u00e9 rapidement sur chantier avec Van de Velde Beton<\/h2>\n<\/div><\/div><div class=\"wpb_text_column\"><div class=\"wpb_wrapper\"><p>Le b\u00e9ton pr\u00eat \u00e0 l&#8217;emploi de Van de Velde Beton, tant pour les particuliers que pour les professionnels, r\u00e9pond \u00e0 des normes tr\u00e8s strictes en mati\u00e8re de qualit\u00e9, de s\u00e9curit\u00e9 et de respect de l&#8217;environnement. Notre b\u00e9ton pr\u00eat \u00e0 l&#8217;emploi est m\u00e9lang\u00e9 dans notre propre centrale \u00e0 b\u00e9ton et livr\u00e9 sur des chantiers tels que :<\/p>\n<ul>\n<li>les chantiers de construction : b\u00e2timents industriels, immeubles, maisons,&#8230;<\/li>\n<li>am\u00e9nagement de la voirie publique et des r\u00e9seaux : bordures et sentiers, routes ma\u00e7onn\u00e9es, caniveaux, pistes cyclables, plates-formes industrielles, foss\u00e9s, canalisations, glissi\u00e8res de s\u00e9curit\u00e9 en b\u00e9ton arm\u00e9,&#8230;<\/li>\n<li>structures agricoles : fosses d&#8217;ensilage, fosses \u00e0 anguilles, rev\u00eatements de sol, travaux routiers, fondations, am\u00e9nagement d&#8217;\u00e9tals,&#8230;<\/li>\n<li>am\u00e9nagements d\u00e9coratifs : places, fa\u00e7ades, terrasses, all\u00e9es de garage, bords de piscine, avenues,&#8230;<\/li>\n<\/ul>\n<\/div><\/div><\/div><\/div><\/div><\/div><\/div><\/section><section class=\"l-section wpb_row height_medium\"><div class=\"l-section-h i-cf\"><div class=\"g-cols vc_row via_flex valign_top type_boxes stacking_default\" style=\"--additional-gap:25px;\"><div class=\"vc_col-sm-6 wpb_column vc_column_container has_bg_color\"><div class=\"vc_column-inner us_custom_4e82cb47\"><div class=\"wpb_wrapper\"><div class=\"wpb_text_column\"><div class=\"wpb_wrapper\"><h5>Commande de b\u00e9ton coul\u00e9<\/h5>\n<p>Une formule simple permet de calculer le nombre de m\u00e8tres cubes de b\u00e9ton coul\u00e9 sur place dont vous avez besoin. Multipliez la longueur, la largeur et l&#8217;\u00e9paisseur en m\u00e8tres. Tenez compte du retrait du b\u00e9ton et de la correction des mesures. Commandez donc toujours un peu plus de b\u00e9ton que ce que vous avez calcul\u00e9.<\/p>\n<p>Nous disposons de nos propres moyens de transport, ce qui nous permet d&#8217;\u00eatre tr\u00e8s flexibles avec nos b\u00e9tonni\u00e8res en mati\u00e8re de livraisons.<\/p>\n<p>La livraison de b\u00e9ton le samedi est \u00e9galement possible chez Van de Velde Beton.<\/p>\n<p>Si vous voulez \u00eatre s\u00fbr que le b\u00e9ton sera livr\u00e9 le jour et \u00e0 l&#8217;heure souhait\u00e9s, il est pr\u00e9f\u00e9rable de nous contacter par t\u00e9l\u00e9phone au <a href=\"tel:+3252356969\">052 35 69 69<\/a> ou via notre formulaire de contact.<\/p>\n<\/div><\/div><\/div><\/div><\/div><div class=\"vc_col-sm-6 wpb_column vc_column_container has_bg_color\"><div class=\"vc_column-inner us_custom_4e82cb47\"><div class=\"wpb_wrapper\"><div class=\"wpb_text_column\"><div class=\"wpb_wrapper\"><div class=\"product-text\">\n<h5>Prix du b\u00e9ton pr\u00eat \u00e0 l&#8217;emploi<\/h5>\n<p>Le prix final du b\u00e9ton pr\u00eat \u00e0 l&#8217;emploi d\u00e9pend de votre projet, de la composition du b\u00e9ton et de vos souhaits.<\/p>\n<p>Le co\u00fbt d\u00e9pend de divers facteurs tels que :<\/p>\n<ul>\n<li>application du m\u00e9lange de b\u00e9ton<\/li>\n<li>quantit\u00e9 de b\u00e9ton<\/li>\n<li>utilisation d&#8217;une pompe m\u00e9langeuse<\/li>\n<li>frais de transport et indemnit\u00e9s<\/li>\n<\/ul>\n<p>Le prix du b\u00e9ton par m3 est en partie d\u00e9termin\u00e9 par la distance entre la centrale \u00e0 b\u00e9ton et votre adresse de livraison. Plus cette distance est grande, plus les frais de transport seront \u00e9lev\u00e9s.<\/p>\n<\/div>\n<\/div><\/div><\/div><\/div><\/div><\/div><\/div><\/section><section class=\"l-section wpb_row height_auto\" id=\"timelapse\"><div class=\"l-section-h i-cf\"><div class=\"g-cols vc_row via_flex valign_top type_default stacking_default\"><div class=\"vc_col-sm-2 wpb_column vc_column_container\"><div class=\"vc_column-inner\"><div class=\"wpb_wrapper\"><\/div><\/div><\/div><div class=\"vc_col-sm-8 wpb_column vc_column_container\"><div class=\"vc_column-inner\"><div class=\"wpb_wrapper\"><div class=\"w-video align_none ratio_16x9 has_iframe\"><div class=\"w-video-h\"><iframe title=\"Youtube video player\" src=\"\/\/www.youtube.com\/embed\/ly7D-J0SS0g?autoplay=0&controls=1&origin=https:\/\/vandeveldebeton.be\/fr\/&loop=0&mute=0\" allowfullscreen=\"1\" loading=\"lazy\"><\/iframe><\/div><\/div><\/div><\/div><\/div><div class=\"vc_col-sm-2 wpb_column vc_column_container\"><div class=\"vc_column-inner\"><div class=\"wpb_wrapper\"><\/div><\/div><\/div><\/div><\/div><\/section><section class=\"l-section wpb_row height_medium\"><div class=\"l-section-h i-cf\"><div class=\"g-cols vc_row via_flex valign_top type_default stacking_default\"><div class=\"vc_col-sm-6 wpb_column vc_column_container has_bg_color stretched\"><div class=\"vc_column-inner us_custom_60e83cbb\"><div class=\"wpb_wrapper\"><\/div><\/div><\/div><div class=\"vc_col-sm-1 wpb_column vc_column_container\"><div class=\"vc_column-inner\"><div class=\"wpb_wrapper\"><\/div><\/div><\/div><div class=\"vc_col-sm-5 wpb_column vc_column_container\"><div class=\"vc_column-inner\"><div class=\"wpb_wrapper\"><div class=\"wpb_text_column\"><div class=\"wpb_wrapper\"><p>Il n&#8217;est pas possible de commander le m\u00eame type de b\u00e9ton pour chaque application. En fonction de l&#8217;application, un b\u00e9ton standard suffira ou vous pourrez ajouter des options suppl\u00e9mentaires telles que du gravier fin, un plastifiant, une armature ou un agent de durcissement rapide.<\/p>\n<\/div><\/div><div class=\"wpb_text_column\"><div class=\"wpb_wrapper\"><p>C&#8217;est pourquoi il existe \u00e9galement diff\u00e9rents co\u00fbts de b\u00e9ton par m3 pour diff\u00e9rentes applications telles que :<\/p>\n<ul>\n<li>Sol<\/li>\n<li>Fondation<\/li>\n<li>Fosse \u00e0 fumier<\/li>\n<li>Dalle fourrag\u00e8re secteur agricole<\/li>\n<li>Pavage de cour de ferme<\/li>\n<li>Chemin d&#8217;alimentation<\/li>\n<\/ul>\n<\/div><\/div><\/div><\/div><\/div><\/div><\/div><\/section><section class=\"l-section wpb_row height_medium\"><div class=\"l-section-h i-cf\"><div class=\"g-cols vc_row via_flex valign_top type_default stacking_default\"><div class=\"vc_col-sm-12 wpb_column vc_column_container\"><div class=\"vc_column-inner\"><div class=\"wpb_wrapper\"><div class=\"wpb_text_column\"><div class=\"wpb_wrapper\"><h2><strong>Van de Velde Beton pour tous vos b\u00e9tons pr\u00eats \u00e0 l&#8217;emploi <\/strong><\/h2>\n<p>Van de Velde Beton \u00e0 Mazenzele-Opwijk est votre sp\u00e9cialiste du b\u00e9ton et des produits de qualit\u00e9 pour le jardin, la terrasse et le pavage. Nous livrons le bon b\u00e9ton coul\u00e9 sur place au bon moment.\u00a0 Si vous avez des questions, n&#8217;h\u00e9sitez pas \u00e0 nous contacter. Nous nous ferons un plaisir de vous conseiller !<\/p>\n<\/div><\/div><\/div><\/div><\/div><\/div><\/div><\/section><section class=\"l-section wpb_row height_auto\"><div class=\"l-section-h i-cf\"><div class=\"g-cols vc_row via_flex valign_top type_default stacking_default\"><div class=\"vc_col-sm-4 wpb_column vc_column_container\"><div class=\"vc_column-inner\"><div class=\"wpb_wrapper\"><div class=\"w-image has_ratio align_none\"><div class=\"w-image-h\"><div style=\"padding-bottom:133.3333%\"><\/div><img decoding=\"async\" width=\"768\" height=\"1024\" src=\"https:\/\/vandeveldebeton.be\/wp-content\/uploads\/2024\/05\/betoncentrale_2-768x1024.jpg\" class=\"attachment-large size-large\" alt=\"\" loading=\"lazy\" \/><\/div><\/div><div class=\"w-separator size_large\"><\/div><\/div><\/div><\/div><div class=\"vc_col-sm-4 wpb_column vc_column_container\"><div class=\"vc_column-inner\"><div class=\"wpb_wrapper\"><div class=\"w-image has_ratio align_none\"><div class=\"w-image-h\"><div style=\"padding-bottom:133.3333%\"><\/div><img decoding=\"async\" width=\"768\" height=\"1024\" src=\"https:\/\/vandeveldebeton.be\/wp-content\/uploads\/2024\/05\/betoncentrale_01-768x1024.jpg\" class=\"attachment-large size-large\" alt=\"\" loading=\"lazy\" \/><\/div><\/div><\/div><\/div><\/div><div class=\"vc_col-sm-4 wpb_column vc_column_container\"><div class=\"vc_column-inner\"><div class=\"wpb_wrapper\"><div class=\"w-image has_ratio align_none\"><div class=\"w-image-h\"><div style=\"padding-bottom:133.3333%\"><\/div><img decoding=\"async\" width=\"714\" height=\"1024\" src=\"https:\/\/vandeveldebeton.be\/wp-content\/uploads\/2024\/05\/betoncentrale_4-714x1024.jpg\" class=\"attachment-large size-large\" alt=\"\" loading=\"lazy\" \/><\/div><\/div><\/div><\/div><\/div><\/div><\/div><\/section>\n","protected":false},"excerpt":{"rendered":"B\u00e9ton pr\u00eat \u00e0 l&#8217;emploi Avec notre centrale \u00e0 b\u00e9ton r\u00e9nov\u00e9e \u00e0 Mazenzele-Opwijk, en plus du b\u00e9ton stabilis\u00e9 et sec, nous pouvons d\u00e9sormais \u00e9galement fournir du b\u00e9ton pr\u00eat \u00e0 l&#8217;emploi. Notre nouvelle centrale \u00e0 b\u00e9ton dispose de 2 malaxeurs et de 2 lignes de chargement pour limiter les temps d&#8217;attente, afin que nous puissions maintenant servir...","protected":false},"author":1,"featured_media":4333,"parent":2159,"menu_order":1,"comment_status":"closed","ping_status":"closed","template":"","meta":{"_acf_changed":false,"footnotes":""},"class_list":["post-4342","page","type-page","status-publish","has-post-thumbnail","hentry"],"acf":[],"yoast_head":"<!-- This site is optimized with the Yoast SEO plugin v26.6 - https:\/\/yoast.com\/wordpress\/plugins\/seo\/ -->\n<title>B\u00e9ton pr\u00eat \u00e0 l&#039;emploi - Van de Velde Beton<\/title>\n<meta name=\"description\" content=\"Avec notre centrale \u00e0 b\u00e9ton r\u00e9nov\u00e9e \u00e0 Mazenzele-Opwijk, en plus du b\u00e9ton stabilis\u00e9 et sec, nous pouvons d\u00e9sormais \u00e9galement fournir du b\u00e9ton pr\u00eat \u00e0 l&#039;emploi.\" \/>\n<meta name=\"robots\" content=\"index, follow, max-snippet:-1, max-image-preview:large, max-video-preview:-1\" \/>\n<link rel=\"canonical\" href=\"https:\/\/vandeveldebeton.be\/fr\/produits\/produits-de-construction\/beton-en-stabilise\/beton-pret-a-lemploi\/\" \/>\n<meta property=\"og:locale\" content=\"fr_FR\" \/>\n<meta property=\"og:type\" content=\"article\" \/>\n<meta property=\"og:title\" content=\"B\u00e9ton pr\u00eat \u00e0 l&#039;emploi - Van de Velde Beton\" \/>\n<meta property=\"og:description\" content=\"Avec notre centrale \u00e0 b\u00e9ton r\u00e9nov\u00e9e \u00e0 Mazenzele-Opwijk, en plus du b\u00e9ton stabilis\u00e9 et sec, nous pouvons d\u00e9sormais \u00e9galement fournir du b\u00e9ton pr\u00eat \u00e0 l&#039;emploi.\" \/>\n<meta property=\"og:url\" content=\"https:\/\/vandeveldebeton.be\/fr\/produits\/produits-de-construction\/beton-en-stabilise\/beton-pret-a-lemploi\/\" \/>\n<meta property=\"og:site_name\" content=\"Van de Velde Beton\" \/>\n<meta property=\"article:modified_time\" content=\"2024-06-05T12:25:27+00:00\" \/>\n<meta property=\"og:image\" content=\"https:\/\/vandeveldebeton.be\/wp-content\/uploads\/2024\/05\/betoncentrale_2.jpg\" \/>\n\t<meta property=\"og:image:width\" content=\"900\" \/>\n\t<meta property=\"og:image:height\" content=\"1200\" \/>\n\t<meta property=\"og:image:type\" content=\"image\/jpeg\" \/>\n<meta name=\"twitter:card\" content=\"summary_large_image\" \/>\n<meta name=\"twitter:label1\" content=\"Dur\u00e9e de lecture est.\" \/>\n\t<meta name=\"twitter:data1\" content=\"5 minutes\" \/>\n<script type=\"application\/ld+json\" class=\"yoast-schema-graph\">{\"@context\":\"https:\/\/schema.org\",\"@graph\":[{\"@type\":\"WebPage\",\"@id\":\"https:\/\/vandeveldebeton.be\/fr\/produits\/produits-de-construction\/beton-en-stabilise\/beton-pret-a-lemploi\/\",\"url\":\"https:\/\/vandeveldebeton.be\/fr\/produits\/produits-de-construction\/beton-en-stabilise\/beton-pret-a-lemploi\/\",\"name\":\"B\u00e9ton pr\u00eat \u00e0 l'emploi - Van de Velde Beton\",\"isPartOf\":{\"@id\":\"https:\/\/vandeveldebeton.be\/fr\/#website\"},\"primaryImageOfPage\":{\"@id\":\"https:\/\/vandeveldebeton.be\/fr\/produits\/produits-de-construction\/beton-en-stabilise\/beton-pret-a-lemploi\/#primaryimage\"},\"image\":{\"@id\":\"https:\/\/vandeveldebeton.be\/fr\/produits\/produits-de-construction\/beton-en-stabilise\/beton-pret-a-lemploi\/#primaryimage\"},\"thumbnailUrl\":\"https:\/\/vandeveldebeton.be\/wp-content\/uploads\/2024\/05\/betoncentrale_2.jpg\",\"datePublished\":\"2024-05-22T17:03:28+00:00\",\"dateModified\":\"2024-06-05T12:25:27+00:00\",\"description\":\"Avec notre centrale \u00e0 b\u00e9ton r\u00e9nov\u00e9e \u00e0 Mazenzele-Opwijk, en plus du b\u00e9ton stabilis\u00e9 et sec, nous pouvons d\u00e9sormais \u00e9galement fournir du b\u00e9ton pr\u00eat \u00e0 l'emploi.\",\"breadcrumb\":{\"@id\":\"https:\/\/vandeveldebeton.be\/fr\/produits\/produits-de-construction\/beton-en-stabilise\/beton-pret-a-lemploi\/#breadcrumb\"},\"inLanguage\":\"fr-BE\",\"potentialAction\":[{\"@type\":\"ReadAction\",\"target\":[\"https:\/\/vandeveldebeton.be\/fr\/produits\/produits-de-construction\/beton-en-stabilise\/beton-pret-a-lemploi\/\"]}]},{\"@type\":\"ImageObject\",\"inLanguage\":\"fr-BE\",\"@id\":\"https:\/\/vandeveldebeton.be\/fr\/produits\/produits-de-construction\/beton-en-stabilise\/beton-pret-a-lemploi\/#primaryimage\",\"url\":\"https:\/\/vandeveldebeton.be\/wp-content\/uploads\/2024\/05\/betoncentrale_2.jpg\",\"contentUrl\":\"https:\/\/vandeveldebeton.be\/wp-content\/uploads\/2024\/05\/betoncentrale_2.jpg\",\"width\":900,\"height\":1200},{\"@type\":\"BreadcrumbList\",\"@id\":\"https:\/\/vandeveldebeton.be\/fr\/produits\/produits-de-construction\/beton-en-stabilise\/beton-pret-a-lemploi\/#breadcrumb\",\"itemListElement\":[{\"@type\":\"ListItem\",\"position\":1,\"name\":\"Home\",\"item\":\"https:\/\/vandeveldebeton.be\/fr\/\"},{\"@type\":\"ListItem\",\"position\":2,\"name\":\"Produits\",\"item\":\"https:\/\/vandeveldebeton.be\/fr\/produits\/\"},{\"@type\":\"ListItem\",\"position\":3,\"name\":\"Produits de construction\",\"item\":\"https:\/\/vandeveldebeton.be\/fr\/produits\/produits-de-construction\/\"},{\"@type\":\"ListItem\",\"position\":4,\"name\":\"B\u00e9ton en stabilis\u00e9\",\"item\":\"https:\/\/vandeveldebeton.be\/fr\/produits\/produits-de-construction\/beton-en-stabilise\/\"},{\"@type\":\"ListItem\",\"position\":5,\"name\":\"B\u00e9ton pr\u00eat \u00e0 l&#8217;emploi\"}]},{\"@type\":\"WebSite\",\"@id\":\"https:\/\/vandeveldebeton.be\/fr\/#website\",\"url\":\"https:\/\/vandeveldebeton.be\/fr\/\",\"name\":\"Van de Velde Beton\",\"description\":\"\",\"potentialAction\":[{\"@type\":\"SearchAction\",\"target\":{\"@type\":\"EntryPoint\",\"urlTemplate\":\"https:\/\/vandeveldebeton.be\/fr\/?s={search_term_string}\"},\"query-input\":{\"@type\":\"PropertyValueSpecification\",\"valueRequired\":true,\"valueName\":\"search_term_string\"}}],\"inLanguage\":\"fr-BE\"}]}<\/script>\n<!-- \/ Yoast SEO plugin. -->","yoast_head_json":{"title":"B\u00e9ton pr\u00eat \u00e0 l'emploi - Van de Velde Beton","description":"Avec notre centrale \u00e0 b\u00e9ton r\u00e9nov\u00e9e \u00e0 Mazenzele-Opwijk, en plus du b\u00e9ton stabilis\u00e9 et sec, nous pouvons d\u00e9sormais \u00e9galement fournir du b\u00e9ton pr\u00eat \u00e0 l'emploi.","robots":{"index":"index","follow":"follow","max-snippet":"max-snippet:-1","max-image-preview":"max-image-preview:large","max-video-preview":"max-video-preview:-1"},"canonical":"https:\/\/vandeveldebeton.be\/fr\/produits\/produits-de-construction\/beton-en-stabilise\/beton-pret-a-lemploi\/","og_locale":"fr_FR","og_type":"article","og_title":"B\u00e9ton pr\u00eat \u00e0 l'emploi - Van de Velde Beton","og_description":"Avec notre centrale \u00e0 b\u00e9ton r\u00e9nov\u00e9e \u00e0 Mazenzele-Opwijk, en plus du b\u00e9ton stabilis\u00e9 et sec, nous pouvons d\u00e9sormais \u00e9galement fournir du b\u00e9ton pr\u00eat \u00e0 l'emploi.","og_url":"https:\/\/vandeveldebeton.be\/fr\/produits\/produits-de-construction\/beton-en-stabilise\/beton-pret-a-lemploi\/","og_site_name":"Van de Velde Beton","article_modified_time":"2024-06-05T12:25:27+00:00","og_image":[{"width":900,"height":1200,"url":"https:\/\/vandeveldebeton.be\/wp-content\/uploads\/2024\/05\/betoncentrale_2.jpg","type":"image\/jpeg"}],"twitter_card":"summary_large_image","twitter_misc":{"Dur\u00e9e de lecture est.":"5 minutes"},"schema":{"@context":"https:\/\/schema.org","@graph":[{"@type":"WebPage","@id":"https:\/\/vandeveldebeton.be\/fr\/produits\/produits-de-construction\/beton-en-stabilise\/beton-pret-a-lemploi\/","url":"https:\/\/vandeveldebeton.be\/fr\/produits\/produits-de-construction\/beton-en-stabilise\/beton-pret-a-lemploi\/","name":"B\u00e9ton pr\u00eat \u00e0 l'emploi - Van de Velde Beton","isPartOf":{"@id":"https:\/\/vandeveldebeton.be\/fr\/#website"},"primaryImageOfPage":{"@id":"https:\/\/vandeveldebeton.be\/fr\/produits\/produits-de-construction\/beton-en-stabilise\/beton-pret-a-lemploi\/#primaryimage"},"image":{"@id":"https:\/\/vandeveldebeton.be\/fr\/produits\/produits-de-construction\/beton-en-stabilise\/beton-pret-a-lemploi\/#primaryimage"},"thumbnailUrl":"https:\/\/vandeveldebeton.be\/wp-content\/uploads\/2024\/05\/betoncentrale_2.jpg","datePublished":"2024-05-22T17:03:28+00:00","dateModified":"2024-06-05T12:25:27+00:00","description":"Avec notre centrale \u00e0 b\u00e9ton r\u00e9nov\u00e9e \u00e0 Mazenzele-Opwijk, en plus du b\u00e9ton stabilis\u00e9 et sec, nous pouvons d\u00e9sormais \u00e9galement fournir du b\u00e9ton pr\u00eat \u00e0 l'emploi.","breadcrumb":{"@id":"https:\/\/vandeveldebeton.be\/fr\/produits\/produits-de-construction\/beton-en-stabilise\/beton-pret-a-lemploi\/#breadcrumb"},"inLanguage":"fr-BE","potentialAction":[{"@type":"ReadAction","target":["https:\/\/vandeveldebeton.be\/fr\/produits\/produits-de-construction\/beton-en-stabilise\/beton-pret-a-lemploi\/"]}]},{"@type":"ImageObject","inLanguage":"fr-BE","@id":"https:\/\/vandeveldebeton.be\/fr\/produits\/produits-de-construction\/beton-en-stabilise\/beton-pret-a-lemploi\/#primaryimage","url":"https:\/\/vandeveldebeton.be\/wp-content\/uploads\/2024\/05\/betoncentrale_2.jpg","contentUrl":"https:\/\/vandeveldebeton.be\/wp-content\/uploads\/2024\/05\/betoncentrale_2.jpg","width":900,"height":1200},{"@type":"BreadcrumbList","@id":"https:\/\/vandeveldebeton.be\/fr\/produits\/produits-de-construction\/beton-en-stabilise\/beton-pret-a-lemploi\/#breadcrumb","itemListElement":[{"@type":"ListItem","position":1,"name":"Home","item":"https:\/\/vandeveldebeton.be\/fr\/"},{"@type":"ListItem","position":2,"name":"Produits","item":"https:\/\/vandeveldebeton.be\/fr\/produits\/"},{"@type":"ListItem","position":3,"name":"Produits de construction","item":"https:\/\/vandeveldebeton.be\/fr\/produits\/produits-de-construction\/"},{"@type":"ListItem","position":4,"name":"B\u00e9ton en stabilis\u00e9","item":"https:\/\/vandeveldebeton.be\/fr\/produits\/produits-de-construction\/beton-en-stabilise\/"},{"@type":"ListItem","position":5,"name":"B\u00e9ton pr\u00eat \u00e0 l&#8217;emploi"}]},{"@type":"WebSite","@id":"https:\/\/vandeveldebeton.be\/fr\/#website","url":"https:\/\/vandeveldebeton.be\/fr\/","name":"Van de Velde Beton","description":"","potentialAction":[{"@type":"SearchAction","target":{"@type":"EntryPoint","urlTemplate":"https:\/\/vandeveldebeton.be\/fr\/?s={search_term_string}"},"query-input":{"@type":"PropertyValueSpecification","valueRequired":true,"valueName":"search_term_string"}}],"inLanguage":"fr-BE"}]}},"_links":{"self":[{"href":"https:\/\/vandeveldebeton.be\/fr\/wp-json\/wp\/v2\/pages\/4342","targetHints":{"allow":["GET"]}}],"collection":[{"href":"https:\/\/vandeveldebeton.be\/fr\/wp-json\/wp\/v2\/pages"}],"about":[{"href":"https:\/\/vandeveldebeton.be\/fr\/wp-json\/wp\/v2\/types\/page"}],"author":[{"embeddable":true,"href":"https:\/\/vandeveldebeton.be\/fr\/wp-json\/wp\/v2\/users\/1"}],"replies":[{"embeddable":true,"href":"https:\/\/vandeveldebeton.be\/fr\/wp-json\/wp\/v2\/comments?post=4342"}],"version-history":[{"count":7,"href":"https:\/\/vandeveldebeton.be\/fr\/wp-json\/wp\/v2\/pages\/4342\/revisions"}],"predecessor-version":[{"id":4483,"href":"https:\/\/vandeveldebeton.be\/fr\/wp-json\/wp\/v2\/pages\/4342\/revisions\/4483"}],"up":[{"embeddable":true,"href":"https:\/\/vandeveldebeton.be\/fr\/wp-json\/wp\/v2\/pages\/2159"}],"wp:featuredmedia":[{"embeddable":true,"href":"https:\/\/vandeveldebeton.be\/fr\/wp-json\/wp\/v2\/media\/4333"}],"wp:attachment":[{"href":"https:\/\/vandeveldebeton.be\/fr\/wp-json\/wp\/v2\/media?parent=4342"}],"curies":[{"name":"wp","href":"https:\/\/api.w.org\/{rel}","templated":true}]}}