{"id":2868,"date":"2022-11-29T10:54:46","date_gmt":"2022-11-29T10:54:46","guid":{"rendered":"https:\/\/vandeveldebeton.be\/?page_id=2868"},"modified":"2022-11-29T10:54:46","modified_gmt":"2022-11-29T10:54:46","slug":"se-connecter","status":"publish","type":"page","link":"https:\/\/vandeveldebeton.be\/fr\/se-connecter\/","title":{"rendered":"Se connecter"},"content":{"rendered":"<section class=\"l-section wpb_row height_large width_full\"><div class=\"l-section-h i-cf\"><div class=\"g-cols vc_row via_flex valign_top type_default stacking_default\"><div class=\"vc_col-sm-1 wpb_column vc_column_container\"><div class=\"vc_column-inner\"><div class=\"wpb_wrapper\"><\/div><\/div><\/div><div class=\"vc_col-sm-6 wpb_column vc_column_container\"><div class=\"vc_column-inner\"><div class=\"wpb_wrapper\"><div class=\"wpb_text_column\"><div class=\"wpb_wrapper\"><h1>Se connecter.<\/h1>\n<p>Connectez-vous et acc\u00e9dez \u00e0 nos t\u00e9l\u00e9chargements.<\/p>\n<\/div><\/div><div class=\"wpb_text_column\"><div class=\"wpb_wrapper\">\n<div class=\"um um-login um-2871\">\n\t<div class=\"um-form\">\n\t\t<form method=\"post\" action=\"\" autocomplete=\"off\">\n\t\t\t<div class=\"um-row _um_row_1 \" style=\"margin: 0 0 30px 0;\"><div class=\"um-col-1\"><div  id=\"um_field_2871_username\" class=\"um-field um-field-text  um-field-username um-field-text um-field-type_text\" data-key=\"username\"><div class=\"um-field-label\"><label for=\"username-2871\">Nom d&#039;utilisateur ou email<\/label><div class=\"um-clear\"><\/div><\/div><div class=\"um-field-area\"><input  autocomplete=\"off\" class=\"um-form-field valid \" type=\"text\" name=\"username-2871\" id=\"username-2871\" value=\"\" placeholder=\"\" data-validate=\"unique_username_or_email\" data-key=\"username\"  aria-invalid=\"false\" \/>\n\n\t\t\t\t\t\t<\/div><\/div><div  id=\"um_field_2871_user_password\" class=\"um-field um-field-password  um-field-user_password um-field-password um-field-type_password\" data-key=\"user_password\"><div class=\"um-field-label\"><label for=\"user_password-2871\">Mot de passe<\/label><div class=\"um-clear\"><\/div><\/div><div class=\"um-field-area\"><input class=\"um-form-field valid \" type=\"password\" name=\"user_password-2871\" id=\"user_password-2871\" value=\"\" placeholder=\"\" data-validate=\"\" data-key=\"user_password\"  aria-invalid=\"false\" \/>\n\n\t\t\t\t\t\t\t<\/div><\/div><\/div><\/div>\t<input type=\"hidden\" name=\"form_id\" id=\"form_id_2871\" value=\"2871\" \/>\n\t\t<p class=\"um_request_name\">\n\t\t<label for=\"um_request_2871\">Only fill in if you are not human<\/label>\n\t\t<input type=\"hidden\" name=\"um_request\" id=\"um_request_2871\" class=\"input\" value=\"\" size=\"25\" autocomplete=\"off\" \/>\n\t<\/p>\n\t<input type=\"hidden\" id=\"_wpnonce\" name=\"_wpnonce\" value=\"f676d3f0b8\" \/><input type=\"hidden\" name=\"_wp_http_referer\" value=\"\/fr\/wp-json\/wp\/v2\/pages\/2868\" \/>\n<div class=\"g-recaptcha\" id=\"um-2871\" data-mode=\"login\"><\/div>\n\n\n\t<div class=\"um-col-alt\">\n\n\t\t\n\t\t\t<div class=\"um-left um-half\">\n\t\t\t\t<input type=\"submit\" value=\"Se connecter\" class=\"um-button\" id=\"um-submit-btn\" \/>\n\t\t\t<\/div>\n\t\t\t<div class=\"um-right um-half\">\n\t\t\t\t<a href=\"https:\/\/vandeveldebeton.be\/fr\/enregistrer\/\" class=\"um-button um-alt\">\n\t\t\t\t\tEnregistrez-vous\t\t\t\t<\/a>\n\t\t\t<\/div>\n\n\t\t\n\t\t<div class=\"um-clear\"><\/div>\n\n\t<\/div>\n\n\t\n\t<div class=\"um-col-alt-b\">\n\t\t<a href=\"https:\/\/vandeveldebeton.be\/fr\/recuperer-mot-de-passe\/\" class=\"um-link-alt\">\n\t\t\tForgot your password?\t\t<\/a>\n\t<\/div>\n\n\t\t\t<\/form>\n\t<\/div>\n<\/div>\n<style>\n\t\t\t.um-2871.um {\n\t\t\tmax-width: 450px;\n\t\t}\n\t\t\t\t.um-2871.um {\n\t\t\tmargin-left: 0px !important;\n\t\t}\n\t<\/style>\n\n<\/div><\/div><\/div><\/div><\/div><div class=\"vc_col-sm-5 wpb_column vc_column_container has_bg_color\"><div class=\"vc_column-inner us_custom_e319a2ab\"><div class=\"wpb_wrapper\"><\/div><\/div><\/div><\/div><\/div><\/section>\n","protected":false},"excerpt":{"rendered":"Se connecter. Connectez-vous et acc\u00e9dez \u00e0 nos t\u00e9l\u00e9chargements. Nom d&#039;utilisateur ou email Mot de passe Only fill in if you are not human Enregistrez-vous Forgot your password?","protected":false},"author":1,"featured_media":0,"parent":0,"menu_order":4,"comment_status":"closed","ping_status":"closed","template":"","meta":{"_acf_changed":false,"footnotes":""},"class_list":["post-2868","page","type-page","status-publish","hentry"],"acf":[],"yoast_head":"<!-- This site is optimized with the Yoast SEO plugin v26.6 - https:\/\/yoast.com\/wordpress\/plugins\/seo\/ -->\n<title>Se connecter - Van de Velde Beton<\/title>\n<meta name=\"robots\" content=\"index, follow, max-snippet:-1, max-image-preview:large, max-video-preview:-1\" \/>\n<link rel=\"canonical\" href=\"https:\/\/vandeveldebeton.be\/fr\/se-connecter\/\" \/>\n<meta property=\"og:locale\" content=\"fr_FR\" \/>\n<meta property=\"og:type\" content=\"article\" \/>\n<meta property=\"og:title\" content=\"Se connecter - Van de Velde Beton\" \/>\n<meta property=\"og:url\" content=\"https:\/\/vandeveldebeton.be\/fr\/se-connecter\/\" \/>\n<meta property=\"og:site_name\" content=\"Van de Velde Beton\" \/>\n<meta name=\"twitter:card\" content=\"summary_large_image\" \/>\n<script type=\"application\/ld+json\" class=\"yoast-schema-graph\">{\"@context\":\"https:\/\/schema.org\",\"@graph\":[{\"@type\":\"WebPage\",\"@id\":\"https:\/\/vandeveldebeton.be\/fr\/se-connecter\/\",\"url\":\"https:\/\/vandeveldebeton.be\/fr\/se-connecter\/\",\"name\":\"Se connecter - Van de Velde Beton\",\"isPartOf\":{\"@id\":\"https:\/\/vandeveldebeton.be\/fr\/#website\"},\"datePublished\":\"2022-11-29T10:54:46+00:00\",\"breadcrumb\":{\"@id\":\"https:\/\/vandeveldebeton.be\/fr\/se-connecter\/#breadcrumb\"},\"inLanguage\":\"fr-BE\",\"potentialAction\":[{\"@type\":\"ReadAction\",\"target\":[\"https:\/\/vandeveldebeton.be\/fr\/se-connecter\/\"]}]},{\"@type\":\"BreadcrumbList\",\"@id\":\"https:\/\/vandeveldebeton.be\/fr\/se-connecter\/#breadcrumb\",\"itemListElement\":[{\"@type\":\"ListItem\",\"position\":1,\"name\":\"Home\",\"item\":\"https:\/\/vandeveldebeton.be\/fr\/\"},{\"@type\":\"ListItem\",\"position\":2,\"name\":\"Se connecter\"}]},{\"@type\":\"WebSite\",\"@id\":\"https:\/\/vandeveldebeton.be\/fr\/#website\",\"url\":\"https:\/\/vandeveldebeton.be\/fr\/\",\"name\":\"Van de Velde Beton\",\"description\":\"\",\"potentialAction\":[{\"@type\":\"SearchAction\",\"target\":{\"@type\":\"EntryPoint\",\"urlTemplate\":\"https:\/\/vandeveldebeton.be\/fr\/?s={search_term_string}\"},\"query-input\":{\"@type\":\"PropertyValueSpecification\",\"valueRequired\":true,\"valueName\":\"search_term_string\"}}],\"inLanguage\":\"fr-BE\"}]}<\/script>\n<!-- \/ Yoast SEO plugin. -->","yoast_head_json":{"title":"Se connecter - Van de Velde Beton","robots":{"index":"index","follow":"follow","max-snippet":"max-snippet:-1","max-image-preview":"max-image-preview:large","max-video-preview":"max-video-preview:-1"},"canonical":"https:\/\/vandeveldebeton.be\/fr\/se-connecter\/","og_locale":"fr_FR","og_type":"article","og_title":"Se connecter - Van de Velde Beton","og_url":"https:\/\/vandeveldebeton.be\/fr\/se-connecter\/","og_site_name":"Van de Velde Beton","twitter_card":"summary_large_image","schema":{"@context":"https:\/\/schema.org","@graph":[{"@type":"WebPage","@id":"https:\/\/vandeveldebeton.be\/fr\/se-connecter\/","url":"https:\/\/vandeveldebeton.be\/fr\/se-connecter\/","name":"Se connecter - Van de Velde Beton","isPartOf":{"@id":"https:\/\/vandeveldebeton.be\/fr\/#website"},"datePublished":"2022-11-29T10:54:46+00:00","breadcrumb":{"@id":"https:\/\/vandeveldebeton.be\/fr\/se-connecter\/#breadcrumb"},"inLanguage":"fr-BE","potentialAction":[{"@type":"ReadAction","target":["https:\/\/vandeveldebeton.be\/fr\/se-connecter\/"]}]},{"@type":"BreadcrumbList","@id":"https:\/\/vandeveldebeton.be\/fr\/se-connecter\/#breadcrumb","itemListElement":[{"@type":"ListItem","position":1,"name":"Home","item":"https:\/\/vandeveldebeton.be\/fr\/"},{"@type":"ListItem","position":2,"name":"Se connecter"}]},{"@type":"WebSite","@id":"https:\/\/vandeveldebeton.be\/fr\/#website","url":"https:\/\/vandeveldebeton.be\/fr\/","name":"Van de Velde Beton","description":"","potentialAction":[{"@type":"SearchAction","target":{"@type":"EntryPoint","urlTemplate":"https:\/\/vandeveldebeton.be\/fr\/?s={search_term_string}"},"query-input":{"@type":"PropertyValueSpecification","valueRequired":true,"valueName":"search_term_string"}}],"inLanguage":"fr-BE"}]}},"_links":{"self":[{"href":"https:\/\/vandeveldebeton.be\/fr\/wp-json\/wp\/v2\/pages\/2868","targetHints":{"allow":["GET"]}}],"collection":[{"href":"https:\/\/vandeveldebeton.be\/fr\/wp-json\/wp\/v2\/pages"}],"about":[{"href":"https:\/\/vandeveldebeton.be\/fr\/wp-json\/wp\/v2\/types\/page"}],"author":[{"embeddable":true,"href":"https:\/\/vandeveldebeton.be\/fr\/wp-json\/wp\/v2\/users\/1"}],"replies":[{"embeddable":true,"href":"https:\/\/vandeveldebeton.be\/fr\/wp-json\/wp\/v2\/comments?post=2868"}],"version-history":[{"count":1,"href":"https:\/\/vandeveldebeton.be\/fr\/wp-json\/wp\/v2\/pages\/2868\/revisions"}],"predecessor-version":[{"id":2873,"href":"https:\/\/vandeveldebeton.be\/fr\/wp-json\/wp\/v2\/pages\/2868\/revisions\/2873"}],"wp:attachment":[{"href":"https:\/\/vandeveldebeton.be\/fr\/wp-json\/wp\/v2\/media?parent=2868"}],"curies":[{"name":"wp","href":"https:\/\/api.w.org\/{rel}","templated":true}]}}