{"id":2521,"date":"2021-09-21T12:27:09","date_gmt":"2021-09-21T12:27:09","guid":{"rendered":"https:\/\/vandeveldebeton.be\/?page_id=2521"},"modified":"2025-06-24T08:20:56","modified_gmt":"2025-06-24T07:20:56","slug":"service","status":"publish","type":"page","link":"https:\/\/vandeveldebeton.be\/fr\/service\/","title":{"rendered":"Service"},"content":{"rendered":"<section class=\"l-section wpb_row coverrow height_auto with_img\"><div class=\"l-section-img\" role=\"img\" aria-label=\"Image\" data-img-width=\"960\" data-img-height=\"640\" style=\"background-image: url(https:\/\/vandeveldebeton.be\/wp-content\/uploads\/2021\/06\/Beton_BG.jpg);\"><\/div><div class=\"l-section-h i-cf\"><div class=\"g-cols vc_row via_flex valign_middle type_default stacking_default\"><div class=\"vc_col-sm-6 wpb_column vc_column_container\"><div class=\"vc_column-inner\"><div class=\"wpb_wrapper\"><div class=\"wpb_text_column\"><div class=\"wpb_wrapper\"><h1><span>Services<\/span><\/h1>\n<\/div><\/div><div class=\"wpb_text_column\"><div class=\"wpb_wrapper\"><p>La flexibilit\u00e9 et le concept &#8220;Le client est roi&#8221; sont tr\u00e8s appr\u00e9ci\u00e9s par la direction. Il ne fait aucun doute que cela est \u00e9galement attendu de nos employ\u00e9s.<\/p>\n<\/div><\/div><div class=\"w-btn-wrapper align_none\"><a class=\"w-btn us-btn-style_2\" href=\"https:\/\/vandeveldebeton.be\/fr\/contact\/\"><span class=\"w-btn-label\">Demande de devis<\/span><\/a><\/div><div class=\"w-btn-wrapper align_none\"><a class=\"w-btn us-btn-style_1\" title=\"Producten\" href=\"#placeurs\"><span class=\"w-btn-label\">Trouvez un placeur<\/span><\/a><\/div><\/div><\/div><\/div><div class=\"vc_col-sm-6 wpb_column vc_column_container has_bg_color stretched\"><div class=\"vc_column-inner us_custom_1638654d\"><div class=\"wpb_wrapper\"><\/div><\/div><\/div><\/div><\/div><\/section><section class=\"l-section wpb_row height_large\"><div class=\"l-section-h i-cf\"><div class=\"g-cols vc_row via_flex valign_top type_default stacking_default\"><div class=\"vc_col-sm-6 wpb_column vc_column_container\"><div class=\"vc_column-inner\"><div class=\"wpb_wrapper\"><div class=\"wpb_text_column\"><div class=\"wpb_wrapper\"><h2>Voici comment nous proc\u00e9dons<\/h2>\n<\/div><\/div><div class=\"wpb_text_column\"><div class=\"wpb_wrapper\"><p>Des accords clairs, un service rapide et des produits de qualit\u00e9 : chez Van de Velde Beton, nous veillons \u00e0 ce que tant les professionnels que les particuliers puissent entamer leur projet en toute s\u00e9r\u00e9nit\u00e9. Nous r\u00e9fl\u00e9chissons avec vous et vous livrons exactement ce dont vous avez besoin. Ceux qui pr\u00e9f\u00e8rent externaliser l&#8217;installation peuvent contacter des installateurs partenaires fiables dans la r\u00e9gion via Van de Velde Beton.<\/p>\n<\/div><\/div><div class=\"w-btn-wrapper align_none\"><a class=\"w-btn us-btn-style_1\" href=\"https:\/\/vandeveldebeton.be\/fr\/produits\/\"><span class=\"w-btn-label\">Nos produits<\/span><\/a><\/div><\/div><\/div><\/div><div class=\"vc_col-sm-6 wpb_column vc_column_container\"><div class=\"vc_column-inner\"><div class=\"wpb_wrapper\"><\/div><\/div><\/div><\/div><\/div><\/section><section class=\"l-section wpb_row height_auto\"><div class=\"l-section-h i-cf\"><div class=\"g-cols vc_row via_flex valign_top type_boxes stacking_default\" style=\"--additional-gap:25px;\"><div class=\"vc_col-sm-4 wpb_column vc_column_container has_bg_color\"><div class=\"vc_column-inner us_custom_4e82cb47\"><div class=\"wpb_wrapper\"><div class=\"w-image align_center\"><a title=\"klinkers en tegels tuin en terres\" href=\"https:\/\/vandeveldebeton.be\/producten\/tuin-en-terras\/\" aria-label=\"Bricks\" class=\"w-image-h\"><img decoding=\"async\" width=\"100\" height=\"100\" src=\"https:\/\/vandeveldebeton.be\/wp-content\/uploads\/2025\/05\/Bricks.png\" class=\"attachment-large size-large\" alt=\"\" loading=\"lazy\" \/><\/a><\/div><div class=\"w-separator size_medium\"><\/div><div class=\"wpb_text_column\"><div class=\"wpb_wrapper\"><h5 style=\"text-align: center;\">Achetez vos mat\u00e9riaux et produits de construction chez Van de Velde Beton<\/h5>\n<\/div><\/div><\/div><\/div><\/div><div class=\"vc_col-sm-4 wpb_column vc_column_container has_bg_color\"><div class=\"vc_column-inner us_custom_4e82cb47\"><div class=\"wpb_wrapper\"><div class=\"w-image align_center\"><a title=\"Afsluitingen\" href=\"https:\/\/vandeveldebeton.be\/producten\/afsluitingen\/\" aria-label=\"Waypoints\" class=\"w-image-h\"><img decoding=\"async\" width=\"100\" height=\"100\" src=\"https:\/\/vandeveldebeton.be\/wp-content\/uploads\/2025\/05\/Waypoints.png\" class=\"attachment-large size-large\" alt=\"\" loading=\"lazy\" \/><\/a><\/div><div class=\"w-separator size_medium\"><\/div><div class=\"wpb_text_column\"><div class=\"wpb_wrapper\"><h5 style=\"text-align: center;\">Collectez vous-m\u00eame votre mat\u00e9riel ou faites-le livrer directement sur le site du projet<\/h5>\n<\/div><\/div><\/div><\/div><\/div><div class=\"vc_col-sm-4 wpb_column vc_column_container has_bg_color\"><div class=\"vc_column-inner us_custom_4e82cb47\"><div class=\"wpb_wrapper\"><div class=\"w-image align_center\"><a title=\"Bestrating\" href=\"https:\/\/vandeveldebeton.be\/producten\/bestrating-en-wegenbouw\/\" aria-label=\"Worker\" class=\"w-image-h\"><img decoding=\"async\" width=\"100\" height=\"100\" src=\"https:\/\/vandeveldebeton.be\/wp-content\/uploads\/2025\/05\/Worker.png\" class=\"attachment-large size-large\" alt=\"\" loading=\"lazy\" \/><\/a><\/div><div class=\"w-separator size_medium\"><\/div><div class=\"wpb_text_column\"><div class=\"wpb_wrapper\"><h5 style=\"text-align: center;\">Commencez vous-m\u00eame ou faites appel \u00e0 l&#8217;un de nos partenaires pr\u00e8s de chez vous.<\/h5>\n<\/div><\/div><\/div><\/div><\/div><\/div><\/div><\/section><section class=\"l-section wpb_row height_large\" id=\"placeurs\"><div class=\"l-section-h i-cf\"><div class=\"g-cols vc_row via_flex valign_top type_default stacking_default\"><div class=\"vc_col-sm-6 wpb_column vc_column_container\"><div class=\"vc_column-inner\"><div class=\"wpb_wrapper\"><div class=\"wpb_text_column\"><div class=\"wpb_wrapper\"><h2>\u00a0Trouvez un placeur pr\u00e8s de chez vous<\/h2>\n<p>Vous vous lancez seul ou vous pr\u00e9f\u00e9rez l&#8217;aide d&#8217;un professionnel ? Gr\u00e2ce \u00e0 notre r\u00e9seau de partenaires exp\u00e9riment\u00e9s, vous trouverez toujours un professionnel pr\u00e8s de chez vous qui m\u00e8nera \u00e0 bien votre projet.<\/p>\n<\/div><\/div><\/div><\/div><\/div><div class=\"vc_col-sm-6 wpb_column vc_column_container\"><div class=\"vc_column-inner\"><div class=\"wpb_wrapper\"><\/div><\/div><\/div><div class=\"vc_col-sm-12 wpb_column vc_column_container bgcolorforlocator has_bg_color\"><div class=\"vc_column-inner us_custom_057801f8\"><div class=\"wpb_wrapper\"><div class=\"w-separator size_small\"><\/div><div class=\"w-html\"><style>\r\n\t#wpsl-stores .wpsl-store-thumb {height:45px !important; width:45px !important;}\r\n\t#wpsl-stores, #wpsl-direction-details, #wpsl-gmap {height:500px !important;}\r\n\t#wpsl-gmap .wpsl-info-window {max-width:225px !important;}\r\n\t.wpsl-input label, #wpsl-radius label, #wpsl-category label {width:100px;}\r\n\t#wpsl-search-input  {width:225px;}\r\n<\/style>\r\n<div id=\"wpsl-wrap\">\r\n\t<div class=\"wpsl-search wpsl-clearfix wpsl-no-filters\">\r\n\t\t<div id=\"wpsl-search-wrap\">\r\n\t\t\t<form autocomplete=\"off\">\r\n\t\t\t<div class=\"wpsl-input\">\r\n\t\t\t\t<div><label for=\"wpsl-search-input\">Your location<\/label><\/div>\r\n\t\t\t\t<input id=\"wpsl-search-input\" type=\"text\" value=\"\" name=\"wpsl-search-input\" placeholder=\"\" aria-required=\"true\" \/>\r\n\t\t\t<\/div>\r\n\t\t\t\t<div class=\"wpsl-search-btn-wrap\"><input id=\"wpsl-search-btn\" type=\"submit\" value=\"Search\"><\/div>\r\n\t\t<\/form>\r\n\t\t<\/div>\r\n\t<\/div>\r\n\t<div id=\"wpsl-gmap\" class=\"wpsl-gmap-canvas\"><\/div>\r\n\t<div id=\"wpsl-result-list\">\r\n\t\t<div id=\"wpsl-stores\" >\r\n\t\t\t<ul><\/ul>\r\n\t\t<\/div>\r\n\t\t<div id=\"wpsl-direction-details\">\r\n\t\t\t<ul><\/ul>\r\n\t\t<\/div>\r\n\t<\/div>\r\n<\/div>\r\n\n<script>\nfunction waitForElement(selector, callback) {\n  const checkExist = setInterval(() => {\n    const el = document.querySelector(selector);\n    if (el) {\n      clearInterval(checkExist);\n      setTimeout(callback, 1000); \/\/ Wait 1 second after found\n    }\n  }, 100); \/\/ Check every 100ms\n}\n\n\/\/ Run after window loads\nwindow.addEventListener('load', function () {\n  waitForElement('#wpsl-search-input', function () {\n    document.getElementById(\"wpsl-search-input\").placeholder = \"Zoek uw plaatser...\";\n  });\n});\n<\/script><\/div><div class=\"w-hwrapper us_custom_f4a1effa cookienoticeforlocator valign_middle wrap stack_on_mobiles default_align_justify laptops_align_justify tablets_align_center mobiles_align_center\" style=\"--hwrapper-gap:1.5rem\"><div class=\"wpb_text_column us_custom_521278dc\"><div class=\"wpb_wrapper\"><h5>Vous ne voyez pas la carte ? Acceptez les cookies pour afficher la carte.<\/h5>\n<\/div><\/div><div class=\"w-btn-wrapper align_none\"><a class=\"w-btn us-btn-style_1\" href=\"https:\/\/vandeveldebeton.be\/fr\/politique-de-cookies\/\"><span class=\"w-btn-label\">Personnalisez vos cookies<\/span><\/a><\/div><\/div><\/div><\/div><\/div><\/div><\/div><\/section><section class=\"l-section wpb_row us_custom_74a42fde height_auto\"><div class=\"l-section-h i-cf\"><div class=\"g-cols vc_row via_flex valign_top type_default stacking_default\"><div class=\"vc_col-sm-12 wpb_column vc_column_container\"><div class=\"vc_column-inner\"><div class=\"wpb_wrapper\"><\/div><\/div><\/div><\/div><\/div><\/section><section class=\"l-section wpb_row us_custom_20861819 height_huge with_img\"><div class=\"l-section-img\" role=\"img\" aria-label=\"Image\" data-img-width=\"960\" data-img-height=\"640\" style=\"background-image: url(https:\/\/vandeveldebeton.be\/wp-content\/uploads\/2021\/06\/Beton_BG.jpg);background-repeat: no-repeat;\"><\/div><div class=\"l-section-h i-cf\"><div class=\"g-cols vc_row via_flex valign_top type_default stacking_default\"><div class=\"vc_col-sm-12 wpb_column vc_column_container\"><div class=\"vc_column-inner\"><div class=\"wpb_wrapper\"><div class=\"wpb_text_column\"><div class=\"wpb_wrapper\"><h2>Commande, livraison et collecte<\/h2>\n<\/div><\/div><div class=\"w-separator size_small\"><\/div><div class=\"wpb_text_column\"><div class=\"wpb_wrapper\"><p>Commandez vos mat\u00e9riaux et produits de construction rapidement et facilement <strong>par t\u00e9l\u00e9phone<\/strong> ou via le <strong>formulaire de contact<\/strong>. Vous recevrez une confirmation par e-mail si vous indiquez votre adresse e-mail.<\/p>\n<p>Vous pouvez retirer vous-m\u00eame votre commande sur notre site de Mazenzele-Opwijk ou la faire livrer directement sur le lieu de votre projet. Nos chauffeurs exp\u00e9riment\u00e9s surveillent quotidiennement le trafic et s&#8217;efforcent toujours de respecter l&#8217;heure convenue.<\/p>\n<\/div><\/div><div class=\"w-separator size_small\"><\/div><div class=\"w-btn-wrapper align_none\"><a class=\"w-btn us-btn-style_2\" href=\"https:\/\/vandeveldebeton.be\/fr\/contact\/\"><span class=\"w-btn-label\">Passer une commande<\/span><\/a><\/div><div class=\"w-btn-wrapper align_none\"><a class=\"w-btn us-btn-style_1\" href=\"tel:+3252356969\"><span class=\"w-btn-label\">+32 52 35 69 69<\/span><\/a><\/div><\/div><\/div><\/div><\/div><\/div><\/section><section class=\"l-section wpb_row us_custom_1c0c7128 height_auto\"><div class=\"l-section-h i-cf\"><div class=\"g-cols vc_row via_flex valign_top type_default stacking_default\"><div class=\"vc_col-sm-12 wpb_column vc_column_container\"><div class=\"vc_column-inner\"><div class=\"wpb_wrapper\"><div class=\"g-cols wpb_row via_flex valign_top type_default stacking_default\" style=\"--additional-gap:20px;\"><div class=\"vc_col-sm-4 wpb_column vc_column_container has_bg_color\"><div class=\"vc_column-inner us_custom_3b1e8374\"><div class=\"wpb_wrapper\"><div class=\"w-image has_ratio align_center\"><div class=\"w-image-h\"><div style=\"padding-bottom:66.6667%\"><\/div><img decoding=\"async\" width=\"1024\" height=\"682\" src=\"https:\/\/vandeveldebeton.be\/wp-content\/uploads\/2021\/08\/4-asser-1024x682.jpeg\" class=\"attachment-large size-large\" alt=\"Van de Velde Beton Opwijk\" loading=\"lazy\" \/><\/div><\/div><div class=\"wpb_text_column us_custom_56761b8e\"><div class=\"wpb_wrapper\"><h5>4-<span>essieux<\/span><\/h5>\n<p><strong> Charge utile de +\/- 17 tonnes<\/strong><\/p>\n<\/div><\/div><\/div><\/div><\/div><div class=\"vc_col-sm-4 wpb_column vc_column_container has_bg_color\"><div class=\"vc_column-inner us_custom_3b1e8374\"><div class=\"wpb_wrapper\"><div class=\"w-image has_ratio align_center\"><div class=\"w-image-h\"><div style=\"padding-bottom:66.6667%\"><\/div><img decoding=\"async\" width=\"1024\" height=\"682\" src=\"https:\/\/vandeveldebeton.be\/wp-content\/uploads\/2021\/08\/oplegger-met-kraan-1024x682.jpeg\" class=\"attachment-large size-large\" alt=\"Van de Velde Beton transport\" loading=\"lazy\" \/><\/div><\/div><div class=\"wpb_text_column us_custom_56761b8e\"><div class=\"wpb_wrapper\"><h5><strong> Semi-remorque avec grue<\/strong><\/h5>\n<p><strong>Charge utile de +\/- 25 tonnes<\/strong><\/p>\n<\/div><\/div><\/div><\/div><\/div><div class=\"vc_col-sm-4 wpb_column vc_column_container has_bg_color\"><div class=\"vc_column-inner us_custom_3b1e8374\"><div class=\"wpb_wrapper\"><div class=\"w-image has_ratio align_center\"><div class=\"w-image-h\"><div style=\"padding-bottom:66.6667%\"><\/div><img decoding=\"async\" width=\"1024\" height=\"682\" src=\"https:\/\/vandeveldebeton.be\/wp-content\/uploads\/2021\/08\/Vloot-1-1024x682.jpeg\" class=\"attachment-large size-large\" alt=\"Van de Velde Beton\" loading=\"lazy\" \/><\/div><\/div><div class=\"wpb_text_column us_custom_56761b8e\"><div class=\"wpb_wrapper\"><h5><strong> Semi-remorque sans grue<\/strong><\/h5>\n<p><strong>Semi-remorque sans grue : capacit\u00e9 de charge de +\/- 30 tonnes<\/strong><\/p>\n<\/div><\/div><\/div><\/div><\/div><div class=\"vc_col-sm-4 wpb_column vc_column_container has_bg_color\"><div class=\"vc_column-inner us_custom_3b1e8374\"><div class=\"wpb_wrapper\"><div class=\"w-image has_ratio align_center\"><div class=\"w-image-h\"><div style=\"padding-bottom:66.6667%\"><\/div><img decoding=\"async\" width=\"1024\" height=\"682\" src=\"https:\/\/vandeveldebeton.be\/wp-content\/uploads\/2021\/08\/Bulkwagen-1024x682.jpeg\" class=\"attachment-large size-large\" alt=\"Van de Velde Beton bulkwagen\" loading=\"lazy\" \/><\/div><\/div><div class=\"wpb_text_column us_custom_56761b8e\"><div class=\"wpb_wrapper\"><h5><strong> Camion de transport de vrac<\/strong><\/h5>\n<p><strong>Transport de mat\u00e9riaux en vrac<\/strong><\/p>\n<\/div><\/div><\/div><\/div><\/div><\/div><\/div><\/div><\/div><\/div><\/div><\/section>\n","protected":false},"excerpt":{"rendered":"Services La flexibilit\u00e9 et le concept &#8220;Le client est roi&#8221; sont tr\u00e8s appr\u00e9ci\u00e9s par la direction. Il ne fait aucun doute que cela est \u00e9galement attendu de nos employ\u00e9s. Demande de devisTrouvez un placeur Voici comment nous proc\u00e9dons Des accords clairs, un service rapide et des produits de qualit\u00e9 : chez Van de Velde Beton,...","protected":false},"author":1,"featured_media":0,"parent":0,"menu_order":19,"comment_status":"closed","ping_status":"closed","template":"","meta":{"_acf_changed":false,"footnotes":""},"class_list":["post-2521","page","type-page","status-publish","hentry"],"acf":[],"yoast_head":"<!-- This site is optimized with the Yoast SEO plugin v26.6 - https:\/\/yoast.com\/wordpress\/plugins\/seo\/ -->\n<title>Service - Van de Velde Beton<\/title>\n<meta name=\"robots\" content=\"index, follow, max-snippet:-1, max-image-preview:large, max-video-preview:-1\" \/>\n<link rel=\"canonical\" href=\"https:\/\/vandeveldebeton.be\/fr\/service\/\" \/>\n<meta property=\"og:locale\" content=\"fr_FR\" \/>\n<meta property=\"og:type\" content=\"article\" \/>\n<meta property=\"og:title\" content=\"Service - Van de Velde Beton\" \/>\n<meta property=\"og:url\" content=\"https:\/\/vandeveldebeton.be\/fr\/service\/\" \/>\n<meta property=\"og:site_name\" content=\"Van de Velde Beton\" \/>\n<meta property=\"article:modified_time\" content=\"2025-06-24T07:20:56+00:00\" \/>\n<meta name=\"twitter:card\" content=\"summary_large_image\" \/>\n<meta name=\"twitter:label1\" content=\"Dur\u00e9e de lecture est.\" \/>\n\t<meta name=\"twitter:data1\" content=\"1 minute\" \/>\n<script type=\"application\/ld+json\" class=\"yoast-schema-graph\">{\"@context\":\"https:\/\/schema.org\",\"@graph\":[{\"@type\":\"WebPage\",\"@id\":\"https:\/\/vandeveldebeton.be\/fr\/service\/\",\"url\":\"https:\/\/vandeveldebeton.be\/fr\/service\/\",\"name\":\"Service - Van de Velde Beton\",\"isPartOf\":{\"@id\":\"https:\/\/vandeveldebeton.be\/fr\/#website\"},\"datePublished\":\"2021-09-21T12:27:09+00:00\",\"dateModified\":\"2025-06-24T07:20:56+00:00\",\"breadcrumb\":{\"@id\":\"https:\/\/vandeveldebeton.be\/fr\/service\/#breadcrumb\"},\"inLanguage\":\"fr-BE\",\"potentialAction\":[{\"@type\":\"ReadAction\",\"target\":[\"https:\/\/vandeveldebeton.be\/fr\/service\/\"]}]},{\"@type\":\"BreadcrumbList\",\"@id\":\"https:\/\/vandeveldebeton.be\/fr\/service\/#breadcrumb\",\"itemListElement\":[{\"@type\":\"ListItem\",\"position\":1,\"name\":\"Home\",\"item\":\"https:\/\/vandeveldebeton.be\/fr\/\"},{\"@type\":\"ListItem\",\"position\":2,\"name\":\"Service\"}]},{\"@type\":\"WebSite\",\"@id\":\"https:\/\/vandeveldebeton.be\/fr\/#website\",\"url\":\"https:\/\/vandeveldebeton.be\/fr\/\",\"name\":\"Van de Velde Beton\",\"description\":\"\",\"potentialAction\":[{\"@type\":\"SearchAction\",\"target\":{\"@type\":\"EntryPoint\",\"urlTemplate\":\"https:\/\/vandeveldebeton.be\/fr\/?s={search_term_string}\"},\"query-input\":{\"@type\":\"PropertyValueSpecification\",\"valueRequired\":true,\"valueName\":\"search_term_string\"}}],\"inLanguage\":\"fr-BE\"}]}<\/script>\n<!-- \/ Yoast SEO plugin. -->","yoast_head_json":{"title":"Service - Van de Velde Beton","robots":{"index":"index","follow":"follow","max-snippet":"max-snippet:-1","max-image-preview":"max-image-preview:large","max-video-preview":"max-video-preview:-1"},"canonical":"https:\/\/vandeveldebeton.be\/fr\/service\/","og_locale":"fr_FR","og_type":"article","og_title":"Service - Van de Velde Beton","og_url":"https:\/\/vandeveldebeton.be\/fr\/service\/","og_site_name":"Van de Velde Beton","article_modified_time":"2025-06-24T07:20:56+00:00","twitter_card":"summary_large_image","twitter_misc":{"Dur\u00e9e de lecture est.":"1 minute"},"schema":{"@context":"https:\/\/schema.org","@graph":[{"@type":"WebPage","@id":"https:\/\/vandeveldebeton.be\/fr\/service\/","url":"https:\/\/vandeveldebeton.be\/fr\/service\/","name":"Service - Van de Velde Beton","isPartOf":{"@id":"https:\/\/vandeveldebeton.be\/fr\/#website"},"datePublished":"2021-09-21T12:27:09+00:00","dateModified":"2025-06-24T07:20:56+00:00","breadcrumb":{"@id":"https:\/\/vandeveldebeton.be\/fr\/service\/#breadcrumb"},"inLanguage":"fr-BE","potentialAction":[{"@type":"ReadAction","target":["https:\/\/vandeveldebeton.be\/fr\/service\/"]}]},{"@type":"BreadcrumbList","@id":"https:\/\/vandeveldebeton.be\/fr\/service\/#breadcrumb","itemListElement":[{"@type":"ListItem","position":1,"name":"Home","item":"https:\/\/vandeveldebeton.be\/fr\/"},{"@type":"ListItem","position":2,"name":"Service"}]},{"@type":"WebSite","@id":"https:\/\/vandeveldebeton.be\/fr\/#website","url":"https:\/\/vandeveldebeton.be\/fr\/","name":"Van de Velde Beton","description":"","potentialAction":[{"@type":"SearchAction","target":{"@type":"EntryPoint","urlTemplate":"https:\/\/vandeveldebeton.be\/fr\/?s={search_term_string}"},"query-input":{"@type":"PropertyValueSpecification","valueRequired":true,"valueName":"search_term_string"}}],"inLanguage":"fr-BE"}]}},"_links":{"self":[{"href":"https:\/\/vandeveldebeton.be\/fr\/wp-json\/wp\/v2\/pages\/2521","targetHints":{"allow":["GET"]}}],"collection":[{"href":"https:\/\/vandeveldebeton.be\/fr\/wp-json\/wp\/v2\/pages"}],"about":[{"href":"https:\/\/vandeveldebeton.be\/fr\/wp-json\/wp\/v2\/types\/page"}],"author":[{"embeddable":true,"href":"https:\/\/vandeveldebeton.be\/fr\/wp-json\/wp\/v2\/users\/1"}],"replies":[{"embeddable":true,"href":"https:\/\/vandeveldebeton.be\/fr\/wp-json\/wp\/v2\/comments?post=2521"}],"version-history":[{"count":9,"href":"https:\/\/vandeveldebeton.be\/fr\/wp-json\/wp\/v2\/pages\/2521\/revisions"}],"predecessor-version":[{"id":6018,"href":"https:\/\/vandeveldebeton.be\/fr\/wp-json\/wp\/v2\/pages\/2521\/revisions\/6018"}],"wp:attachment":[{"href":"https:\/\/vandeveldebeton.be\/fr\/wp-json\/wp\/v2\/media?parent=2521"}],"curies":[{"name":"wp","href":"https:\/\/api.w.org\/{rel}","templated":true}]}}