{"id":2501,"date":"2021-09-21T09:55:37","date_gmt":"2021-09-21T09:55:37","guid":{"rendered":"https:\/\/vandeveldebeton.be\/?page_id=2501"},"modified":"2024-06-05T13:36:27","modified_gmt":"2024-06-05T12:36:27","slug":"clotures-de-prairie","status":"publish","type":"page","link":"https:\/\/vandeveldebeton.be\/fr\/produits\/clotures\/clotures-de-prairie\/","title":{"rendered":"Cl\u00f4tures de prairie"},"content":{"rendered":"<section class=\"l-section wpb_row coverrow height_auto with_img\"><div class=\"l-section-img\" role=\"img\" aria-label=\"Image\" data-img-width=\"960\" data-img-height=\"640\" style=\"background-image: url(https:\/\/vandeveldebeton.be\/wp-content\/uploads\/2021\/06\/Beton_BG.jpg);\"><\/div><div class=\"l-section-h i-cf\"><div class=\"g-cols vc_row via_flex valign_middle type_default stacking_default\"><div class=\"vc_col-sm-6 wpb_column vc_column_container gallagher\"><div class=\"vc_column-inner\"><div class=\"wpb_wrapper\"><div class=\"wpb_text_column\"><div class=\"wpb_wrapper\"><h1>Cl\u00f4tures de prairie<\/h1>\n<\/div><\/div><div class=\"wpb_text_column\"><div class=\"wpb_wrapper\"><div class=\"product-text\">\n<div class=\"product-text\">\n<div class=\"product-text\">\n<div class=\"product-text\">\n<div class=\"product-text\">\n<p>Une solution rapide et solide pour les prairies. Chaque animal a ses caract\u00e9ristiques et exigences sp\u00e9cifiques. Il existe de nombreuses possibilit\u00e9s de cl\u00f4tures, mais l\u2019entretien et la faisabilit\u00e9 de votre projet sont importants. Pour cl\u00f4turer une prairie, vous avez souvent besoin de dizaines, voire de kilom\u00e8tres de cl\u00f4tures.<\/p>\n<\/div>\n<\/div>\n<\/div>\n<\/div>\n<\/div>\n<\/div><\/div><div class=\"w-btn-wrapper align_none\"><a class=\"w-btn us-btn-style_1\" title=\"Contact\" href=\"https:\/\/vandeveldebeton.be\/fr\/contact\/\"><span class=\"w-btn-label\">Contactez-nous<\/span><\/a><\/div><div class=\"w-separator size_medium\"><\/div><div class=\"w-image align_none\"><a target=\"_blank\" rel=\"nofollow\" href=\"https:\/\/www.gallagher.eu\/fr_be?gad=1&amp;gclid=Cj0KCQjwtO-kBhDIARIsAL6LordhmGMWbD5kMKBYR1clWTSmy0lAYT6KoMnGc9Qy27tEcQeBThRi0HwaAoYuEALw_wcBhttps:\/\/www.gallagher.eu\/fr_be?gad=1&amp;gclid=Cj0KCQjwtO-kBhDIARIsAL6LordhmGMWbD5kMKBYR1clWTSmy0lAYT6KoMnGc9Qy27tEcQeBThRi0HwaAoYuEALw_wcB\" aria-label=\"GallagherT_FC_Orange\" class=\"w-image-h\"><img decoding=\"async\" width=\"1024\" height=\"272\" src=\"https:\/\/vandeveldebeton.be\/wp-content\/uploads\/2023\/06\/GallagherT_FC_Orange-1-1024x272.png\" class=\"attachment-large size-large\" alt=\"\" loading=\"lazy\" srcset=\"https:\/\/vandeveldebeton.be\/wp-content\/uploads\/2023\/06\/GallagherT_FC_Orange-1-1024x272.png 1024w, https:\/\/vandeveldebeton.be\/wp-content\/uploads\/2023\/06\/GallagherT_FC_Orange-1-300x80.png 300w, https:\/\/vandeveldebeton.be\/wp-content\/uploads\/2023\/06\/GallagherT_FC_Orange-1.png 2000w\" sizes=\"auto, (max-width: 1024px) 100vw, 1024px\" \/><\/a><\/div><\/div><\/div><\/div><div class=\"vc_col-sm-6 wpb_column vc_column_container has_bg_color stretched\"><div class=\"vc_column-inner us_custom_3a83c4f1\"><div class=\"wpb_wrapper\"><\/div><\/div><\/div><\/div><\/div><\/section><section class=\"l-section wpb_row us_custom_d2199d32 height_auto\"><div class=\"l-section-h i-cf\"><div class=\"g-cols vc_row via_flex valign_top type_default stacking_default\"><div class=\"vc_col-sm-12 wpb_column vc_column_container\"><div class=\"vc_column-inner\"><div class=\"wpb_wrapper\">[vc_raw_html el_class=&#8221;breadcrumbs&#8221;]JTVCd3BzZW9fYnJlYWRjcnVtYiU1RCUwQQ==[\/vc_raw_html]<\/div><\/div><\/div><\/div><\/div><\/section><section class=\"l-section wpb_row height_auto\"><div class=\"l-section-h i-cf\"><div class=\"g-cols vc_row via_flex valign_top type_default stacking_default\"><div class=\"vc_col-sm-12 wpb_column vc_column_container\"><div class=\"vc_column-inner\"><div class=\"wpb_wrapper\"><div class=\"w-separator size_large\"><\/div><div class=\"w-grid us_grid type_grid layout_612 cols_3 preload_style_spinner ratio_1x1\" id=\"us_grid_1\" style=\"--columns:3;--gap:1.5rem;--item-ratio:1;\" data-filterable=\"true\"><style>@media (max-width:1024px){#us_grid_1{--columns:2!important}}@media (max-width:768px){#us_grid_1{--columns:1!important}}.layout_612 .w-grid-item-h{}.layout_612 .usg_vwrapper_1{transition-duration:0.3s;transform-origin:50% 50%;transform:scale(1.5) translate(0%,0%);opacity:0}.layout_612 .w-grid-item-h:focus-within .usg_vwrapper_1,.layout_612 .w-grid-item-h:hover .usg_vwrapper_1{transform:scale(1) translate(0%,0%);opacity:1;background:rgba(26,26,26,0.80)!important}.layout_612 .usg_vwrapper_1{position:absolute!important;left:0!important;top:0!important;bottom:0!important;right:0!important;padding:2rem!important}.layout_612 .usg_post_image_2{position:absolute!important;left:0!important;top:0!important;bottom:0!important;right:0!important}.layout_612 .usg_post_title_2{color:#ffffff!important;font-size:1.4rem!important}<\/style><div class=\"w-grid-list\">\t<article class=\"w-grid-item size_1x1 post-1951 attachment type-attachment status-inherit hentry\" data-id=\"1951\">\r\n\t\t<div class=\"w-grid-item-h\">\r\n\t\t\t\t\t\t\t<a ref=\"magnificPopupGrid\" href=\"https:\/\/vandeveldebeton.be\/wp-content\/uploads\/2021\/08\/Weidedraad-2-1.jpeg\" class=\"w-grid-item-anchor\" aria-label=\"Weidedraad 2mm * Fil de prairie 2mm\"><\/a>\r\n\t\t\t\t\t\t<div class=\"w-post-elm post_image usg_post_image_2 has_ratio\"><img loading=\"lazy\" decoding=\"async\" width=\"1024\" height=\"1024\" src=\"https:\/\/vandeveldebeton.be\/wp-content\/uploads\/2021\/08\/Weidedraad-2-1-1024x1024.jpeg\" class=\"attachment-large size-large\" alt=\"Weidedraad 2mm * Fil de prairie 2mm\" \/><div style=\"padding-bottom:100%\"><\/div><\/div><div class=\"w-vwrapper usg_vwrapper_1 align_center valign_middle\"><p class=\"w-post-elm post_title usg_post_title_2 has_text_color entry-title color_link_inherit\">Weidedraad 2mm * Fil de prairie 2mm<\/p><\/div>\t\t<\/div>\r\n\t\t\t<\/article>\r\n\t<article class=\"w-grid-item size_1x1 post-1953 attachment type-attachment status-inherit hentry\" data-id=\"1953\">\r\n\t\t<div class=\"w-grid-item-h\">\r\n\t\t\t\t\t\t\t<a ref=\"magnificPopupGrid\" href=\"https:\/\/vandeveldebeton.be\/wp-content\/uploads\/2021\/08\/Weidedraad-3-1.jpeg\" class=\"w-grid-item-anchor\" aria-label=\"Weidedraad 2,4mm * Fil de prairie 2,4mm\"><\/a>\r\n\t\t\t\t\t\t<div class=\"w-post-elm post_image usg_post_image_2 has_ratio\"><img loading=\"lazy\" decoding=\"async\" width=\"1024\" height=\"1024\" src=\"https:\/\/vandeveldebeton.be\/wp-content\/uploads\/2021\/08\/Weidedraad-3-1-1024x1024.jpeg\" class=\"attachment-large size-large\" alt=\"Weidedraad 2,4mm * Fil de prairie 2,4mm\" \/><div style=\"padding-bottom:100%\"><\/div><\/div><div class=\"w-vwrapper usg_vwrapper_1 align_center valign_middle\"><p class=\"w-post-elm post_title usg_post_title_2 has_text_color entry-title color_link_inherit\">Weidedraad 2,4mm * Fil de prairie 2,4mm<\/p><\/div>\t\t<\/div>\r\n\t\t\t<\/article>\r\n\t<article class=\"w-grid-item size_1x1 post-1949 attachment type-attachment status-inherit hentry\" data-id=\"1949\">\r\n\t\t<div class=\"w-grid-item-h\">\r\n\t\t\t\t\t\t\t<a ref=\"magnificPopupGrid\" href=\"https:\/\/vandeveldebeton.be\/wp-content\/uploads\/2021\/08\/Weidedraad-1-1.jpeg\" class=\"w-grid-item-anchor\" aria-label=\"Weidedraad 2,7mm * Fil de prairie 2,7mm\"><\/a>\r\n\t\t\t\t\t\t<div class=\"w-post-elm post_image usg_post_image_2 has_ratio\"><img loading=\"lazy\" decoding=\"async\" width=\"1024\" height=\"1024\" src=\"https:\/\/vandeveldebeton.be\/wp-content\/uploads\/2021\/08\/Weidedraad-1-1-1024x1024.jpeg\" class=\"attachment-large size-large\" alt=\"Weidedraad 2,7mm * Fil de prairie 2,7mm\" \/><div style=\"padding-bottom:100%\"><\/div><\/div><div class=\"w-vwrapper usg_vwrapper_1 align_center valign_middle\"><p class=\"w-post-elm post_title usg_post_title_2 has_text_color entry-title color_link_inherit\">Weidedraad 2,7mm * Fil de prairie 2,7mm<\/p><\/div>\t\t<\/div>\r\n\t\t\t<\/article>\r\n\t<article class=\"w-grid-item size_1x1 post-1947 attachment type-attachment status-inherit hentry\" data-id=\"1947\">\r\n\t\t<div class=\"w-grid-item-h\">\r\n\t\t\t\t\t\t\t<a ref=\"magnificPopupGrid\" href=\"https:\/\/vandeveldebeton.be\/wp-content\/uploads\/2021\/08\/Weideafsluiting-41-1.jpeg\" class=\"w-grid-item-anchor\" aria-label=\"Weideafsluitingen * Cl\u00f4ture de prairie\"><\/a>\r\n\t\t\t\t\t\t<div class=\"w-post-elm post_image usg_post_image_2 has_ratio\"><img loading=\"lazy\" decoding=\"async\" width=\"1024\" height=\"768\" src=\"https:\/\/vandeveldebeton.be\/wp-content\/uploads\/2021\/08\/Weideafsluiting-41-1-1024x768.jpeg\" class=\"attachment-large size-large\" alt=\"Weideafsluitingen * Cl\u00f4ture de prairie\" \/><div style=\"padding-bottom:100%\"><\/div><\/div><div class=\"w-vwrapper usg_vwrapper_1 align_center valign_middle\"><p class=\"w-post-elm post_title usg_post_title_2 has_text_color entry-title color_link_inherit\">Weideafsluitingen * Cl\u00f4ture de prairie<\/p><\/div>\t\t<\/div>\r\n\t\t\t<\/article>\r\n\t<article class=\"w-grid-item size_1x1 post-1945 attachment type-attachment status-inherit hentry\" data-id=\"1945\">\r\n\t\t<div class=\"w-grid-item-h\">\r\n\t\t\t\t\t\t\t<a ref=\"magnificPopupGrid\" href=\"https:\/\/vandeveldebeton.be\/wp-content\/uploads\/2021\/08\/Weideafsluiting-38-1.jpeg\" class=\"w-grid-item-anchor\" aria-label=\"Weideafsluiting beton * Cl\u00f4ture de prairie\"><\/a>\r\n\t\t\t\t\t\t<div class=\"w-post-elm post_image usg_post_image_2 has_ratio\"><img loading=\"lazy\" decoding=\"async\" width=\"768\" height=\"1024\" src=\"https:\/\/vandeveldebeton.be\/wp-content\/uploads\/2021\/08\/Weideafsluiting-38-1-768x1024.jpeg\" class=\"attachment-large size-large\" alt=\"Weideafsluiting beton * Cl\u00f4ture de prairie\" \/><div style=\"padding-bottom:100%\"><\/div><\/div><div class=\"w-vwrapper usg_vwrapper_1 align_center valign_middle\"><p class=\"w-post-elm post_title usg_post_title_2 has_text_color entry-title color_link_inherit\">Weideafsluiting beton * Cl\u00f4ture de prairie<\/p><\/div>\t\t<\/div>\r\n\t\t\t<\/article>\r\n\t<article class=\"w-grid-item size_1x1 post-1943 attachment type-attachment status-inherit hentry\" data-id=\"1943\">\r\n\t\t<div class=\"w-grid-item-h\">\r\n\t\t\t\t\t\t\t<a ref=\"magnificPopupGrid\" href=\"https:\/\/vandeveldebeton.be\/wp-content\/uploads\/2021\/08\/Weideafsluiting-28-1.jpeg\" class=\"w-grid-item-anchor\" aria-label=\"Weideafsluiting betonpalen * Cl\u00f4ture de prairie\"><\/a>\r\n\t\t\t\t\t\t<div class=\"w-post-elm post_image usg_post_image_2 has_ratio\"><img loading=\"lazy\" decoding=\"async\" width=\"1024\" height=\"768\" src=\"https:\/\/vandeveldebeton.be\/wp-content\/uploads\/2021\/08\/Weideafsluiting-28-1-1024x768.jpeg\" class=\"attachment-large size-large\" alt=\"Weideafsluiting betonpalen * Cl\u00f4ture de prairie\" \/><div style=\"padding-bottom:100%\"><\/div><\/div><div class=\"w-vwrapper usg_vwrapper_1 align_center valign_middle\"><p class=\"w-post-elm post_title usg_post_title_2 has_text_color entry-title color_link_inherit\">Weideafsluiting betonpalen * Cl\u00f4ture de prairie<\/p><\/div>\t\t<\/div>\r\n\t\t\t<\/article>\r\n\t<article class=\"w-grid-item size_1x1 post-1941 attachment type-attachment status-inherit hentry\" data-id=\"1941\">\r\n\t\t<div class=\"w-grid-item-h\">\r\n\t\t\t\t\t\t\t<a ref=\"magnificPopupGrid\" href=\"https:\/\/vandeveldebeton.be\/wp-content\/uploads\/2021\/08\/Weideafsluiting-6-1.jpeg\" class=\"w-grid-item-anchor\" aria-label=\"Weideafsluitingen * Cl\u00f4ture de prairie\"><\/a>\r\n\t\t\t\t\t\t<div class=\"w-post-elm post_image usg_post_image_2 has_ratio\"><img loading=\"lazy\" decoding=\"async\" width=\"800\" height=\"800\" src=\"https:\/\/vandeveldebeton.be\/wp-content\/uploads\/2021\/08\/Weideafsluiting-6-1.jpeg\" class=\"attachment-large size-large\" alt=\"Weideafsluitingen * Cl\u00f4ture de prairie\" \/><div style=\"padding-bottom:100%\"><\/div><\/div><div class=\"w-vwrapper usg_vwrapper_1 align_center valign_middle\"><p class=\"w-post-elm post_title usg_post_title_2 has_text_color entry-title color_link_inherit\">Weideafsluitingen * Cl\u00f4ture de prairie<\/p><\/div>\t\t<\/div>\r\n\t\t\t<\/article>\r\n\t<article class=\"w-grid-item size_1x1 post-1939 attachment type-attachment status-inherit hentry\" data-id=\"1939\">\r\n\t\t<div class=\"w-grid-item-h\">\r\n\t\t\t\t\t\t\t<a ref=\"magnificPopupGrid\" href=\"https:\/\/vandeveldebeton.be\/wp-content\/uploads\/2021\/08\/Weideafsluiting-3-1-scaled.jpeg\" class=\"w-grid-item-anchor\" aria-label=\"Weideafsluiting * Cl\u00f4ture de prairie\"><\/a>\r\n\t\t\t\t\t\t<div class=\"w-post-elm post_image usg_post_image_2 has_ratio\"><img loading=\"lazy\" decoding=\"async\" width=\"768\" height=\"1024\" src=\"https:\/\/vandeveldebeton.be\/wp-content\/uploads\/2021\/08\/Weideafsluiting-3-1-768x1024.jpeg\" class=\"attachment-large size-large\" alt=\"Weideafsluiting * Cl\u00f4ture de prairie\" \/><div style=\"padding-bottom:100%\"><\/div><\/div><div class=\"w-vwrapper usg_vwrapper_1 align_center valign_middle\"><p class=\"w-post-elm post_title usg_post_title_2 has_text_color entry-title color_link_inherit\">Weideafsluiting * Cl\u00f4ture de prairie<\/p><\/div>\t\t<\/div>\r\n\t\t\t<\/article>\r\n\t<article class=\"w-grid-item size_1x1 post-1937 attachment type-attachment status-inherit hentry\" data-id=\"1937\">\r\n\t\t<div class=\"w-grid-item-h\">\r\n\t\t\t\t\t\t\t<a ref=\"magnificPopupGrid\" href=\"https:\/\/vandeveldebeton.be\/wp-content\/uploads\/2021\/08\/Ursus-light-2-1.jpeg\" class=\"w-grid-item-anchor\" aria-label=\"hekwerk Ursus light\"><\/a>\r\n\t\t\t\t\t\t<div class=\"w-post-elm post_image usg_post_image_2 has_ratio\"><img loading=\"lazy\" decoding=\"async\" width=\"1024\" height=\"1024\" src=\"https:\/\/vandeveldebeton.be\/wp-content\/uploads\/2021\/08\/Ursus-light-2-1-1024x1024.jpeg\" class=\"attachment-large size-large\" alt=\"hekwerk Ursus light\" \/><div style=\"padding-bottom:100%\"><\/div><\/div><div class=\"w-vwrapper usg_vwrapper_1 align_center valign_middle\"><p class=\"w-post-elm post_title usg_post_title_2 has_text_color entry-title color_link_inherit\">hekwerk Ursus light<\/p><\/div>\t\t<\/div>\r\n\t\t\t<\/article>\r\n\t<article class=\"w-grid-item size_1x1 post-1935 attachment type-attachment status-inherit hentry\" data-id=\"1935\">\r\n\t\t<div class=\"w-grid-item-h\">\r\n\t\t\t\t\t\t\t<a ref=\"magnificPopupGrid\" href=\"https:\/\/vandeveldebeton.be\/wp-content\/uploads\/2021\/08\/Ursus-heavy-2-1.jpeg\" class=\"w-grid-item-anchor\" aria-label=\"hekwerk Ursus Heavy\"><\/a>\r\n\t\t\t\t\t\t<div class=\"w-post-elm post_image usg_post_image_2 has_ratio\"><img loading=\"lazy\" decoding=\"async\" width=\"1024\" height=\"1024\" src=\"https:\/\/vandeveldebeton.be\/wp-content\/uploads\/2021\/08\/Ursus-heavy-2-1-1024x1024.jpeg\" class=\"attachment-large size-large\" alt=\"hekwerk Ursus Heavy\" \/><div style=\"padding-bottom:100%\"><\/div><\/div><div class=\"w-vwrapper usg_vwrapper_1 align_center valign_middle\"><p class=\"w-post-elm post_title usg_post_title_2 has_text_color entry-title color_link_inherit\">hekwerk Ursus Heavy<\/p><\/div>\t\t<\/div>\r\n\t\t\t<\/article>\r\n\t<article class=\"w-grid-item size_1x1 post-1933 attachment type-attachment status-inherit hentry\" data-id=\"1933\">\r\n\t\t<div class=\"w-grid-item-h\">\r\n\t\t\t\t\t\t\t<a ref=\"magnificPopupGrid\" href=\"https:\/\/vandeveldebeton.be\/wp-content\/uploads\/2021\/08\/prikkeldraad-1.jpeg\" class=\"w-grid-item-anchor\" aria-label=\"Prikkeldraad * Fil de fer barbel\u00e9\"><\/a>\r\n\t\t\t\t\t\t<div class=\"w-post-elm post_image usg_post_image_2 has_ratio\"><img loading=\"lazy\" decoding=\"async\" width=\"1024\" height=\"1024\" src=\"https:\/\/vandeveldebeton.be\/wp-content\/uploads\/2021\/08\/prikkeldraad-1-1024x1024.jpeg\" class=\"attachment-large size-large\" alt=\"Prikkeldraad * Fil de fer barbel\u00e9\" \/><div style=\"padding-bottom:100%\"><\/div><\/div><div class=\"w-vwrapper usg_vwrapper_1 align_center valign_middle\"><p class=\"w-post-elm post_title usg_post_title_2 has_text_color entry-title color_link_inherit\">Prikkeldraad * Fil de fer barbel\u00e9<\/p><\/div>\t\t<\/div>\r\n\t\t\t<\/article>\r\n<\/div>\t<div class=\"w-grid-preloader\">\r\n\t\t<div class=\"g-preloader type_1\">\r\n\t\t\t<div><\/div>\r\n\t\t<\/div>\r\n\t<\/div>\r\n\t\t<div class=\"w-grid-json hidden\" onclick='return {&quot;action&quot;:&quot;us_ajax_grid&quot;,&quot;infinite_scroll&quot;:0,&quot;max_num_pages&quot;:1,&quot;pagination&quot;:&quot;none&quot;,&quot;template_vars&quot;:{&quot;columns&quot;:&quot;3&quot;,&quot;exclude_items&quot;:&quot;none&quot;,&quot;img_size&quot;:&quot;default&quot;,&quot;ignore_items_size&quot;:0,&quot;items_layout&quot;:&quot;612&quot;,&quot;items_offset&quot;:&quot;1&quot;,&quot;load_animation&quot;:&quot;none&quot;,&quot;overriding_link&quot;:&quot;%7B%22type%22%3A%22popup_image%22%7D&quot;,&quot;post_id&quot;:0,&quot;query_args&quot;:{&quot;post_type&quot;:[&quot;attachment&quot;],&quot;post__in&quot;:[&quot;1952&quot;,&quot;1950&quot;,&quot;1948&quot;,&quot;1946&quot;,&quot;1944&quot;,&quot;1942&quot;,&quot;1940&quot;,&quot;1938&quot;,&quot;1936&quot;,&quot;1934&quot;,&quot;1932&quot;],&quot;post_status&quot;:&quot;inherit&quot;,&quot;post_mime_type&quot;:&quot;image&quot;,&quot;posts_per_page&quot;:999},&quot;orderby_query_args&quot;:{&quot;orderby&quot;:{&quot;date&quot;:&quot;DESC&quot;}},&quot;type&quot;:&quot;grid&quot;,&quot;us_grid_post_type&quot;:&quot;attachment&quot;,&quot;us_grid_ajax_index&quot;:1,&quot;us_grid_filter_query_string&quot;:null,&quot;us_grid_index&quot;:1,&quot;page_args&quot;:[],&quot;lang&quot;:&quot;fr&quot;}}'><\/div>\r\n\t<\/div><div class=\"w-separator size_large\"><\/div><\/div><\/div><\/div><\/div><\/div><\/section>\n","protected":false},"excerpt":{"rendered":"","protected":false},"author":1,"featured_media":1945,"parent":2477,"menu_order":6,"comment_status":"closed","ping_status":"closed","template":"","meta":{"_acf_changed":false,"footnotes":""},"class_list":["post-2501","page","type-page","status-publish","has-post-thumbnail","hentry"],"acf":[],"yoast_head":"<!-- This site is optimized with the Yoast SEO plugin v26.6 - https:\/\/yoast.com\/wordpress\/plugins\/seo\/ -->\n<title>Cl\u00f4tures de prairie - Van de Velde Beton<\/title>\n<meta name=\"robots\" content=\"index, follow, max-snippet:-1, max-image-preview:large, max-video-preview:-1\" \/>\n<link rel=\"canonical\" href=\"https:\/\/vandeveldebeton.be\/fr\/produits\/clotures\/clotures-de-prairie\/\" \/>\n<meta property=\"og:locale\" content=\"fr_FR\" \/>\n<meta property=\"og:type\" content=\"article\" \/>\n<meta property=\"og:title\" content=\"Cl\u00f4tures de prairie - Van de Velde Beton\" \/>\n<meta property=\"og:url\" content=\"https:\/\/vandeveldebeton.be\/fr\/produits\/clotures\/clotures-de-prairie\/\" \/>\n<meta property=\"og:site_name\" content=\"Van de Velde Beton\" \/>\n<meta property=\"article:modified_time\" content=\"2024-06-05T12:36:27+00:00\" \/>\n<meta property=\"og:image\" content=\"https:\/\/vandeveldebeton.be\/wp-content\/uploads\/2021\/08\/Weideafsluiting-38-1.jpeg\" \/>\n\t<meta property=\"og:image:width\" content=\"1920\" \/>\n\t<meta property=\"og:image:height\" content=\"2560\" \/>\n\t<meta property=\"og:image:type\" content=\"image\/jpeg\" \/>\n<meta name=\"twitter:card\" content=\"summary_large_image\" \/>\n<meta name=\"twitter:label1\" content=\"Dur\u00e9e de lecture est.\" \/>\n\t<meta name=\"twitter:data1\" content=\"1 minute\" \/>\n<script type=\"application\/ld+json\" class=\"yoast-schema-graph\">{\"@context\":\"https:\/\/schema.org\",\"@graph\":[{\"@type\":\"WebPage\",\"@id\":\"https:\/\/vandeveldebeton.be\/fr\/produits\/clotures\/clotures-de-prairie\/\",\"url\":\"https:\/\/vandeveldebeton.be\/fr\/produits\/clotures\/clotures-de-prairie\/\",\"name\":\"Cl\u00f4tures de prairie - Van de Velde Beton\",\"isPartOf\":{\"@id\":\"https:\/\/vandeveldebeton.be\/fr\/#website\"},\"primaryImageOfPage\":{\"@id\":\"https:\/\/vandeveldebeton.be\/fr\/produits\/clotures\/clotures-de-prairie\/#primaryimage\"},\"image\":{\"@id\":\"https:\/\/vandeveldebeton.be\/fr\/produits\/clotures\/clotures-de-prairie\/#primaryimage\"},\"thumbnailUrl\":\"https:\/\/vandeveldebeton.be\/wp-content\/uploads\/2021\/08\/Weideafsluiting-38-1.jpeg\",\"datePublished\":\"2021-09-21T09:55:37+00:00\",\"dateModified\":\"2024-06-05T12:36:27+00:00\",\"breadcrumb\":{\"@id\":\"https:\/\/vandeveldebeton.be\/fr\/produits\/clotures\/clotures-de-prairie\/#breadcrumb\"},\"inLanguage\":\"fr-BE\",\"potentialAction\":[{\"@type\":\"ReadAction\",\"target\":[\"https:\/\/vandeveldebeton.be\/fr\/produits\/clotures\/clotures-de-prairie\/\"]}]},{\"@type\":\"ImageObject\",\"inLanguage\":\"fr-BE\",\"@id\":\"https:\/\/vandeveldebeton.be\/fr\/produits\/clotures\/clotures-de-prairie\/#primaryimage\",\"url\":\"https:\/\/vandeveldebeton.be\/wp-content\/uploads\/2021\/08\/Weideafsluiting-38-1.jpeg\",\"contentUrl\":\"https:\/\/vandeveldebeton.be\/wp-content\/uploads\/2021\/08\/Weideafsluiting-38-1.jpeg\",\"width\":1920,\"height\":2560,\"caption\":\"Weideafsluiting beton * Cl\u00f4ture de prairie\"},{\"@type\":\"BreadcrumbList\",\"@id\":\"https:\/\/vandeveldebeton.be\/fr\/produits\/clotures\/clotures-de-prairie\/#breadcrumb\",\"itemListElement\":[{\"@type\":\"ListItem\",\"position\":1,\"name\":\"Home\",\"item\":\"https:\/\/vandeveldebeton.be\/fr\/\"},{\"@type\":\"ListItem\",\"position\":2,\"name\":\"Produits\",\"item\":\"https:\/\/vandeveldebeton.be\/fr\/produits\/\"},{\"@type\":\"ListItem\",\"position\":3,\"name\":\"Cl\u00f4tures\",\"item\":\"https:\/\/vandeveldebeton.be\/fr\/produits\/clotures\/\"},{\"@type\":\"ListItem\",\"position\":4,\"name\":\"Cl\u00f4tures de prairie\"}]},{\"@type\":\"WebSite\",\"@id\":\"https:\/\/vandeveldebeton.be\/fr\/#website\",\"url\":\"https:\/\/vandeveldebeton.be\/fr\/\",\"name\":\"Van de Velde Beton\",\"description\":\"\",\"potentialAction\":[{\"@type\":\"SearchAction\",\"target\":{\"@type\":\"EntryPoint\",\"urlTemplate\":\"https:\/\/vandeveldebeton.be\/fr\/?s={search_term_string}\"},\"query-input\":{\"@type\":\"PropertyValueSpecification\",\"valueRequired\":true,\"valueName\":\"search_term_string\"}}],\"inLanguage\":\"fr-BE\"}]}<\/script>\n<!-- \/ Yoast SEO plugin. -->","yoast_head_json":{"title":"Cl\u00f4tures de prairie - Van de Velde Beton","robots":{"index":"index","follow":"follow","max-snippet":"max-snippet:-1","max-image-preview":"max-image-preview:large","max-video-preview":"max-video-preview:-1"},"canonical":"https:\/\/vandeveldebeton.be\/fr\/produits\/clotures\/clotures-de-prairie\/","og_locale":"fr_FR","og_type":"article","og_title":"Cl\u00f4tures de prairie - Van de Velde Beton","og_url":"https:\/\/vandeveldebeton.be\/fr\/produits\/clotures\/clotures-de-prairie\/","og_site_name":"Van de Velde Beton","article_modified_time":"2024-06-05T12:36:27+00:00","og_image":[{"width":1920,"height":2560,"url":"https:\/\/vandeveldebeton.be\/wp-content\/uploads\/2021\/08\/Weideafsluiting-38-1.jpeg","type":"image\/jpeg"}],"twitter_card":"summary_large_image","twitter_misc":{"Dur\u00e9e de lecture est.":"1 minute"},"schema":{"@context":"https:\/\/schema.org","@graph":[{"@type":"WebPage","@id":"https:\/\/vandeveldebeton.be\/fr\/produits\/clotures\/clotures-de-prairie\/","url":"https:\/\/vandeveldebeton.be\/fr\/produits\/clotures\/clotures-de-prairie\/","name":"Cl\u00f4tures de prairie - Van de Velde Beton","isPartOf":{"@id":"https:\/\/vandeveldebeton.be\/fr\/#website"},"primaryImageOfPage":{"@id":"https:\/\/vandeveldebeton.be\/fr\/produits\/clotures\/clotures-de-prairie\/#primaryimage"},"image":{"@id":"https:\/\/vandeveldebeton.be\/fr\/produits\/clotures\/clotures-de-prairie\/#primaryimage"},"thumbnailUrl":"https:\/\/vandeveldebeton.be\/wp-content\/uploads\/2021\/08\/Weideafsluiting-38-1.jpeg","datePublished":"2021-09-21T09:55:37+00:00","dateModified":"2024-06-05T12:36:27+00:00","breadcrumb":{"@id":"https:\/\/vandeveldebeton.be\/fr\/produits\/clotures\/clotures-de-prairie\/#breadcrumb"},"inLanguage":"fr-BE","potentialAction":[{"@type":"ReadAction","target":["https:\/\/vandeveldebeton.be\/fr\/produits\/clotures\/clotures-de-prairie\/"]}]},{"@type":"ImageObject","inLanguage":"fr-BE","@id":"https:\/\/vandeveldebeton.be\/fr\/produits\/clotures\/clotures-de-prairie\/#primaryimage","url":"https:\/\/vandeveldebeton.be\/wp-content\/uploads\/2021\/08\/Weideafsluiting-38-1.jpeg","contentUrl":"https:\/\/vandeveldebeton.be\/wp-content\/uploads\/2021\/08\/Weideafsluiting-38-1.jpeg","width":1920,"height":2560,"caption":"Weideafsluiting beton * Cl\u00f4ture de prairie"},{"@type":"BreadcrumbList","@id":"https:\/\/vandeveldebeton.be\/fr\/produits\/clotures\/clotures-de-prairie\/#breadcrumb","itemListElement":[{"@type":"ListItem","position":1,"name":"Home","item":"https:\/\/vandeveldebeton.be\/fr\/"},{"@type":"ListItem","position":2,"name":"Produits","item":"https:\/\/vandeveldebeton.be\/fr\/produits\/"},{"@type":"ListItem","position":3,"name":"Cl\u00f4tures","item":"https:\/\/vandeveldebeton.be\/fr\/produits\/clotures\/"},{"@type":"ListItem","position":4,"name":"Cl\u00f4tures de prairie"}]},{"@type":"WebSite","@id":"https:\/\/vandeveldebeton.be\/fr\/#website","url":"https:\/\/vandeveldebeton.be\/fr\/","name":"Van de Velde Beton","description":"","potentialAction":[{"@type":"SearchAction","target":{"@type":"EntryPoint","urlTemplate":"https:\/\/vandeveldebeton.be\/fr\/?s={search_term_string}"},"query-input":{"@type":"PropertyValueSpecification","valueRequired":true,"valueName":"search_term_string"}}],"inLanguage":"fr-BE"}]}},"_links":{"self":[{"href":"https:\/\/vandeveldebeton.be\/fr\/wp-json\/wp\/v2\/pages\/2501","targetHints":{"allow":["GET"]}}],"collection":[{"href":"https:\/\/vandeveldebeton.be\/fr\/wp-json\/wp\/v2\/pages"}],"about":[{"href":"https:\/\/vandeveldebeton.be\/fr\/wp-json\/wp\/v2\/types\/page"}],"author":[{"embeddable":true,"href":"https:\/\/vandeveldebeton.be\/fr\/wp-json\/wp\/v2\/users\/1"}],"replies":[{"embeddable":true,"href":"https:\/\/vandeveldebeton.be\/fr\/wp-json\/wp\/v2\/comments?post=2501"}],"version-history":[{"count":6,"href":"https:\/\/vandeveldebeton.be\/fr\/wp-json\/wp\/v2\/pages\/2501\/revisions"}],"predecessor-version":[{"id":4633,"href":"https:\/\/vandeveldebeton.be\/fr\/wp-json\/wp\/v2\/pages\/2501\/revisions\/4633"}],"up":[{"embeddable":true,"href":"https:\/\/vandeveldebeton.be\/fr\/wp-json\/wp\/v2\/pages\/2477"}],"wp:featuredmedia":[{"embeddable":true,"href":"https:\/\/vandeveldebeton.be\/fr\/wp-json\/wp\/v2\/media\/1945"}],"wp:attachment":[{"href":"https:\/\/vandeveldebeton.be\/fr\/wp-json\/wp\/v2\/media?parent=2501"}],"curies":[{"name":"wp","href":"https:\/\/api.w.org\/{rel}","templated":true}]}}