{"id":2437,"date":"2021-09-21T08:16:03","date_gmt":"2021-09-21T08:16:03","guid":{"rendered":"https:\/\/vandeveldebeton.be\/?page_id=2437"},"modified":"2024-06-05T13:31:32","modified_gmt":"2024-06-05T12:31:32","slug":"couvercles-et-avaloirs","status":"publish","type":"page","link":"https:\/\/vandeveldebeton.be\/fr\/produits\/pavage-et-construction-de-routes\/couvercles-et-avaloirs\/","title":{"rendered":"Couvercles et avaloirs"},"content":{"rendered":"<section class=\"l-section wpb_row coverrow height_auto with_img\"><div class=\"l-section-img\" role=\"img\" aria-label=\"Image\" data-img-width=\"960\" data-img-height=\"640\" style=\"background-image: url(https:\/\/vandeveldebeton.be\/wp-content\/uploads\/2021\/06\/Beton_BG.jpg);\"><\/div><div class=\"l-section-h i-cf\"><div class=\"g-cols vc_row via_flex valign_middle type_default stacking_default\"><div class=\"vc_col-sm-6 wpb_column vc_column_container\"><div class=\"vc_column-inner\"><div class=\"wpb_wrapper\"><div class=\"wpb_text_column\"><div class=\"wpb_wrapper\"><h1>Couvercles et avaloirs<\/h1>\n<\/div><\/div><div class=\"wpb_text_column\"><div class=\"wpb_wrapper\"><div class=\"wrap container\" role=\"document\">\n<div class=\"content\">\n<div class=\"wrap container\" role=\"document\">\n<div class=\"content\">\n<div class=\"wrap container\" role=\"document\">\n<div class=\"content\">\n<p>Garder un puits, un tube ou une espace sous le sol accessible n\u2019est pas un probl\u00e8me si vous utilisez un couvercle. La finition discr\u00e8te d\u2019un couvercle \u00e0 paver ou la robustesse d\u2019un trappillon? D\u00e9couvrez notre vaste gamme de produits en stock.<\/p>\n<\/div>\n<\/div>\n<\/div>\n<\/div>\n<\/div>\n<\/div>\n<\/div><\/div><div class=\"w-btn-wrapper align_none\"><a class=\"w-btn us-btn-style_1\" title=\"Contact\" href=\"https:\/\/vandeveldebeton.be\/fr\/contact\/\"><span class=\"w-btn-label\">Contactez-nous<\/span><\/a><\/div><\/div><\/div><\/div><div class=\"vc_col-sm-6 wpb_column vc_column_container has_bg_color stretched\"><div class=\"vc_column-inner us_custom_ca11389e\"><div class=\"wpb_wrapper\"><\/div><\/div><\/div><\/div><\/div><\/section><section class=\"l-section wpb_row us_custom_d2199d32 height_auto\"><div class=\"l-section-h i-cf\"><div class=\"g-cols vc_row via_flex valign_top type_default stacking_default\"><div class=\"vc_col-sm-12 wpb_column vc_column_container\"><div class=\"vc_column-inner\"><div class=\"wpb_wrapper\">[vc_raw_html el_class=&#8221;breadcrumbs&#8221;]JTVCd3BzZW9fYnJlYWRjcnVtYiU1RCUwQQ==[\/vc_raw_html]<\/div><\/div><\/div><\/div><\/div><\/section><section class=\"l-section wpb_row height_auto\"><div class=\"l-section-h i-cf\"><div class=\"g-cols vc_row via_flex valign_top type_default stacking_default\"><div class=\"vc_col-sm-12 wpb_column vc_column_container\"><div class=\"vc_column-inner\"><div class=\"wpb_wrapper\"><div class=\"w-separator size_large\"><\/div><div class=\"wpb_text_column\"><div class=\"wpb_wrapper\"><h2>Produits<\/h2>\n<\/div><\/div><div class=\"w-separator size_small\"><\/div><div class=\"w-grid us_grid type_grid layout_110 cols_3 overflow_hidden preload_style_spinner\" id=\"us_grid_1\" style=\"--columns:3;--gap:1.5rem;\"><style>@media (max-width:1024px){#us_grid_1{--columns:2!important}}@media (max-width:768px){#us_grid_1{--columns:1!important}}.layout_110 .w-grid-item-h{background:#EBEBEB}.layout_110 .usg_post_image_1{transition-duration:0.3s;transform-origin:50% 50%;transform:scale(1) translate(0%,0%)}.layout_110 .w-grid-item-h:focus-within .usg_post_image_1,.layout_110 .w-grid-item-h:hover .usg_post_image_1{transform:scale(1) translate(0%,0%);opacity:0.8;background:#EBEBEB!important}.layout_110 .usg_post_image_1{position:static!important}.layout_110 .usg_post_title_2{padding-top:50px!important;padding-bottom:50px!important;position:static!important}<\/style><div class=\"w-grid-list\">\t<article class=\"w-grid-item size_1x1 post-2442 page type-page status-publish has-post-thumbnail hentry\" data-id=\"2442\">\r\n\t\t<div class=\"w-grid-item-h\">\r\n\t\t\t\t\t\t\t<a href=\"https:\/\/vandeveldebeton.be\/fr\/produits\/pavage-et-construction-de-routes\/couvercles-et-avaloirs\/couvercles-a-paver\/\" class=\"w-grid-item-anchor\" aria-label=\"Couvercles \u00e0 paver\"><\/a>\r\n\t\t\t\t\t\t<div class=\"w-post-elm post_image usg_post_image_1 has_ratio\"><img loading=\"lazy\" decoding=\"async\" width=\"592\" height=\"592\" src=\"https:\/\/vandeveldebeton.be\/wp-content\/uploads\/2021\/08\/Klinkerdeksel-galvanise\u0301.jpeg\" class=\"attachment-large size-large wp-post-image\" alt=\"\" \/><div style=\"padding-bottom:72.4074%\"><\/div><\/div><h5 class=\"w-post-elm post_title usg_post_title_2 align_center entry-title color_link_inherit\">Couvercles \u00e0 paver<\/h5>\t\t<\/div>\r\n\t\t\t<\/article>\r\n\t<article class=\"w-grid-item size_1x1 post-2444 page type-page status-publish has-post-thumbnail hentry\" data-id=\"2444\">\r\n\t\t<div class=\"w-grid-item-h\">\r\n\t\t\t\t\t\t\t<a href=\"https:\/\/vandeveldebeton.be\/fr\/produits\/pavage-et-construction-de-routes\/couvercles-et-avaloirs\/couvercles-et-grilles\/\" class=\"w-grid-item-anchor\" aria-label=\"Couvercles et grilles\"><\/a>\r\n\t\t\t\t\t\t<div class=\"w-post-elm post_image usg_post_image_1 has_ratio\"><img loading=\"lazy\" decoding=\"async\" width=\"592\" height=\"592\" src=\"https:\/\/vandeveldebeton.be\/wp-content\/uploads\/2021\/08\/aluminium-deksel-met-dubbel-bodem.jpeg\" class=\"attachment-large size-large wp-post-image\" alt=\"\" \/><div style=\"padding-bottom:72.4074%\"><\/div><\/div><h5 class=\"w-post-elm post_title usg_post_title_2 align_center entry-title color_link_inherit\">Couvercles et grilles<\/h5>\t\t<\/div>\r\n\t\t\t<\/article>\r\n\t<article class=\"w-grid-item size_1x1 post-2446 page type-page status-publish has-post-thumbnail hentry\" data-id=\"2446\">\r\n\t\t<div class=\"w-grid-item-h\">\r\n\t\t\t\t\t\t\t<a href=\"https:\/\/vandeveldebeton.be\/fr\/produits\/pavage-et-construction-de-routes\/couvercles-et-avaloirs\/trappillons-de-chaussee\/\" class=\"w-grid-item-anchor\" aria-label=\"Trappillons de chauss\u00e9e\"><\/a>\r\n\t\t\t\t\t\t<div class=\"w-post-elm post_image usg_post_image_1 has_ratio\"><img loading=\"lazy\" decoding=\"async\" width=\"592\" height=\"592\" src=\"https:\/\/vandeveldebeton.be\/wp-content\/uploads\/2021\/08\/Rijwegdeksel-Via4.jpeg\" class=\"attachment-large size-large wp-post-image\" alt=\"\" \/><div style=\"padding-bottom:72.4074%\"><\/div><\/div><h5 class=\"w-post-elm post_title usg_post_title_2 align_center entry-title color_link_inherit\">Trappillons de chauss\u00e9e<\/h5>\t\t<\/div>\r\n\t\t\t<\/article>\r\n\t<article class=\"w-grid-item size_1x1 post-2428 page type-page status-publish has-post-thumbnail hentry\" data-id=\"2428\">\r\n\t\t<div class=\"w-grid-item-h\">\r\n\t\t\t\t\t\t\t<a href=\"https:\/\/vandeveldebeton.be\/fr\/produits\/pavage-et-construction-de-routes\/caniveaux-et-avaloirs\/avaloirs\/\" class=\"w-grid-item-anchor\" aria-label=\"Avaloirs\"><\/a>\r\n\t\t\t\t\t\t<div class=\"w-post-elm post_image usg_post_image_1 has_ratio\"><img loading=\"lazy\" decoding=\"async\" width=\"500\" height=\"333\" src=\"https:\/\/vandeveldebeton.be\/wp-content\/uploads\/2021\/08\/11-A5.jpeg\" class=\"attachment-large size-large wp-post-image\" alt=\"\" \/><div style=\"padding-bottom:72.4074%\"><\/div><\/div><h5 class=\"w-post-elm post_title usg_post_title_2 align_center entry-title color_link_inherit\">Avaloirs<\/h5>\t\t<\/div>\r\n\t\t\t<\/article>\r\n\t<article class=\"w-grid-item size_1x1 post-2448 page type-page status-publish has-post-thumbnail hentry\" data-id=\"2448\">\r\n\t\t<div class=\"w-grid-item-h\">\r\n\t\t\t\t\t\t\t<a href=\"https:\/\/vandeveldebeton.be\/fr\/produits\/pavage-et-construction-de-routes\/couvercles-et-avaloirs\/rehausses-en-beton\/\" class=\"w-grid-item-anchor\" aria-label=\"Rehausses en beton\"><\/a>\r\n\t\t\t\t\t\t<div class=\"w-post-elm post_image usg_post_image_1 has_ratio\"><img loading=\"lazy\" decoding=\"async\" width=\"591\" height=\"591\" src=\"https:\/\/vandeveldebeton.be\/wp-content\/uploads\/2021\/08\/Deksel-opzetstuk-1.jpeg\" class=\"attachment-large size-large wp-post-image\" alt=\"\" \/><div style=\"padding-bottom:72.4074%\"><\/div><\/div><h5 class=\"w-post-elm post_title usg_post_title_2 align_center entry-title color_link_inherit\">Rehausses en beton<\/h5>\t\t<\/div>\r\n\t\t\t<\/article>\r\n<\/div>\t<div class=\"w-grid-preloader\">\r\n\t\t<div class=\"g-preloader type_1\">\r\n\t\t\t<div><\/div>\r\n\t\t<\/div>\r\n\t<\/div>\r\n\t\t<div class=\"w-grid-json hidden\" onclick='return {&quot;action&quot;:&quot;us_ajax_grid&quot;,&quot;infinite_scroll&quot;:0,&quot;max_num_pages&quot;:1,&quot;pagination&quot;:&quot;none&quot;,&quot;template_vars&quot;:{&quot;columns&quot;:&quot;3&quot;,&quot;exclude_items&quot;:&quot;none&quot;,&quot;img_size&quot;:&quot;default&quot;,&quot;ignore_items_size&quot;:0,&quot;items_layout&quot;:&quot;110&quot;,&quot;items_offset&quot;:&quot;1&quot;,&quot;load_animation&quot;:&quot;none&quot;,&quot;overriding_link&quot;:&quot;%7B%22type%22%3A%22post%22%7D&quot;,&quot;post_id&quot;:0,&quot;query_args&quot;:{&quot;ignore_sticky_posts&quot;:1,&quot;post_type&quot;:&quot;any&quot;,&quot;post__in&quot;:[&quot;1606&quot;,&quot;1608&quot;,&quot;1610&quot;,&quot;1502&quot;,&quot;1612&quot;],&quot;posts_per_page&quot;:999},&quot;orderby_query_args&quot;:{&quot;orderby&quot;:{&quot;post__in&quot;:&quot;ASC&quot;},&quot;order&quot;:&quot;ASC&quot;},&quot;type&quot;:&quot;grid&quot;,&quot;us_grid_post_type&quot;:&quot;ids&quot;,&quot;us_grid_ajax_index&quot;:1,&quot;us_grid_filter_query_string&quot;:null,&quot;us_grid_index&quot;:1,&quot;page_args&quot;:[],&quot;lang&quot;:&quot;fr&quot;}}'><\/div>\r\n\t<\/div><div class=\"w-separator size_large\"><\/div><\/div><\/div><\/div><\/div><\/div><\/section><section class=\"l-section wpb_row height_auto\"><div class=\"l-section-h i-cf\"><div class=\"g-cols vc_row via_flex valign_top type_default stacking_default\"><div class=\"vc_col-sm-12 wpb_column vc_column_container\"><div class=\"vc_column-inner\"><div class=\"wpb_wrapper\"><div class=\"wpb_text_column\"><div class=\"wpb_wrapper\"><h2>Plus d&#8217;infos<\/h2>\n<\/div><\/div><div class=\"w-separator size_small\"><\/div><div class=\"wpb_text_column pdflinks\"><div class=\"wpb_wrapper\"><p><a href=\"https:\/\/vandeveldebeton.be\/wp-content\/uploads\/2021\/09\/Plus-dinfos-Bordures-de-se\u0301curite\u0301-1.pdf\">Plus d&#8217;infos sur couvercles<\/a><\/p>\n<\/div><\/div><div class=\"w-separator size_large\"><\/div><\/div><\/div><\/div><\/div><\/div><\/section>\n","protected":false},"excerpt":{"rendered":"Rehausses en beton Une fixation dans le b\u00e9ton sert \u00e0 placer un trou d\u2019homme sur un puits ou une fosse septique. De cette fa\u00e7on, on peut finir la fosse au niveau du sol. Cet accessoire peut \u00eatre ferm\u00e9 du puits avec un couvercle et permet une inspection et une maintenance plus pouss\u00e9es du puits. Contactez-nous[vc_raw_html...","protected":false},"author":1,"featured_media":1649,"parent":2379,"menu_order":6,"comment_status":"closed","ping_status":"closed","template":"","meta":{"_acf_changed":false,"footnotes":""},"class_list":["post-2437","page","type-page","status-publish","has-post-thumbnail","hentry"],"acf":[],"yoast_head":"<!-- This site is optimized with the Yoast SEO plugin v26.6 - https:\/\/yoast.com\/wordpress\/plugins\/seo\/ -->\n<title>Couvercles et avaloirs - Van de Velde Beton<\/title>\n<meta name=\"robots\" content=\"index, follow, max-snippet:-1, max-image-preview:large, max-video-preview:-1\" \/>\n<link rel=\"canonical\" href=\"https:\/\/vandeveldebeton.be\/fr\/produits\/pavage-et-construction-de-routes\/couvercles-et-avaloirs\/\" \/>\n<meta property=\"og:locale\" content=\"fr_FR\" \/>\n<meta property=\"og:type\" content=\"article\" \/>\n<meta property=\"og:title\" content=\"Couvercles et avaloirs - Van de Velde Beton\" \/>\n<meta property=\"og:url\" content=\"https:\/\/vandeveldebeton.be\/fr\/produits\/pavage-et-construction-de-routes\/couvercles-et-avaloirs\/\" \/>\n<meta property=\"og:site_name\" content=\"Van de Velde Beton\" \/>\n<meta property=\"article:modified_time\" content=\"2024-06-05T12:31:32+00:00\" \/>\n<meta property=\"og:image\" content=\"https:\/\/vandeveldebeton.be\/wp-content\/uploads\/2021\/08\/Rijwegdeksel-Via4.jpeg\" \/>\n\t<meta property=\"og:image:width\" content=\"592\" \/>\n\t<meta property=\"og:image:height\" content=\"592\" \/>\n\t<meta property=\"og:image:type\" content=\"image\/jpeg\" \/>\n<meta name=\"twitter:card\" content=\"summary_large_image\" \/>\n<meta name=\"twitter:label1\" content=\"Dur\u00e9e de lecture est.\" \/>\n\t<meta name=\"twitter:data1\" content=\"1 minute\" \/>\n<script type=\"application\/ld+json\" class=\"yoast-schema-graph\">{\"@context\":\"https:\/\/schema.org\",\"@graph\":[{\"@type\":\"WebPage\",\"@id\":\"https:\/\/vandeveldebeton.be\/fr\/produits\/pavage-et-construction-de-routes\/couvercles-et-avaloirs\/\",\"url\":\"https:\/\/vandeveldebeton.be\/fr\/produits\/pavage-et-construction-de-routes\/couvercles-et-avaloirs\/\",\"name\":\"Couvercles et avaloirs - Van de Velde Beton\",\"isPartOf\":{\"@id\":\"https:\/\/vandeveldebeton.be\/fr\/#website\"},\"primaryImageOfPage\":{\"@id\":\"https:\/\/vandeveldebeton.be\/fr\/produits\/pavage-et-construction-de-routes\/couvercles-et-avaloirs\/#primaryimage\"},\"image\":{\"@id\":\"https:\/\/vandeveldebeton.be\/fr\/produits\/pavage-et-construction-de-routes\/couvercles-et-avaloirs\/#primaryimage\"},\"thumbnailUrl\":\"https:\/\/vandeveldebeton.be\/wp-content\/uploads\/2021\/08\/Rijwegdeksel-Via4.jpeg\",\"datePublished\":\"2021-09-21T08:16:03+00:00\",\"dateModified\":\"2024-06-05T12:31:32+00:00\",\"breadcrumb\":{\"@id\":\"https:\/\/vandeveldebeton.be\/fr\/produits\/pavage-et-construction-de-routes\/couvercles-et-avaloirs\/#breadcrumb\"},\"inLanguage\":\"fr-BE\",\"potentialAction\":[{\"@type\":\"ReadAction\",\"target\":[\"https:\/\/vandeveldebeton.be\/fr\/produits\/pavage-et-construction-de-routes\/couvercles-et-avaloirs\/\"]}]},{\"@type\":\"ImageObject\",\"inLanguage\":\"fr-BE\",\"@id\":\"https:\/\/vandeveldebeton.be\/fr\/produits\/pavage-et-construction-de-routes\/couvercles-et-avaloirs\/#primaryimage\",\"url\":\"https:\/\/vandeveldebeton.be\/wp-content\/uploads\/2021\/08\/Rijwegdeksel-Via4.jpeg\",\"contentUrl\":\"https:\/\/vandeveldebeton.be\/wp-content\/uploads\/2021\/08\/Rijwegdeksel-Via4.jpeg\",\"width\":592,\"height\":592},{\"@type\":\"BreadcrumbList\",\"@id\":\"https:\/\/vandeveldebeton.be\/fr\/produits\/pavage-et-construction-de-routes\/couvercles-et-avaloirs\/#breadcrumb\",\"itemListElement\":[{\"@type\":\"ListItem\",\"position\":1,\"name\":\"Home\",\"item\":\"https:\/\/vandeveldebeton.be\/fr\/\"},{\"@type\":\"ListItem\",\"position\":2,\"name\":\"Produits\",\"item\":\"https:\/\/vandeveldebeton.be\/fr\/produits\/\"},{\"@type\":\"ListItem\",\"position\":3,\"name\":\"Pavage et construction de routes\",\"item\":\"https:\/\/vandeveldebeton.be\/fr\/produits\/pavage-et-construction-de-routes\/\"},{\"@type\":\"ListItem\",\"position\":4,\"name\":\"Couvercles et avaloirs\"}]},{\"@type\":\"WebSite\",\"@id\":\"https:\/\/vandeveldebeton.be\/fr\/#website\",\"url\":\"https:\/\/vandeveldebeton.be\/fr\/\",\"name\":\"Van de Velde Beton\",\"description\":\"\",\"potentialAction\":[{\"@type\":\"SearchAction\",\"target\":{\"@type\":\"EntryPoint\",\"urlTemplate\":\"https:\/\/vandeveldebeton.be\/fr\/?s={search_term_string}\"},\"query-input\":{\"@type\":\"PropertyValueSpecification\",\"valueRequired\":true,\"valueName\":\"search_term_string\"}}],\"inLanguage\":\"fr-BE\"}]}<\/script>\n<!-- \/ Yoast SEO plugin. -->","yoast_head_json":{"title":"Couvercles et avaloirs - Van de Velde Beton","robots":{"index":"index","follow":"follow","max-snippet":"max-snippet:-1","max-image-preview":"max-image-preview:large","max-video-preview":"max-video-preview:-1"},"canonical":"https:\/\/vandeveldebeton.be\/fr\/produits\/pavage-et-construction-de-routes\/couvercles-et-avaloirs\/","og_locale":"fr_FR","og_type":"article","og_title":"Couvercles et avaloirs - Van de Velde Beton","og_url":"https:\/\/vandeveldebeton.be\/fr\/produits\/pavage-et-construction-de-routes\/couvercles-et-avaloirs\/","og_site_name":"Van de Velde Beton","article_modified_time":"2024-06-05T12:31:32+00:00","og_image":[{"width":592,"height":592,"url":"https:\/\/vandeveldebeton.be\/wp-content\/uploads\/2021\/08\/Rijwegdeksel-Via4.jpeg","type":"image\/jpeg"}],"twitter_card":"summary_large_image","twitter_misc":{"Dur\u00e9e de lecture est.":"1 minute"},"schema":{"@context":"https:\/\/schema.org","@graph":[{"@type":"WebPage","@id":"https:\/\/vandeveldebeton.be\/fr\/produits\/pavage-et-construction-de-routes\/couvercles-et-avaloirs\/","url":"https:\/\/vandeveldebeton.be\/fr\/produits\/pavage-et-construction-de-routes\/couvercles-et-avaloirs\/","name":"Couvercles et avaloirs - Van de Velde Beton","isPartOf":{"@id":"https:\/\/vandeveldebeton.be\/fr\/#website"},"primaryImageOfPage":{"@id":"https:\/\/vandeveldebeton.be\/fr\/produits\/pavage-et-construction-de-routes\/couvercles-et-avaloirs\/#primaryimage"},"image":{"@id":"https:\/\/vandeveldebeton.be\/fr\/produits\/pavage-et-construction-de-routes\/couvercles-et-avaloirs\/#primaryimage"},"thumbnailUrl":"https:\/\/vandeveldebeton.be\/wp-content\/uploads\/2021\/08\/Rijwegdeksel-Via4.jpeg","datePublished":"2021-09-21T08:16:03+00:00","dateModified":"2024-06-05T12:31:32+00:00","breadcrumb":{"@id":"https:\/\/vandeveldebeton.be\/fr\/produits\/pavage-et-construction-de-routes\/couvercles-et-avaloirs\/#breadcrumb"},"inLanguage":"fr-BE","potentialAction":[{"@type":"ReadAction","target":["https:\/\/vandeveldebeton.be\/fr\/produits\/pavage-et-construction-de-routes\/couvercles-et-avaloirs\/"]}]},{"@type":"ImageObject","inLanguage":"fr-BE","@id":"https:\/\/vandeveldebeton.be\/fr\/produits\/pavage-et-construction-de-routes\/couvercles-et-avaloirs\/#primaryimage","url":"https:\/\/vandeveldebeton.be\/wp-content\/uploads\/2021\/08\/Rijwegdeksel-Via4.jpeg","contentUrl":"https:\/\/vandeveldebeton.be\/wp-content\/uploads\/2021\/08\/Rijwegdeksel-Via4.jpeg","width":592,"height":592},{"@type":"BreadcrumbList","@id":"https:\/\/vandeveldebeton.be\/fr\/produits\/pavage-et-construction-de-routes\/couvercles-et-avaloirs\/#breadcrumb","itemListElement":[{"@type":"ListItem","position":1,"name":"Home","item":"https:\/\/vandeveldebeton.be\/fr\/"},{"@type":"ListItem","position":2,"name":"Produits","item":"https:\/\/vandeveldebeton.be\/fr\/produits\/"},{"@type":"ListItem","position":3,"name":"Pavage et construction de routes","item":"https:\/\/vandeveldebeton.be\/fr\/produits\/pavage-et-construction-de-routes\/"},{"@type":"ListItem","position":4,"name":"Couvercles et avaloirs"}]},{"@type":"WebSite","@id":"https:\/\/vandeveldebeton.be\/fr\/#website","url":"https:\/\/vandeveldebeton.be\/fr\/","name":"Van de Velde Beton","description":"","potentialAction":[{"@type":"SearchAction","target":{"@type":"EntryPoint","urlTemplate":"https:\/\/vandeveldebeton.be\/fr\/?s={search_term_string}"},"query-input":{"@type":"PropertyValueSpecification","valueRequired":true,"valueName":"search_term_string"}}],"inLanguage":"fr-BE"}]}},"_links":{"self":[{"href":"https:\/\/vandeveldebeton.be\/fr\/wp-json\/wp\/v2\/pages\/2437","targetHints":{"allow":["GET"]}}],"collection":[{"href":"https:\/\/vandeveldebeton.be\/fr\/wp-json\/wp\/v2\/pages"}],"about":[{"href":"https:\/\/vandeveldebeton.be\/fr\/wp-json\/wp\/v2\/types\/page"}],"author":[{"embeddable":true,"href":"https:\/\/vandeveldebeton.be\/fr\/wp-json\/wp\/v2\/users\/1"}],"replies":[{"embeddable":true,"href":"https:\/\/vandeveldebeton.be\/fr\/wp-json\/wp\/v2\/comments?post=2437"}],"version-history":[{"count":6,"href":"https:\/\/vandeveldebeton.be\/fr\/wp-json\/wp\/v2\/pages\/2437\/revisions"}],"predecessor-version":[{"id":4581,"href":"https:\/\/vandeveldebeton.be\/fr\/wp-json\/wp\/v2\/pages\/2437\/revisions\/4581"}],"up":[{"embeddable":true,"href":"https:\/\/vandeveldebeton.be\/fr\/wp-json\/wp\/v2\/pages\/2379"}],"wp:featuredmedia":[{"embeddable":true,"href":"https:\/\/vandeveldebeton.be\/fr\/wp-json\/wp\/v2\/media\/1649"}],"wp:attachment":[{"href":"https:\/\/vandeveldebeton.be\/fr\/wp-json\/wp\/v2\/media?parent=2437"}],"curies":[{"name":"wp","href":"https:\/\/api.w.org\/{rel}","templated":true}]}}