{"id":2433,"date":"2021-09-21T07:48:40","date_gmt":"2021-09-21T07:48:40","guid":{"rendered":"https:\/\/vandeveldebeton.be\/?page_id=2433"},"modified":"2024-06-05T13:31:22","modified_gmt":"2024-06-05T12:31:22","slug":"bordures-de-securite-et-limiteurs-de-parking","status":"publish","type":"page","link":"https:\/\/vandeveldebeton.be\/fr\/produits\/pavage-et-construction-de-routes\/bordures-de-securite-et-limiteurs-de-parking\/","title":{"rendered":"Bordures de s\u00e9curit\u00e9 et limiteurs de parking"},"content":{"rendered":"<section class=\"l-section wpb_row coverrow height_auto with_img\"><div class=\"l-section-img\" role=\"img\" aria-label=\"Image\" data-img-width=\"960\" data-img-height=\"640\" style=\"background-image: url(https:\/\/vandeveldebeton.be\/wp-content\/uploads\/2021\/06\/Beton_BG.jpg);\"><\/div><div class=\"l-section-h i-cf\"><div class=\"g-cols vc_row via_flex valign_middle type_default stacking_default\"><div class=\"vc_col-sm-6 wpb_column vc_column_container\"><div class=\"vc_column-inner\"><div class=\"wpb_wrapper\"><div class=\"wpb_text_column\"><div class=\"wpb_wrapper\"><h1>Bordures de s\u00e9curit\u00e9<br \/>\net limiteurs de parking<\/h1>\n<\/div><\/div><div class=\"wpb_text_column\"><div class=\"wpb_wrapper\"><div class=\"product-text\">\n<div class=\"product-text\">\n<p><span class=\"TextRun Highlight BCX0 SCXW251701191\" lang=\"FR-BE\" xml:lang=\"FR-BE\" data-contrast=\"none\"><span class=\"NormalTextRun BCX0 SCXW251701191\" data-ccp-parastyle=\"Normal (Web)\">Pour augmenter la s\u00e9curit\u00e9 des usagers de la route, vous pouvez utiliser des fronti\u00e8res de s\u00e9curit\u00e9. Ils d\u00e9limitent les zones d&#8217;usagers, afin de mieux prot\u00e9ger les usagers vuln\u00e9rables de la route.<\/span><\/span><\/p>\n<\/div>\n<\/div>\n<\/div><\/div><div class=\"w-btn-wrapper align_none\"><a class=\"w-btn us-btn-style_1\" title=\"Contact\" href=\"https:\/\/vandeveldebeton.be\/fr\/contact\/\"><span class=\"w-btn-label\">Contactez-nous<\/span><\/a><\/div><\/div><\/div><\/div><div class=\"vc_col-sm-6 wpb_column vc_column_container has_bg_color stretched\"><div class=\"vc_column-inner us_custom_cafb2cae\"><div class=\"wpb_wrapper\"><\/div><\/div><\/div><\/div><\/div><\/section><section class=\"l-section wpb_row us_custom_d2199d32 height_auto\"><div class=\"l-section-h i-cf\"><div class=\"g-cols vc_row via_flex valign_top type_default stacking_default\"><div class=\"vc_col-sm-12 wpb_column vc_column_container\"><div class=\"vc_column-inner\"><div class=\"wpb_wrapper\">[vc_raw_html el_class=&#8221;breadcrumbs&#8221;]JTVCd3BzZW9fYnJlYWRjcnVtYiU1RCUwQQ==[\/vc_raw_html]<\/div><\/div><\/div><\/div><\/div><\/section><section class=\"l-section wpb_row height_auto\"><div class=\"l-section-h i-cf\"><div class=\"g-cols vc_row via_flex valign_top type_default stacking_default\"><div class=\"vc_col-sm-12 wpb_column vc_column_container\"><div class=\"vc_column-inner\"><div class=\"wpb_wrapper\"><div class=\"w-separator size_large\"><\/div><div class=\"w-grid us_grid type_grid layout_612 cols_3 preload_style_spinner ratio_1x1\" id=\"us_grid_1\" style=\"--columns:3;--gap:1.5rem;--item-ratio:1;\" data-filterable=\"true\"><style>@media (max-width:1024px){#us_grid_1{--columns:2!important}}@media (max-width:768px){#us_grid_1{--columns:1!important}}.layout_612 .w-grid-item-h{}.layout_612 .usg_vwrapper_1{transition-duration:0.3s;transform-origin:50% 50%;transform:scale(1.5) translate(0%,0%);opacity:0}.layout_612 .w-grid-item-h:focus-within .usg_vwrapper_1,.layout_612 .w-grid-item-h:hover .usg_vwrapper_1{transform:scale(1) translate(0%,0%);opacity:1;background:rgba(26,26,26,0.80)!important}.layout_612 .usg_vwrapper_1{position:absolute!important;left:0!important;top:0!important;bottom:0!important;right:0!important;padding:2rem!important}.layout_612 .usg_post_image_2{position:absolute!important;left:0!important;top:0!important;bottom:0!important;right:0!important}.layout_612 .usg_post_title_2{color:#ffffff!important;font-size:1.4rem!important}<\/style><div class=\"w-grid-list\">\t<article class=\"w-grid-item size_1x1 post-1602 attachment type-attachment status-inherit hentry\" data-id=\"1602\">\r\n\t\t<div class=\"w-grid-item-h\">\r\n\t\t\t\t\t\t\t<a ref=\"magnificPopupGrid\" href=\"https:\/\/vandeveldebeton.be\/wp-content\/uploads\/2021\/08\/Veiligheidsboord-type-BII-5-e1535447445604.jpeg\" class=\"w-grid-item-anchor\" aria-label=\"Veiligheidsboord type BII * Bordure de securit\u00e9 BII\"><\/a>\r\n\t\t\t\t\t\t<div class=\"w-post-elm post_image usg_post_image_2 has_ratio\"><img loading=\"lazy\" decoding=\"async\" width=\"1024\" height=\"1024\" src=\"https:\/\/vandeveldebeton.be\/wp-content\/uploads\/2021\/08\/Veiligheidsboord-type-BII-5-e1535447445604-1024x1024.jpeg\" class=\"attachment-large size-large\" alt=\"\" \/><div style=\"padding-bottom:100%\"><\/div><\/div><div class=\"w-vwrapper usg_vwrapper_1 align_center valign_middle\"><p class=\"w-post-elm post_title usg_post_title_2 has_text_color entry-title color_link_inherit\">Veiligheidsboord type BII * Bordure de securit\u00e9 BII<\/p><\/div>\t\t<\/div>\r\n\t\t\t<\/article>\r\n\t<article class=\"w-grid-item size_1x1 post-1600 attachment type-attachment status-inherit hentry\" data-id=\"1600\">\r\n\t\t<div class=\"w-grid-item-h\">\r\n\t\t\t\t\t\t\t<a ref=\"magnificPopupGrid\" href=\"https:\/\/vandeveldebeton.be\/wp-content\/uploads\/2021\/08\/Veiligheidsboord-type-BI-3-e1535447504104.jpeg\" class=\"w-grid-item-anchor\" aria-label=\"Veiligheidsboord type BI * Borudre de securit\u00e9 type BI\"><\/a>\r\n\t\t\t\t\t\t<div class=\"w-post-elm post_image usg_post_image_2 has_ratio\"><img loading=\"lazy\" decoding=\"async\" width=\"1024\" height=\"1024\" src=\"https:\/\/vandeveldebeton.be\/wp-content\/uploads\/2021\/08\/Veiligheidsboord-type-BI-3-e1535447504104-1024x1024.jpeg\" class=\"attachment-large size-large\" alt=\"\" \/><div style=\"padding-bottom:100%\"><\/div><\/div><div class=\"w-vwrapper usg_vwrapper_1 align_center valign_middle\"><p class=\"w-post-elm post_title usg_post_title_2 has_text_color entry-title color_link_inherit\">Veiligheidsboord type BI * Borudre de securit\u00e9 type BI<\/p><\/div>\t\t<\/div>\r\n\t\t\t<\/article>\r\n\t<article class=\"w-grid-item size_1x1 post-1598 attachment type-attachment status-inherit hentry\" data-id=\"1598\">\r\n\t\t<div class=\"w-grid-item-h\">\r\n\t\t\t\t\t\t\t<a ref=\"magnificPopupGrid\" href=\"https:\/\/vandeveldebeton.be\/wp-content\/uploads\/2021\/08\/Jersey-blok-dubbel-5-e1535447528142.jpeg\" class=\"w-grid-item-anchor\" aria-label=\"Jersey blok dubbel * Bloc Jersey double\"><\/a>\r\n\t\t\t\t\t\t<div class=\"w-post-elm post_image usg_post_image_2 has_ratio\"><img loading=\"lazy\" decoding=\"async\" width=\"1024\" height=\"1024\" src=\"https:\/\/vandeveldebeton.be\/wp-content\/uploads\/2021\/08\/Jersey-blok-dubbel-5-e1535447528142-1024x1024.jpeg\" class=\"attachment-large size-large\" alt=\"\" \/><div style=\"padding-bottom:100%\"><\/div><\/div><div class=\"w-vwrapper usg_vwrapper_1 align_center valign_middle\"><p class=\"w-post-elm post_title usg_post_title_2 has_text_color entry-title color_link_inherit\">Jersey blok dubbel * Bloc Jersey double<\/p><\/div>\t\t<\/div>\r\n\t\t\t<\/article>\r\n\t<article class=\"w-grid-item size_1x1 post-1596 attachment type-attachment status-inherit hentry\" data-id=\"1596\">\r\n\t\t<div class=\"w-grid-item-h\">\r\n\t\t\t\t\t\t\t<a ref=\"magnificPopupGrid\" href=\"https:\/\/vandeveldebeton.be\/wp-content\/uploads\/2021\/08\/21-Schampkant-type-C.jpeg\" class=\"w-grid-item-anchor\" aria-label=\"Veiligheidsboord type C * Bordure de securit\u00e9 type C\"><\/a>\r\n\t\t\t\t\t\t<div class=\"w-post-elm post_image usg_post_image_2 has_ratio\"><img loading=\"lazy\" decoding=\"async\" width=\"591\" height=\"591\" src=\"https:\/\/vandeveldebeton.be\/wp-content\/uploads\/2021\/08\/21-Schampkant-type-C.jpeg\" class=\"attachment-large size-large\" alt=\"\" \/><div style=\"padding-bottom:100%\"><\/div><\/div><div class=\"w-vwrapper usg_vwrapper_1 align_center valign_middle\"><p class=\"w-post-elm post_title usg_post_title_2 has_text_color entry-title color_link_inherit\">Veiligheidsboord type C * Bordure de securit\u00e9 type C<\/p><\/div>\t\t<\/div>\r\n\t\t\t<\/article>\r\n\t<article class=\"w-grid-item size_1x1 post-1594 attachment type-attachment status-inherit hentry\" data-id=\"1594\">\r\n\t\t<div class=\"w-grid-item-h\">\r\n\t\t\t\t\t\t\t<a ref=\"magnificPopupGrid\" href=\"https:\/\/vandeveldebeton.be\/wp-content\/uploads\/2021\/08\/13-Stootband-e1535440285783-scaled.jpeg\" class=\"w-grid-item-anchor\" aria-label=\"Stootbanden als markering * Bande anti-parking comme marquage\"><\/a>\r\n\t\t\t\t\t\t<div class=\"w-post-elm post_image usg_post_image_2 has_ratio\"><img loading=\"lazy\" decoding=\"async\" width=\"683\" height=\"1024\" src=\"https:\/\/vandeveldebeton.be\/wp-content\/uploads\/2021\/08\/13-Stootband-e1535440285783-683x1024.jpeg\" class=\"attachment-large size-large\" alt=\"\" \/><div style=\"padding-bottom:100%\"><\/div><\/div><div class=\"w-vwrapper usg_vwrapper_1 align_center valign_middle\"><p class=\"w-post-elm post_title usg_post_title_2 has_text_color entry-title color_link_inherit\">Stootbanden als markering * Bande anti-parking comme marquage<\/p><\/div>\t\t<\/div>\r\n\t\t\t<\/article>\r\n\t<article class=\"w-grid-item size_1x1 post-1592 attachment type-attachment status-inherit hentry\" data-id=\"1592\">\r\n\t\t<div class=\"w-grid-item-h\">\r\n\t\t\t\t\t\t\t<a ref=\"magnificPopupGrid\" href=\"https:\/\/vandeveldebeton.be\/wp-content\/uploads\/2021\/08\/12-Stootband-e1535440315677.jpeg\" class=\"w-grid-item-anchor\" aria-label=\"Stootband met gaten * Bande anti-parking avec trous\"><\/a>\r\n\t\t\t\t\t\t<div class=\"w-post-elm post_image usg_post_image_2 has_ratio\"><img loading=\"lazy\" decoding=\"async\" width=\"1024\" height=\"682\" src=\"https:\/\/vandeveldebeton.be\/wp-content\/uploads\/2021\/08\/12-Stootband-e1535440315677-1024x682.jpeg\" class=\"attachment-large size-large\" alt=\"\" \/><div style=\"padding-bottom:100%\"><\/div><\/div><div class=\"w-vwrapper usg_vwrapper_1 align_center valign_middle\"><p class=\"w-post-elm post_title usg_post_title_2 has_text_color entry-title color_link_inherit\">Stootband met gaten * Bande anti-parking avec trous<\/p><\/div>\t\t<\/div>\r\n\t\t\t<\/article>\r\n\t<article class=\"w-grid-item size_1x1 post-1590 attachment type-attachment status-inherit hentry\" data-id=\"1590\">\r\n\t\t<div class=\"w-grid-item-h\">\r\n\t\t\t\t\t\t\t<a ref=\"magnificPopupGrid\" href=\"https:\/\/vandeveldebeton.be\/wp-content\/uploads\/2021\/08\/11-Stootband-e1535440346283.jpeg\" class=\"w-grid-item-anchor\" aria-label=\"Stootbanden op parking * Bandes anti-parking\"><\/a>\r\n\t\t\t\t\t\t<div class=\"w-post-elm post_image usg_post_image_2 has_ratio\"><img loading=\"lazy\" decoding=\"async\" width=\"1024\" height=\"682\" src=\"https:\/\/vandeveldebeton.be\/wp-content\/uploads\/2021\/08\/11-Stootband-e1535440346283-1024x682.jpeg\" class=\"attachment-large size-large\" alt=\"\" \/><div style=\"padding-bottom:100%\"><\/div><\/div><div class=\"w-vwrapper usg_vwrapper_1 align_center valign_middle\"><p class=\"w-post-elm post_title usg_post_title_2 has_text_color entry-title color_link_inherit\">Stootbanden op parking * Bandes anti-parking<\/p><\/div>\t\t<\/div>\r\n\t\t\t<\/article>\r\n\t<article class=\"w-grid-item size_1x1 post-1588 attachment type-attachment status-inherit hentry\" data-id=\"1588\">\r\n\t\t<div class=\"w-grid-item-h\">\r\n\t\t\t\t\t\t\t<a ref=\"magnificPopupGrid\" href=\"https:\/\/vandeveldebeton.be\/wp-content\/uploads\/2021\/08\/02-Stootband-3.jpeg\" class=\"w-grid-item-anchor\" aria-label=\"Varkensrug met gaten * Bande anti-parking avec trous\"><\/a>\r\n\t\t\t\t\t\t<div class=\"w-post-elm post_image usg_post_image_2 has_ratio\"><img loading=\"lazy\" decoding=\"async\" width=\"1024\" height=\"857\" src=\"https:\/\/vandeveldebeton.be\/wp-content\/uploads\/2021\/08\/02-Stootband-3-1024x857.jpeg\" class=\"attachment-large size-large\" alt=\"\" \/><div style=\"padding-bottom:100%\"><\/div><\/div><div class=\"w-vwrapper usg_vwrapper_1 align_center valign_middle\"><p class=\"w-post-elm post_title usg_post_title_2 has_text_color entry-title color_link_inherit\">Varkensrug met gaten * Bande anti-parking avec trous<\/p><\/div>\t\t<\/div>\r\n\t\t\t<\/article>\r\n\t<article class=\"w-grid-item size_1x1 post-1586 attachment type-attachment status-inherit hentry\" data-id=\"1586\">\r\n\t\t<div class=\"w-grid-item-h\">\r\n\t\t\t\t\t\t\t<a ref=\"magnificPopupGrid\" href=\"https:\/\/vandeveldebeton.be\/wp-content\/uploads\/2021\/08\/01-Stootband-4.jpeg\" class=\"w-grid-item-anchor\" aria-label=\"Varkensrug * Bande anti-parking\"><\/a>\r\n\t\t\t\t\t\t<div class=\"w-post-elm post_image usg_post_image_2 has_ratio\"><img loading=\"lazy\" decoding=\"async\" width=\"1024\" height=\"857\" src=\"https:\/\/vandeveldebeton.be\/wp-content\/uploads\/2021\/08\/01-Stootband-4-1024x857.jpeg\" class=\"attachment-large size-large\" alt=\"\" \/><div style=\"padding-bottom:100%\"><\/div><\/div><div class=\"w-vwrapper usg_vwrapper_1 align_center valign_middle\"><p class=\"w-post-elm post_title usg_post_title_2 has_text_color entry-title color_link_inherit\">Varkensrug * Bande anti-parking<\/p><\/div>\t\t<\/div>\r\n\t\t\t<\/article>\r\n<\/div>\t<div class=\"w-grid-preloader\">\r\n\t\t<div class=\"g-preloader type_1\">\r\n\t\t\t<div><\/div>\r\n\t\t<\/div>\r\n\t<\/div>\r\n\t\t<div class=\"w-grid-json hidden\" onclick='return {&quot;action&quot;:&quot;us_ajax_grid&quot;,&quot;infinite_scroll&quot;:0,&quot;max_num_pages&quot;:1,&quot;pagination&quot;:&quot;none&quot;,&quot;template_vars&quot;:{&quot;columns&quot;:&quot;3&quot;,&quot;exclude_items&quot;:&quot;none&quot;,&quot;img_size&quot;:&quot;default&quot;,&quot;ignore_items_size&quot;:0,&quot;items_layout&quot;:&quot;612&quot;,&quot;items_offset&quot;:&quot;1&quot;,&quot;load_animation&quot;:&quot;none&quot;,&quot;overriding_link&quot;:&quot;%7B%22type%22%3A%22popup_image%22%7D&quot;,&quot;post_id&quot;:0,&quot;query_args&quot;:{&quot;post_type&quot;:[&quot;attachment&quot;],&quot;post__in&quot;:[&quot;1601&quot;,&quot;1599&quot;,&quot;1597&quot;,&quot;1595&quot;,&quot;1593&quot;,&quot;1591&quot;,&quot;1589&quot;,&quot;1587&quot;,&quot;1585&quot;],&quot;post_status&quot;:&quot;inherit&quot;,&quot;post_mime_type&quot;:&quot;image&quot;,&quot;posts_per_page&quot;:999},&quot;orderby_query_args&quot;:{&quot;orderby&quot;:{&quot;date&quot;:&quot;DESC&quot;}},&quot;type&quot;:&quot;grid&quot;,&quot;us_grid_post_type&quot;:&quot;attachment&quot;,&quot;us_grid_ajax_index&quot;:1,&quot;us_grid_filter_query_string&quot;:null,&quot;us_grid_index&quot;:1,&quot;page_args&quot;:[],&quot;lang&quot;:&quot;fr&quot;}}'><\/div>\r\n\t<\/div><div class=\"w-separator size_large\"><\/div><\/div><\/div><\/div><\/div><\/div><\/section><section class=\"l-section wpb_row height_auto\"><div class=\"l-section-h i-cf\"><div class=\"g-cols vc_row via_flex valign_top type_default stacking_default\"><div class=\"vc_col-sm-12 wpb_column vc_column_container\"><div class=\"vc_column-inner\"><div class=\"wpb_wrapper\"><div class=\"wpb_text_column\"><div class=\"wpb_wrapper\"><h2>Plus d&#8217;infos<\/h2>\n<\/div><\/div><div class=\"w-separator size_small\"><\/div><div class=\"wpb_text_column pdflinks\"><div class=\"wpb_wrapper\"><p><a href=\"https:\/\/vandeveldebeton.be\/wp-content\/uploads\/2021\/09\/Plus-dinfos-Bordures-de-se\u0301curite\u0301.pdf\">Plus d\u2019infos bordures de s\u00e9curit\u00e9<\/a><\/p>\n<\/div><\/div><div class=\"w-separator size_large\"><\/div><\/div><\/div><\/div><\/div><\/div><\/section>\n","protected":false},"excerpt":{"rendered":"","protected":false},"author":1,"featured_media":1592,"parent":2379,"menu_order":5,"comment_status":"closed","ping_status":"closed","template":"","meta":{"_acf_changed":false,"footnotes":""},"class_list":["post-2433","page","type-page","status-publish","has-post-thumbnail","hentry"],"acf":[],"yoast_head":"<!-- This site is optimized with the Yoast SEO plugin v26.6 - https:\/\/yoast.com\/wordpress\/plugins\/seo\/ -->\n<title>Bordures de s\u00e9curit\u00e9 et limiteurs de parking - Van de Velde Beton<\/title>\n<meta name=\"robots\" content=\"index, follow, max-snippet:-1, max-image-preview:large, max-video-preview:-1\" \/>\n<link rel=\"canonical\" href=\"https:\/\/vandeveldebeton.be\/fr\/produits\/pavage-et-construction-de-routes\/bordures-de-securite-et-limiteurs-de-parking\/\" \/>\n<meta property=\"og:locale\" content=\"fr_FR\" \/>\n<meta property=\"og:type\" content=\"article\" \/>\n<meta property=\"og:title\" content=\"Bordures de s\u00e9curit\u00e9 et limiteurs de parking - Van de Velde Beton\" \/>\n<meta property=\"og:url\" content=\"https:\/\/vandeveldebeton.be\/fr\/produits\/pavage-et-construction-de-routes\/bordures-de-securite-et-limiteurs-de-parking\/\" \/>\n<meta property=\"og:site_name\" content=\"Van de Velde Beton\" \/>\n<meta property=\"article:modified_time\" content=\"2024-06-05T12:31:22+00:00\" \/>\n<meta property=\"og:image\" content=\"https:\/\/vandeveldebeton.be\/wp-content\/uploads\/2021\/08\/12-Stootband-e1535440315677.jpeg\" \/>\n\t<meta property=\"og:image:width\" content=\"2000\" \/>\n\t<meta property=\"og:image:height\" content=\"1333\" \/>\n\t<meta property=\"og:image:type\" content=\"image\/jpeg\" \/>\n<meta name=\"twitter:card\" content=\"summary_large_image\" \/>\n<meta name=\"twitter:label1\" content=\"Dur\u00e9e de lecture est.\" \/>\n\t<meta name=\"twitter:data1\" content=\"1 minute\" \/>\n<script type=\"application\/ld+json\" class=\"yoast-schema-graph\">{\"@context\":\"https:\/\/schema.org\",\"@graph\":[{\"@type\":\"WebPage\",\"@id\":\"https:\/\/vandeveldebeton.be\/fr\/produits\/pavage-et-construction-de-routes\/bordures-de-securite-et-limiteurs-de-parking\/\",\"url\":\"https:\/\/vandeveldebeton.be\/fr\/produits\/pavage-et-construction-de-routes\/bordures-de-securite-et-limiteurs-de-parking\/\",\"name\":\"Bordures de s\u00e9curit\u00e9 et limiteurs de parking - Van de Velde Beton\",\"isPartOf\":{\"@id\":\"https:\/\/vandeveldebeton.be\/fr\/#website\"},\"primaryImageOfPage\":{\"@id\":\"https:\/\/vandeveldebeton.be\/fr\/produits\/pavage-et-construction-de-routes\/bordures-de-securite-et-limiteurs-de-parking\/#primaryimage\"},\"image\":{\"@id\":\"https:\/\/vandeveldebeton.be\/fr\/produits\/pavage-et-construction-de-routes\/bordures-de-securite-et-limiteurs-de-parking\/#primaryimage\"},\"thumbnailUrl\":\"https:\/\/vandeveldebeton.be\/wp-content\/uploads\/2021\/08\/12-Stootband-e1535440315677.jpeg\",\"datePublished\":\"2021-09-21T07:48:40+00:00\",\"dateModified\":\"2024-06-05T12:31:22+00:00\",\"breadcrumb\":{\"@id\":\"https:\/\/vandeveldebeton.be\/fr\/produits\/pavage-et-construction-de-routes\/bordures-de-securite-et-limiteurs-de-parking\/#breadcrumb\"},\"inLanguage\":\"fr-BE\",\"potentialAction\":[{\"@type\":\"ReadAction\",\"target\":[\"https:\/\/vandeveldebeton.be\/fr\/produits\/pavage-et-construction-de-routes\/bordures-de-securite-et-limiteurs-de-parking\/\"]}]},{\"@type\":\"ImageObject\",\"inLanguage\":\"fr-BE\",\"@id\":\"https:\/\/vandeveldebeton.be\/fr\/produits\/pavage-et-construction-de-routes\/bordures-de-securite-et-limiteurs-de-parking\/#primaryimage\",\"url\":\"https:\/\/vandeveldebeton.be\/wp-content\/uploads\/2021\/08\/12-Stootband-e1535440315677.jpeg\",\"contentUrl\":\"https:\/\/vandeveldebeton.be\/wp-content\/uploads\/2021\/08\/12-Stootband-e1535440315677.jpeg\",\"width\":2000,\"height\":1333},{\"@type\":\"BreadcrumbList\",\"@id\":\"https:\/\/vandeveldebeton.be\/fr\/produits\/pavage-et-construction-de-routes\/bordures-de-securite-et-limiteurs-de-parking\/#breadcrumb\",\"itemListElement\":[{\"@type\":\"ListItem\",\"position\":1,\"name\":\"Home\",\"item\":\"https:\/\/vandeveldebeton.be\/fr\/\"},{\"@type\":\"ListItem\",\"position\":2,\"name\":\"Produits\",\"item\":\"https:\/\/vandeveldebeton.be\/fr\/produits\/\"},{\"@type\":\"ListItem\",\"position\":3,\"name\":\"Pavage et construction de routes\",\"item\":\"https:\/\/vandeveldebeton.be\/fr\/produits\/pavage-et-construction-de-routes\/\"},{\"@type\":\"ListItem\",\"position\":4,\"name\":\"Bordures de s\u00e9curit\u00e9 et limiteurs de parking\"}]},{\"@type\":\"WebSite\",\"@id\":\"https:\/\/vandeveldebeton.be\/fr\/#website\",\"url\":\"https:\/\/vandeveldebeton.be\/fr\/\",\"name\":\"Van de Velde Beton\",\"description\":\"\",\"potentialAction\":[{\"@type\":\"SearchAction\",\"target\":{\"@type\":\"EntryPoint\",\"urlTemplate\":\"https:\/\/vandeveldebeton.be\/fr\/?s={search_term_string}\"},\"query-input\":{\"@type\":\"PropertyValueSpecification\",\"valueRequired\":true,\"valueName\":\"search_term_string\"}}],\"inLanguage\":\"fr-BE\"}]}<\/script>\n<!-- \/ Yoast SEO plugin. -->","yoast_head_json":{"title":"Bordures de s\u00e9curit\u00e9 et limiteurs de parking - Van de Velde Beton","robots":{"index":"index","follow":"follow","max-snippet":"max-snippet:-1","max-image-preview":"max-image-preview:large","max-video-preview":"max-video-preview:-1"},"canonical":"https:\/\/vandeveldebeton.be\/fr\/produits\/pavage-et-construction-de-routes\/bordures-de-securite-et-limiteurs-de-parking\/","og_locale":"fr_FR","og_type":"article","og_title":"Bordures de s\u00e9curit\u00e9 et limiteurs de parking - Van de Velde Beton","og_url":"https:\/\/vandeveldebeton.be\/fr\/produits\/pavage-et-construction-de-routes\/bordures-de-securite-et-limiteurs-de-parking\/","og_site_name":"Van de Velde Beton","article_modified_time":"2024-06-05T12:31:22+00:00","og_image":[{"width":2000,"height":1333,"url":"https:\/\/vandeveldebeton.be\/wp-content\/uploads\/2021\/08\/12-Stootband-e1535440315677.jpeg","type":"image\/jpeg"}],"twitter_card":"summary_large_image","twitter_misc":{"Dur\u00e9e de lecture est.":"1 minute"},"schema":{"@context":"https:\/\/schema.org","@graph":[{"@type":"WebPage","@id":"https:\/\/vandeveldebeton.be\/fr\/produits\/pavage-et-construction-de-routes\/bordures-de-securite-et-limiteurs-de-parking\/","url":"https:\/\/vandeveldebeton.be\/fr\/produits\/pavage-et-construction-de-routes\/bordures-de-securite-et-limiteurs-de-parking\/","name":"Bordures de s\u00e9curit\u00e9 et limiteurs de parking - Van de Velde Beton","isPartOf":{"@id":"https:\/\/vandeveldebeton.be\/fr\/#website"},"primaryImageOfPage":{"@id":"https:\/\/vandeveldebeton.be\/fr\/produits\/pavage-et-construction-de-routes\/bordures-de-securite-et-limiteurs-de-parking\/#primaryimage"},"image":{"@id":"https:\/\/vandeveldebeton.be\/fr\/produits\/pavage-et-construction-de-routes\/bordures-de-securite-et-limiteurs-de-parking\/#primaryimage"},"thumbnailUrl":"https:\/\/vandeveldebeton.be\/wp-content\/uploads\/2021\/08\/12-Stootband-e1535440315677.jpeg","datePublished":"2021-09-21T07:48:40+00:00","dateModified":"2024-06-05T12:31:22+00:00","breadcrumb":{"@id":"https:\/\/vandeveldebeton.be\/fr\/produits\/pavage-et-construction-de-routes\/bordures-de-securite-et-limiteurs-de-parking\/#breadcrumb"},"inLanguage":"fr-BE","potentialAction":[{"@type":"ReadAction","target":["https:\/\/vandeveldebeton.be\/fr\/produits\/pavage-et-construction-de-routes\/bordures-de-securite-et-limiteurs-de-parking\/"]}]},{"@type":"ImageObject","inLanguage":"fr-BE","@id":"https:\/\/vandeveldebeton.be\/fr\/produits\/pavage-et-construction-de-routes\/bordures-de-securite-et-limiteurs-de-parking\/#primaryimage","url":"https:\/\/vandeveldebeton.be\/wp-content\/uploads\/2021\/08\/12-Stootband-e1535440315677.jpeg","contentUrl":"https:\/\/vandeveldebeton.be\/wp-content\/uploads\/2021\/08\/12-Stootband-e1535440315677.jpeg","width":2000,"height":1333},{"@type":"BreadcrumbList","@id":"https:\/\/vandeveldebeton.be\/fr\/produits\/pavage-et-construction-de-routes\/bordures-de-securite-et-limiteurs-de-parking\/#breadcrumb","itemListElement":[{"@type":"ListItem","position":1,"name":"Home","item":"https:\/\/vandeveldebeton.be\/fr\/"},{"@type":"ListItem","position":2,"name":"Produits","item":"https:\/\/vandeveldebeton.be\/fr\/produits\/"},{"@type":"ListItem","position":3,"name":"Pavage et construction de routes","item":"https:\/\/vandeveldebeton.be\/fr\/produits\/pavage-et-construction-de-routes\/"},{"@type":"ListItem","position":4,"name":"Bordures de s\u00e9curit\u00e9 et limiteurs de parking"}]},{"@type":"WebSite","@id":"https:\/\/vandeveldebeton.be\/fr\/#website","url":"https:\/\/vandeveldebeton.be\/fr\/","name":"Van de Velde Beton","description":"","potentialAction":[{"@type":"SearchAction","target":{"@type":"EntryPoint","urlTemplate":"https:\/\/vandeveldebeton.be\/fr\/?s={search_term_string}"},"query-input":{"@type":"PropertyValueSpecification","valueRequired":true,"valueName":"search_term_string"}}],"inLanguage":"fr-BE"}]}},"_links":{"self":[{"href":"https:\/\/vandeveldebeton.be\/fr\/wp-json\/wp\/v2\/pages\/2433","targetHints":{"allow":["GET"]}}],"collection":[{"href":"https:\/\/vandeveldebeton.be\/fr\/wp-json\/wp\/v2\/pages"}],"about":[{"href":"https:\/\/vandeveldebeton.be\/fr\/wp-json\/wp\/v2\/types\/page"}],"author":[{"embeddable":true,"href":"https:\/\/vandeveldebeton.be\/fr\/wp-json\/wp\/v2\/users\/1"}],"replies":[{"embeddable":true,"href":"https:\/\/vandeveldebeton.be\/fr\/wp-json\/wp\/v2\/comments?post=2433"}],"version-history":[{"count":5,"href":"https:\/\/vandeveldebeton.be\/fr\/wp-json\/wp\/v2\/pages\/2433\/revisions"}],"predecessor-version":[{"id":4579,"href":"https:\/\/vandeveldebeton.be\/fr\/wp-json\/wp\/v2\/pages\/2433\/revisions\/4579"}],"up":[{"embeddable":true,"href":"https:\/\/vandeveldebeton.be\/fr\/wp-json\/wp\/v2\/pages\/2379"}],"wp:featuredmedia":[{"embeddable":true,"href":"https:\/\/vandeveldebeton.be\/fr\/wp-json\/wp\/v2\/media\/1592"}],"wp:attachment":[{"href":"https:\/\/vandeveldebeton.be\/fr\/wp-json\/wp\/v2\/media?parent=2433"}],"curies":[{"name":"wp","href":"https:\/\/api.w.org\/{rel}","templated":true}]}}