{"id":2418,"date":"2021-09-21T07:24:24","date_gmt":"2021-09-21T07:24:24","guid":{"rendered":"https:\/\/vandeveldebeton.be\/?page_id=2418"},"modified":"2024-06-05T13:30:46","modified_gmt":"2024-06-05T12:30:46","slug":"caniveaux-et-avaloirs","status":"publish","type":"page","link":"https:\/\/vandeveldebeton.be\/fr\/produits\/pavage-et-construction-de-routes\/caniveaux-et-avaloirs\/","title":{"rendered":"Caniveaux et avaloirs"},"content":{"rendered":"<section class=\"l-section wpb_row coverrow height_auto with_img\"><div class=\"l-section-img\" role=\"img\" aria-label=\"Image\" data-img-width=\"960\" data-img-height=\"640\" style=\"background-image: url(https:\/\/vandeveldebeton.be\/wp-content\/uploads\/2021\/06\/Beton_BG.jpg);\"><\/div><div class=\"l-section-h i-cf\"><div class=\"g-cols vc_row via_flex valign_middle type_default stacking_default\"><div class=\"vc_col-sm-6 wpb_column vc_column_container\"><div class=\"vc_column-inner\"><div class=\"wpb_wrapper\"><div class=\"wpb_text_column\"><div class=\"wpb_wrapper\"><h1>Caniveaux et avaloirs<\/h1>\n<\/div><\/div><div class=\"wpb_text_column\"><div class=\"wpb_wrapper\"><div class=\"wrap container\" role=\"document\">\n<div class=\"content\">\n<div class=\"wrap container\" role=\"document\">\n<div class=\"content\">\n<p>La fonction la plus importante des caniveaux est e drainage des eaux de pluie. Les caniveaux de drainage sont disponibles pour un usage priv\u00e9 et public. D\u00e9couvrez notre large gamme de produits en stock.<\/p>\n<\/div>\n<\/div>\n<\/div>\n<\/div>\n<\/div><\/div><div class=\"w-btn-wrapper align_none\"><a class=\"w-btn us-btn-style_1\" title=\"Contact\" href=\"https:\/\/vandeveldebeton.be\/fr\/contact\/\"><span class=\"w-btn-label\">Contactez-nous<\/span><\/a><\/div><\/div><\/div><\/div><div class=\"vc_col-sm-6 wpb_column vc_column_container has_bg_color stretched\"><div class=\"vc_column-inner us_custom_8dccf3a2\"><div class=\"wpb_wrapper\"><\/div><\/div><\/div><\/div><\/div><\/section><section class=\"l-section wpb_row us_custom_d2199d32 height_auto\"><div class=\"l-section-h i-cf\"><div class=\"g-cols vc_row via_flex valign_top type_default stacking_default\"><div class=\"vc_col-sm-12 wpb_column vc_column_container\"><div class=\"vc_column-inner\"><div class=\"wpb_wrapper\">[vc_raw_html el_class=&#8221;breadcrumbs&#8221;]JTVCd3BzZW9fYnJlYWRjcnVtYiU1RCUwQQ==[\/vc_raw_html]<\/div><\/div><\/div><\/div><\/div><\/section><section class=\"l-section wpb_row height_auto\"><div class=\"l-section-h i-cf\"><div class=\"g-cols vc_row via_flex valign_top type_default stacking_default\"><div class=\"vc_col-sm-12 wpb_column vc_column_container\"><div class=\"vc_column-inner\"><div class=\"wpb_wrapper\"><div class=\"w-separator size_large\"><\/div><div class=\"wpb_text_column\"><div class=\"wpb_wrapper\"><h2>Produits<\/h2>\n<\/div><\/div><div class=\"w-separator size_small\"><\/div><div class=\"w-grid us_grid type_grid layout_110 cols_3 overflow_hidden preload_style_spinner\" id=\"us_grid_1\" style=\"--columns:3;--gap:1.5rem;\"><style>@media (max-width:1024px){#us_grid_1{--columns:2!important}}@media (max-width:768px){#us_grid_1{--columns:1!important}}.layout_110 .w-grid-item-h{background:#EBEBEB}.layout_110 .usg_post_image_1{transition-duration:0.3s;transform-origin:50% 50%;transform:scale(1) translate(0%,0%)}.layout_110 .w-grid-item-h:focus-within .usg_post_image_1,.layout_110 .w-grid-item-h:hover .usg_post_image_1{transform:scale(1) translate(0%,0%);opacity:0.8;background:#EBEBEB!important}.layout_110 .usg_post_image_1{position:static!important}.layout_110 .usg_post_title_2{padding-top:50px!important;padding-bottom:50px!important;position:static!important}<\/style><div class=\"w-grid-list\">\t<article class=\"w-grid-item size_1x1 post-2430 page type-page status-publish has-post-thumbnail hentry\" data-id=\"2430\">\r\n\t\t<div class=\"w-grid-item-h\">\r\n\t\t\t\t\t\t\t<a href=\"https:\/\/vandeveldebeton.be\/fr\/produits\/pavage-et-construction-de-routes\/caniveaux-et-avaloirs\/tuyaux-pvc-et-drainage\/\" class=\"w-grid-item-anchor\" aria-label=\"Tuyaux PVC et drainage\"><\/a>\r\n\t\t\t\t\t\t<div class=\"w-post-elm post_image usg_post_image_1 has_ratio\"><img loading=\"lazy\" decoding=\"async\" width=\"550\" height=\"550\" src=\"https:\/\/vandeveldebeton.be\/wp-content\/uploads\/2021\/08\/PVC-8.jpeg\" class=\"attachment-large size-large wp-post-image\" alt=\"\" \/><div style=\"padding-bottom:72.4074%\"><\/div><\/div><h5 class=\"w-post-elm post_title usg_post_title_2 align_center entry-title color_link_inherit\">Tuyaux PVC et drainage<\/h5>\t\t<\/div>\r\n\t\t\t<\/article>\r\n\t<article class=\"w-grid-item size_1x1 post-2428 page type-page status-publish has-post-thumbnail hentry\" data-id=\"2428\">\r\n\t\t<div class=\"w-grid-item-h\">\r\n\t\t\t\t\t\t\t<a href=\"https:\/\/vandeveldebeton.be\/fr\/produits\/pavage-et-construction-de-routes\/caniveaux-et-avaloirs\/avaloirs\/\" class=\"w-grid-item-anchor\" aria-label=\"Avaloirs\"><\/a>\r\n\t\t\t\t\t\t<div class=\"w-post-elm post_image usg_post_image_1 has_ratio\"><img loading=\"lazy\" decoding=\"async\" width=\"500\" height=\"333\" src=\"https:\/\/vandeveldebeton.be\/wp-content\/uploads\/2021\/08\/11-A5.jpeg\" class=\"attachment-large size-large wp-post-image\" alt=\"\" \/><div style=\"padding-bottom:72.4074%\"><\/div><\/div><h5 class=\"w-post-elm post_title usg_post_title_2 align_center entry-title color_link_inherit\">Avaloirs<\/h5>\t\t<\/div>\r\n\t\t\t<\/article>\r\n\t<article class=\"w-grid-item size_1x1 post-3935 page type-page status-publish has-post-thumbnail hentry\" data-id=\"3935\">\r\n\t\t<div class=\"w-grid-item-h\">\r\n\t\t\t\t\t\t\t<a href=\"https:\/\/vandeveldebeton.be\/fr\/produits\/pavage-et-construction-de-routes\/caniveaux-et-avaloirs\/caniveaux-grillages-aco\/\" class=\"w-grid-item-anchor\" aria-label=\"Caniveaux grillag\u00e9s ACO\"><\/a>\r\n\t\t\t\t\t\t<div class=\"w-post-elm post_image usg_post_image_1 has_ratio\"><img loading=\"lazy\" decoding=\"async\" width=\"1024\" height=\"683\" src=\"https:\/\/vandeveldebeton.be\/wp-content\/uploads\/2023\/12\/aco_slimline_fijne_afvoergoot_met_rooster-4-1024x683.webp\" class=\"attachment-large size-large wp-post-image\" alt=\"Slimline fijne afvoergoot met rooster\" \/><div style=\"padding-bottom:72.4074%\"><\/div><\/div><h5 class=\"w-post-elm post_title usg_post_title_2 align_center entry-title color_link_inherit\">Caniveaux grillag\u00e9s ACO<\/h5>\t\t<\/div>\r\n\t\t\t<\/article>\r\n\t<article class=\"w-grid-item size_1x1 post-2424 page type-page status-publish has-post-thumbnail hentry\" data-id=\"2424\">\r\n\t\t<div class=\"w-grid-item-h\">\r\n\t\t\t\t\t\t\t<a href=\"https:\/\/vandeveldebeton.be\/fr\/produits\/pavage-et-construction-de-routes\/caniveaux-et-avaloirs\/caniveaux-avec-grille\/\" class=\"w-grid-item-anchor\" aria-label=\"Caniveaux avec grille\"><\/a>\r\n\t\t\t\t\t\t<div class=\"w-post-elm post_image usg_post_image_1 has_ratio\"><img loading=\"lazy\" decoding=\"async\" width=\"945\" height=\"755\" src=\"https:\/\/vandeveldebeton.be\/wp-content\/uploads\/2021\/08\/22-Afvoergoot-D-Self-mini.jpeg\" class=\"attachment-large size-large wp-post-image\" alt=\"\" \/><div style=\"padding-bottom:72.4074%\"><\/div><\/div><h5 class=\"w-post-elm post_title usg_post_title_2 align_center entry-title color_link_inherit\">Caniveaux avec grille<\/h5>\t\t<\/div>\r\n\t\t\t<\/article>\r\n\t<article class=\"w-grid-item size_1x1 post-2420 page type-page status-publish has-post-thumbnail hentry\" data-id=\"2420\">\r\n\t\t<div class=\"w-grid-item-h\">\r\n\t\t\t\t\t\t\t<a href=\"https:\/\/vandeveldebeton.be\/fr\/produits\/pavage-et-construction-de-routes\/caniveaux-et-avaloirs\/caniveaux-en-beton\/\" class=\"w-grid-item-anchor\" aria-label=\"Caniveaux en beton\"><\/a>\r\n\t\t\t\t\t\t<div class=\"w-post-elm post_image usg_post_image_1 has_ratio\"><img loading=\"lazy\" decoding=\"async\" width=\"1000\" height=\"1000\" src=\"https:\/\/vandeveldebeton.be\/wp-content\/uploads\/2021\/08\/07-watergreppel-30-20.jpeg\" class=\"attachment-large size-large wp-post-image\" alt=\"\" \/><div style=\"padding-bottom:72.4074%\"><\/div><\/div><h5 class=\"w-post-elm post_title usg_post_title_2 align_center entry-title color_link_inherit\">Caniveaux en beton<\/h5>\t\t<\/div>\r\n\t\t\t<\/article>\r\n<\/div>\t<div class=\"w-grid-preloader\">\r\n\t\t<div class=\"g-preloader type_1\">\r\n\t\t\t<div><\/div>\r\n\t\t<\/div>\r\n\t<\/div>\r\n\t\t<div class=\"w-grid-json hidden\" onclick='return {&quot;action&quot;:&quot;us_ajax_grid&quot;,&quot;infinite_scroll&quot;:0,&quot;max_num_pages&quot;:1,&quot;pagination&quot;:&quot;none&quot;,&quot;template_vars&quot;:{&quot;columns&quot;:&quot;3&quot;,&quot;exclude_items&quot;:&quot;none&quot;,&quot;img_size&quot;:&quot;default&quot;,&quot;ignore_items_size&quot;:0,&quot;items_layout&quot;:&quot;110&quot;,&quot;items_offset&quot;:&quot;1&quot;,&quot;load_animation&quot;:&quot;none&quot;,&quot;overriding_link&quot;:&quot;%7B%22type%22%3A%22post%22%7D&quot;,&quot;post_id&quot;:0,&quot;query_args&quot;:{&quot;ignore_sticky_posts&quot;:1,&quot;post_type&quot;:&quot;any&quot;,&quot;post__in&quot;:[&quot;2430&quot;,&quot;2428&quot;,&quot;3935&quot;,&quot;2424&quot;,&quot;2420&quot;],&quot;posts_per_page&quot;:999},&quot;orderby_query_args&quot;:{&quot;orderby&quot;:{&quot;post__in&quot;:&quot;ASC&quot;},&quot;order&quot;:&quot;ASC&quot;},&quot;type&quot;:&quot;grid&quot;,&quot;us_grid_post_type&quot;:&quot;ids&quot;,&quot;us_grid_ajax_index&quot;:1,&quot;us_grid_filter_query_string&quot;:null,&quot;us_grid_index&quot;:1,&quot;page_args&quot;:[],&quot;lang&quot;:&quot;fr&quot;}}'><\/div>\r\n\t<\/div><div class=\"w-separator size_large\"><\/div><\/div><\/div><\/div><\/div><\/div><\/section>\n","protected":false},"excerpt":{"rendered":"Caniveaux en beton Les caniveaux pr\u00e9voient une bonne conductivit\u00e9 et le drainage de l\u2019eau le long des routes.\u202f Courbes ou demi-m\u00e8tres sont seulement disponible sur commande. Les bandes de\u00a0contrebutage\u00a0peuvent \u00eatre utilis\u00e9es comme enceinte de la chauss\u00e9e, mais elles conviennent \u00e9galement comme caniveau plat.\u00a0 Contactez-nous[vc_raw_html el_class=\"breadcrumbs\"]JTVCd3BzZW9fYnJlYWRjcnVtYiU1RCUwQQ==[\/vc_raw_html] Watergreppel * Caniveau * 100x50x20 Kantstrook * Bande de contrebutage...","protected":false},"author":1,"featured_media":1579,"parent":2379,"menu_order":4,"comment_status":"closed","ping_status":"closed","template":"","meta":{"_acf_changed":false,"footnotes":""},"class_list":["post-2418","page","type-page","status-publish","has-post-thumbnail","hentry"],"acf":[],"yoast_head":"<!-- This site is optimized with the Yoast SEO plugin v26.6 - https:\/\/yoast.com\/wordpress\/plugins\/seo\/ -->\n<title>Caniveaux et avaloirs - Van de Velde Beton<\/title>\n<meta name=\"robots\" content=\"index, follow, max-snippet:-1, max-image-preview:large, max-video-preview:-1\" \/>\n<link rel=\"canonical\" href=\"https:\/\/vandeveldebeton.be\/fr\/produits\/pavage-et-construction-de-routes\/caniveaux-et-avaloirs\/\" \/>\n<meta property=\"og:locale\" content=\"fr_FR\" \/>\n<meta property=\"og:type\" content=\"article\" \/>\n<meta property=\"og:title\" content=\"Caniveaux et avaloirs - Van de Velde Beton\" \/>\n<meta property=\"og:url\" content=\"https:\/\/vandeveldebeton.be\/fr\/produits\/pavage-et-construction-de-routes\/caniveaux-et-avaloirs\/\" \/>\n<meta property=\"og:site_name\" content=\"Van de Velde Beton\" \/>\n<meta property=\"article:modified_time\" content=\"2024-06-05T12:30:46+00:00\" \/>\n<meta property=\"og:image\" content=\"https:\/\/vandeveldebeton.be\/wp-content\/uploads\/2021\/08\/7-Afvoergoten-300x200-1.png\" \/>\n\t<meta property=\"og:image:width\" content=\"300\" \/>\n\t<meta property=\"og:image:height\" content=\"200\" \/>\n\t<meta property=\"og:image:type\" content=\"image\/png\" \/>\n<meta name=\"twitter:card\" content=\"summary_large_image\" \/>\n<meta name=\"twitter:label1\" content=\"Dur\u00e9e de lecture est.\" \/>\n\t<meta name=\"twitter:data1\" content=\"1 minute\" \/>\n<script type=\"application\/ld+json\" class=\"yoast-schema-graph\">{\"@context\":\"https:\/\/schema.org\",\"@graph\":[{\"@type\":\"WebPage\",\"@id\":\"https:\/\/vandeveldebeton.be\/fr\/produits\/pavage-et-construction-de-routes\/caniveaux-et-avaloirs\/\",\"url\":\"https:\/\/vandeveldebeton.be\/fr\/produits\/pavage-et-construction-de-routes\/caniveaux-et-avaloirs\/\",\"name\":\"Caniveaux et avaloirs - Van de Velde Beton\",\"isPartOf\":{\"@id\":\"https:\/\/vandeveldebeton.be\/fr\/#website\"},\"primaryImageOfPage\":{\"@id\":\"https:\/\/vandeveldebeton.be\/fr\/produits\/pavage-et-construction-de-routes\/caniveaux-et-avaloirs\/#primaryimage\"},\"image\":{\"@id\":\"https:\/\/vandeveldebeton.be\/fr\/produits\/pavage-et-construction-de-routes\/caniveaux-et-avaloirs\/#primaryimage\"},\"thumbnailUrl\":\"https:\/\/vandeveldebeton.be\/wp-content\/uploads\/2021\/08\/7-Afvoergoten-300x200-1.png\",\"datePublished\":\"2021-09-21T07:24:24+00:00\",\"dateModified\":\"2024-06-05T12:30:46+00:00\",\"breadcrumb\":{\"@id\":\"https:\/\/vandeveldebeton.be\/fr\/produits\/pavage-et-construction-de-routes\/caniveaux-et-avaloirs\/#breadcrumb\"},\"inLanguage\":\"fr-BE\",\"potentialAction\":[{\"@type\":\"ReadAction\",\"target\":[\"https:\/\/vandeveldebeton.be\/fr\/produits\/pavage-et-construction-de-routes\/caniveaux-et-avaloirs\/\"]}]},{\"@type\":\"ImageObject\",\"inLanguage\":\"fr-BE\",\"@id\":\"https:\/\/vandeveldebeton.be\/fr\/produits\/pavage-et-construction-de-routes\/caniveaux-et-avaloirs\/#primaryimage\",\"url\":\"https:\/\/vandeveldebeton.be\/wp-content\/uploads\/2021\/08\/7-Afvoergoten-300x200-1.png\",\"contentUrl\":\"https:\/\/vandeveldebeton.be\/wp-content\/uploads\/2021\/08\/7-Afvoergoten-300x200-1.png\",\"width\":300,\"height\":200},{\"@type\":\"BreadcrumbList\",\"@id\":\"https:\/\/vandeveldebeton.be\/fr\/produits\/pavage-et-construction-de-routes\/caniveaux-et-avaloirs\/#breadcrumb\",\"itemListElement\":[{\"@type\":\"ListItem\",\"position\":1,\"name\":\"Home\",\"item\":\"https:\/\/vandeveldebeton.be\/fr\/\"},{\"@type\":\"ListItem\",\"position\":2,\"name\":\"Produits\",\"item\":\"https:\/\/vandeveldebeton.be\/fr\/produits\/\"},{\"@type\":\"ListItem\",\"position\":3,\"name\":\"Pavage et construction de routes\",\"item\":\"https:\/\/vandeveldebeton.be\/fr\/produits\/pavage-et-construction-de-routes\/\"},{\"@type\":\"ListItem\",\"position\":4,\"name\":\"Caniveaux et avaloirs\"}]},{\"@type\":\"WebSite\",\"@id\":\"https:\/\/vandeveldebeton.be\/fr\/#website\",\"url\":\"https:\/\/vandeveldebeton.be\/fr\/\",\"name\":\"Van de Velde Beton\",\"description\":\"\",\"potentialAction\":[{\"@type\":\"SearchAction\",\"target\":{\"@type\":\"EntryPoint\",\"urlTemplate\":\"https:\/\/vandeveldebeton.be\/fr\/?s={search_term_string}\"},\"query-input\":{\"@type\":\"PropertyValueSpecification\",\"valueRequired\":true,\"valueName\":\"search_term_string\"}}],\"inLanguage\":\"fr-BE\"}]}<\/script>\n<!-- \/ Yoast SEO plugin. -->","yoast_head_json":{"title":"Caniveaux et avaloirs - Van de Velde Beton","robots":{"index":"index","follow":"follow","max-snippet":"max-snippet:-1","max-image-preview":"max-image-preview:large","max-video-preview":"max-video-preview:-1"},"canonical":"https:\/\/vandeveldebeton.be\/fr\/produits\/pavage-et-construction-de-routes\/caniveaux-et-avaloirs\/","og_locale":"fr_FR","og_type":"article","og_title":"Caniveaux et avaloirs - Van de Velde Beton","og_url":"https:\/\/vandeveldebeton.be\/fr\/produits\/pavage-et-construction-de-routes\/caniveaux-et-avaloirs\/","og_site_name":"Van de Velde Beton","article_modified_time":"2024-06-05T12:30:46+00:00","og_image":[{"width":300,"height":200,"url":"https:\/\/vandeveldebeton.be\/wp-content\/uploads\/2021\/08\/7-Afvoergoten-300x200-1.png","type":"image\/png"}],"twitter_card":"summary_large_image","twitter_misc":{"Dur\u00e9e de lecture est.":"1 minute"},"schema":{"@context":"https:\/\/schema.org","@graph":[{"@type":"WebPage","@id":"https:\/\/vandeveldebeton.be\/fr\/produits\/pavage-et-construction-de-routes\/caniveaux-et-avaloirs\/","url":"https:\/\/vandeveldebeton.be\/fr\/produits\/pavage-et-construction-de-routes\/caniveaux-et-avaloirs\/","name":"Caniveaux et avaloirs - Van de Velde Beton","isPartOf":{"@id":"https:\/\/vandeveldebeton.be\/fr\/#website"},"primaryImageOfPage":{"@id":"https:\/\/vandeveldebeton.be\/fr\/produits\/pavage-et-construction-de-routes\/caniveaux-et-avaloirs\/#primaryimage"},"image":{"@id":"https:\/\/vandeveldebeton.be\/fr\/produits\/pavage-et-construction-de-routes\/caniveaux-et-avaloirs\/#primaryimage"},"thumbnailUrl":"https:\/\/vandeveldebeton.be\/wp-content\/uploads\/2021\/08\/7-Afvoergoten-300x200-1.png","datePublished":"2021-09-21T07:24:24+00:00","dateModified":"2024-06-05T12:30:46+00:00","breadcrumb":{"@id":"https:\/\/vandeveldebeton.be\/fr\/produits\/pavage-et-construction-de-routes\/caniveaux-et-avaloirs\/#breadcrumb"},"inLanguage":"fr-BE","potentialAction":[{"@type":"ReadAction","target":["https:\/\/vandeveldebeton.be\/fr\/produits\/pavage-et-construction-de-routes\/caniveaux-et-avaloirs\/"]}]},{"@type":"ImageObject","inLanguage":"fr-BE","@id":"https:\/\/vandeveldebeton.be\/fr\/produits\/pavage-et-construction-de-routes\/caniveaux-et-avaloirs\/#primaryimage","url":"https:\/\/vandeveldebeton.be\/wp-content\/uploads\/2021\/08\/7-Afvoergoten-300x200-1.png","contentUrl":"https:\/\/vandeveldebeton.be\/wp-content\/uploads\/2021\/08\/7-Afvoergoten-300x200-1.png","width":300,"height":200},{"@type":"BreadcrumbList","@id":"https:\/\/vandeveldebeton.be\/fr\/produits\/pavage-et-construction-de-routes\/caniveaux-et-avaloirs\/#breadcrumb","itemListElement":[{"@type":"ListItem","position":1,"name":"Home","item":"https:\/\/vandeveldebeton.be\/fr\/"},{"@type":"ListItem","position":2,"name":"Produits","item":"https:\/\/vandeveldebeton.be\/fr\/produits\/"},{"@type":"ListItem","position":3,"name":"Pavage et construction de routes","item":"https:\/\/vandeveldebeton.be\/fr\/produits\/pavage-et-construction-de-routes\/"},{"@type":"ListItem","position":4,"name":"Caniveaux et avaloirs"}]},{"@type":"WebSite","@id":"https:\/\/vandeveldebeton.be\/fr\/#website","url":"https:\/\/vandeveldebeton.be\/fr\/","name":"Van de Velde Beton","description":"","potentialAction":[{"@type":"SearchAction","target":{"@type":"EntryPoint","urlTemplate":"https:\/\/vandeveldebeton.be\/fr\/?s={search_term_string}"},"query-input":{"@type":"PropertyValueSpecification","valueRequired":true,"valueName":"search_term_string"}}],"inLanguage":"fr-BE"}]}},"_links":{"self":[{"href":"https:\/\/vandeveldebeton.be\/fr\/wp-json\/wp\/v2\/pages\/2418","targetHints":{"allow":["GET"]}}],"collection":[{"href":"https:\/\/vandeveldebeton.be\/fr\/wp-json\/wp\/v2\/pages"}],"about":[{"href":"https:\/\/vandeveldebeton.be\/fr\/wp-json\/wp\/v2\/types\/page"}],"author":[{"embeddable":true,"href":"https:\/\/vandeveldebeton.be\/fr\/wp-json\/wp\/v2\/users\/1"}],"replies":[{"embeddable":true,"href":"https:\/\/vandeveldebeton.be\/fr\/wp-json\/wp\/v2\/comments?post=2418"}],"version-history":[{"count":7,"href":"https:\/\/vandeveldebeton.be\/fr\/wp-json\/wp\/v2\/pages\/2418\/revisions"}],"predecessor-version":[{"id":4567,"href":"https:\/\/vandeveldebeton.be\/fr\/wp-json\/wp\/v2\/pages\/2418\/revisions\/4567"}],"up":[{"embeddable":true,"href":"https:\/\/vandeveldebeton.be\/fr\/wp-json\/wp\/v2\/pages\/2379"}],"wp:featuredmedia":[{"embeddable":true,"href":"https:\/\/vandeveldebeton.be\/fr\/wp-json\/wp\/v2\/media\/1579"}],"wp:attachment":[{"href":"https:\/\/vandeveldebeton.be\/fr\/wp-json\/wp\/v2\/media?parent=2418"}],"curies":[{"name":"wp","href":"https:\/\/api.w.org\/{rel}","templated":true}]}}