{"id":2361,"date":"2021-09-15T14:09:16","date_gmt":"2021-09-15T14:09:16","guid":{"rendered":"https:\/\/vandeveldebeton.be\/?page_id=2361"},"modified":"2024-06-05T13:27:59","modified_gmt":"2024-06-05T12:27:59","slug":"bordures-palissades-en-pierre-naturelle","status":"publish","type":"page","link":"https:\/\/vandeveldebeton.be\/fr\/produits\/jardin-et-terrasse\/pierre-naturelle\/bordures-palissades-en-pierre-naturelle\/","title":{"rendered":"Bordures\/palissades en pierre naturelle"},"content":{"rendered":"<section class=\"l-section wpb_row coverrow height_auto with_img\"><div class=\"l-section-img\" role=\"img\" aria-label=\"Image\" data-img-width=\"960\" data-img-height=\"640\" style=\"background-image: url(https:\/\/vandeveldebeton.be\/wp-content\/uploads\/2021\/06\/Beton_BG.jpg);\"><\/div><div class=\"l-section-h i-cf\"><div class=\"g-cols vc_row via_flex valign_middle type_default stacking_default\"><div class=\"vc_col-sm-6 wpb_column vc_column_container\"><div class=\"vc_column-inner\"><div class=\"wpb_wrapper\"><div class=\"wpb_text_column\"><div class=\"wpb_wrapper\"><h1>Bordures\/palissades<br \/>\nen pierre naturelle<\/h1>\n<\/div><\/div><div class=\"wpb_text_column\"><div class=\"wpb_wrapper\"><div class=\"product-text\">\n<div class=\"product-text\">\n<div class=\"product-text\">\n<p>Avec des lignes (fortement) courbes, l\u2019utilisation d\u2019une rang\u00e9e de palissades en pierre naturelle peut \u00eatre envisag\u00e9e. Pensez \u00e0 la cr\u00e9ation de parterres de fleurs ou \u00e0 la fabrication de bo\u00eetes \u00e0 fleurs. Ils sont la solution pour accommoder les diff\u00e9rences de hauteur jusqu\u2019\u00e0 60 cm. Gardez \u00e0 l\u2019esprit que les palissades doivent \u00eatre fix\u00e9es \u00e0 1\/3 de la hauteur totale. En pla\u00e7ant un film \u00e9tanche entre le sol et la palissade, vous \u00e9viterez les infiltrations d\u2019eau et donc les taches disgracieuses.<\/p>\n<\/div>\n<\/div>\n<\/div>\n<\/div><\/div><div class=\"w-btn-wrapper align_none\"><a class=\"w-btn us-btn-style_1\" title=\"Contact\" href=\"https:\/\/vandeveldebeton.be\/fr\/contact\/\"><span class=\"w-btn-label\">Contactez-nous<\/span><\/a><\/div><\/div><\/div><\/div><div class=\"vc_col-sm-6 wpb_column vc_column_container has_bg_color stretched\"><div class=\"vc_column-inner us_custom_154b6841\"><div class=\"wpb_wrapper\"><\/div><\/div><\/div><\/div><\/div><\/section><section class=\"l-section wpb_row us_custom_d2199d32 height_auto\"><div class=\"l-section-h i-cf\"><div class=\"g-cols vc_row via_flex valign_top type_default stacking_default\"><div class=\"vc_col-sm-12 wpb_column vc_column_container\"><div class=\"vc_column-inner\"><div class=\"wpb_wrapper\">[vc_raw_html el_class=&#8221;breadcrumbs&#8221;]JTVCd3BzZW9fYnJlYWRjcnVtYiU1RCUwQQ==[\/vc_raw_html]<\/div><\/div><\/div><\/div><\/div><\/section><section class=\"l-section wpb_row height_auto\"><div class=\"l-section-h i-cf\"><div class=\"g-cols vc_row via_flex valign_top type_default stacking_default\"><div class=\"vc_col-sm-12 wpb_column vc_column_container\"><div class=\"vc_column-inner\"><div class=\"wpb_wrapper\"><div class=\"w-separator size_large\"><\/div><div class=\"w-grid us_grid type_grid layout_612 cols_3 preload_style_spinner ratio_1x1\" id=\"us_grid_1\" style=\"--columns:3;--gap:1.5rem;--item-ratio:1;\" data-filterable=\"true\"><style>@media (max-width:1024px){#us_grid_1{--columns:2!important}}@media (max-width:768px){#us_grid_1{--columns:1!important}}.layout_612 .w-grid-item-h{}.layout_612 .usg_vwrapper_1{transition-duration:0.3s;transform-origin:50% 50%;transform:scale(1.5) translate(0%,0%);opacity:0}.layout_612 .w-grid-item-h:focus-within .usg_vwrapper_1,.layout_612 .w-grid-item-h:hover .usg_vwrapper_1{transform:scale(1) translate(0%,0%);opacity:1;background:rgba(26,26,26,0.80)!important}.layout_612 .usg_vwrapper_1{position:absolute!important;left:0!important;top:0!important;bottom:0!important;right:0!important;padding:2rem!important}.layout_612 .usg_post_image_2{position:absolute!important;left:0!important;top:0!important;bottom:0!important;right:0!important}.layout_612 .usg_post_title_2{color:#ffffff!important;font-size:1.4rem!important}<\/style><div class=\"w-grid-list\">\t<article class=\"w-grid-item size_1x1 post-1300 attachment type-attachment status-inherit hentry\" data-id=\"1300\">\r\n\t\t<div class=\"w-grid-item-h\">\r\n\t\t\t\t\t\t\t<a ref=\"magnificPopupGrid\" href=\"https:\/\/vandeveldebeton.be\/wp-content\/uploads\/2021\/08\/Vietnam-blue-boord-1-1.jpeg\" class=\"w-grid-item-anchor\" aria-label=\"Vietnam Blue\"><\/a>\r\n\t\t\t\t\t\t<div class=\"w-post-elm post_image usg_post_image_2 has_ratio\"><img loading=\"lazy\" decoding=\"async\" width=\"1024\" height=\"1024\" src=\"https:\/\/vandeveldebeton.be\/wp-content\/uploads\/2021\/08\/Vietnam-blue-boord-1-1-1024x1024.jpeg\" class=\"attachment-large size-large\" alt=\"\" \/><div style=\"padding-bottom:100%\"><\/div><\/div><div class=\"w-vwrapper usg_vwrapper_1 align_center valign_middle\"><p class=\"w-post-elm post_title usg_post_title_2 has_text_color entry-title color_link_inherit\">Vietnam Blue<\/p><\/div>\t\t<\/div>\r\n\t\t\t<\/article>\r\n\t<article class=\"w-grid-item size_1x1 post-1296 attachment type-attachment status-inherit hentry\" data-id=\"1296\">\r\n\t\t<div class=\"w-grid-item-h\">\r\n\t\t\t\t\t\t\t<a ref=\"magnificPopupGrid\" href=\"https:\/\/vandeveldebeton.be\/wp-content\/uploads\/2021\/08\/Palissaden-Kandla-geplaatst-19.jpeg\" class=\"w-grid-item-anchor\" aria-label=\"Palissaden-Kandla\"><\/a>\r\n\t\t\t\t\t\t<div class=\"w-post-elm post_image usg_post_image_2 has_ratio\"><img loading=\"lazy\" decoding=\"async\" width=\"800\" height=\"800\" src=\"https:\/\/vandeveldebeton.be\/wp-content\/uploads\/2021\/08\/Palissaden-Kandla-geplaatst-19.jpeg\" class=\"attachment-large size-large\" alt=\"Palissaden-Kandla\" \/><div style=\"padding-bottom:100%\"><\/div><\/div><div class=\"w-vwrapper usg_vwrapper_1 align_center valign_middle\"><p class=\"w-post-elm post_title usg_post_title_2 has_text_color entry-title color_link_inherit\">Palissades * Kandla<\/p><\/div>\t\t<\/div>\r\n\t\t\t<\/article>\r\n\t<article class=\"w-grid-item size_1x1 post-1298 attachment type-attachment status-inherit hentry\" data-id=\"1298\">\r\n\t\t<div class=\"w-grid-item-h\">\r\n\t\t\t\t\t\t\t<a ref=\"magnificPopupGrid\" href=\"https:\/\/vandeveldebeton.be\/wp-content\/uploads\/2021\/08\/Pallisaden-China-blue-geplaatst.jpeg\" class=\"w-grid-item-anchor\" aria-label=\"Pallisaden-China-blue\"><\/a>\r\n\t\t\t\t\t\t<div class=\"w-post-elm post_image usg_post_image_2 has_ratio\"><img loading=\"lazy\" decoding=\"async\" width=\"600\" height=\"450\" src=\"https:\/\/vandeveldebeton.be\/wp-content\/uploads\/2021\/08\/Pallisaden-China-blue-geplaatst.jpeg\" class=\"attachment-large size-large\" alt=\"Pallisaden-China-blue\" \/><div style=\"padding-bottom:100%\"><\/div><\/div><div class=\"w-vwrapper usg_vwrapper_1 align_center valign_middle\"><p class=\"w-post-elm post_title usg_post_title_2 has_text_color entry-title color_link_inherit\">Pallisades * China blue<\/p><\/div>\t\t<\/div>\r\n\t\t\t<\/article>\r\n\t<article class=\"w-grid-item size_1x1 post-1294 attachment type-attachment status-inherit hentry\" data-id=\"1294\">\r\n\t\t<div class=\"w-grid-item-h\">\r\n\t\t\t\t\t\t\t<a ref=\"magnificPopupGrid\" href=\"https:\/\/vandeveldebeton.be\/wp-content\/uploads\/2021\/08\/New-Jasberg-boord-01-1.jpeg\" class=\"w-grid-item-anchor\" aria-label=\"New Jasberg\"><\/a>\r\n\t\t\t\t\t\t<div class=\"w-post-elm post_image usg_post_image_2 has_ratio\"><img loading=\"lazy\" decoding=\"async\" width=\"992\" height=\"1024\" src=\"https:\/\/vandeveldebeton.be\/wp-content\/uploads\/2021\/08\/New-Jasberg-boord-01-1-992x1024.jpeg\" class=\"attachment-large size-large\" alt=\"\" \/><div style=\"padding-bottom:100%\"><\/div><\/div><div class=\"w-vwrapper usg_vwrapper_1 align_center valign_middle\"><p class=\"w-post-elm post_title usg_post_title_2 has_text_color entry-title color_link_inherit\">New Jasberg<\/p><\/div>\t\t<\/div>\r\n\t\t\t<\/article>\r\n\t<article class=\"w-grid-item size_1x1 post-1292 attachment type-attachment status-inherit hentry\" data-id=\"1292\">\r\n\t\t<div class=\"w-grid-item-h\">\r\n\t\t\t\t\t\t\t<a ref=\"magnificPopupGrid\" href=\"https:\/\/vandeveldebeton.be\/wp-content\/uploads\/2021\/08\/Kandla-boord-4-1.jpeg\" class=\"w-grid-item-anchor\" aria-label=\"Kandla\"><\/a>\r\n\t\t\t\t\t\t<div class=\"w-post-elm post_image usg_post_image_2 has_ratio\"><img loading=\"lazy\" decoding=\"async\" width=\"1024\" height=\"1024\" src=\"https:\/\/vandeveldebeton.be\/wp-content\/uploads\/2021\/08\/Kandla-boord-4-1-1024x1024.jpeg\" class=\"attachment-large size-large\" alt=\"\" \/><div style=\"padding-bottom:100%\"><\/div><\/div><div class=\"w-vwrapper usg_vwrapper_1 align_center valign_middle\"><p class=\"w-post-elm post_title usg_post_title_2 has_text_color entry-title color_link_inherit\">Kandla<\/p><\/div>\t\t<\/div>\r\n\t\t\t<\/article>\r\n\t<article class=\"w-grid-item size_1x1 post-1290 attachment type-attachment status-inherit hentry\" data-id=\"1290\">\r\n\t\t<div class=\"w-grid-item-h\">\r\n\t\t\t\t\t\t\t<a ref=\"magnificPopupGrid\" href=\"https:\/\/vandeveldebeton.be\/wp-content\/uploads\/2021\/08\/China-blue-palissade-1-1.jpeg\" class=\"w-grid-item-anchor\" aria-label=\"China Blue\"><\/a>\r\n\t\t\t\t\t\t<div class=\"w-post-elm post_image usg_post_image_2 has_ratio\"><img loading=\"lazy\" decoding=\"async\" width=\"1024\" height=\"768\" src=\"https:\/\/vandeveldebeton.be\/wp-content\/uploads\/2021\/08\/China-blue-palissade-1-1-1024x768.jpeg\" class=\"attachment-large size-large\" alt=\"\" \/><div style=\"padding-bottom:100%\"><\/div><\/div><div class=\"w-vwrapper usg_vwrapper_1 align_center valign_middle\"><p class=\"w-post-elm post_title usg_post_title_2 has_text_color entry-title color_link_inherit\">China Blue<\/p><\/div>\t\t<\/div>\r\n\t\t\t<\/article>\r\n\t<article class=\"w-grid-item size_1x1 post-1288 attachment type-attachment status-inherit hentry\" data-id=\"1288\">\r\n\t\t<div class=\"w-grid-item-h\">\r\n\t\t\t\t\t\t\t<a ref=\"magnificPopupGrid\" href=\"https:\/\/vandeveldebeton.be\/wp-content\/uploads\/2021\/08\/China-blue-boord-3-1.jpeg\" class=\"w-grid-item-anchor\" aria-label=\"China Blue\"><\/a>\r\n\t\t\t\t\t\t<div class=\"w-post-elm post_image usg_post_image_2 has_ratio\"><img loading=\"lazy\" decoding=\"async\" width=\"1024\" height=\"768\" src=\"https:\/\/vandeveldebeton.be\/wp-content\/uploads\/2021\/08\/China-blue-boord-3-1-1024x768.jpeg\" class=\"attachment-large size-large\" alt=\"\" \/><div style=\"padding-bottom:100%\"><\/div><\/div><div class=\"w-vwrapper usg_vwrapper_1 align_center valign_middle\"><p class=\"w-post-elm post_title usg_post_title_2 has_text_color entry-title color_link_inherit\">China Blue<\/p><\/div>\t\t<\/div>\r\n\t\t\t<\/article>\r\n<\/div>\t<div class=\"w-grid-preloader\">\r\n\t\t<div class=\"g-preloader type_1\">\r\n\t\t\t<div><\/div>\r\n\t\t<\/div>\r\n\t<\/div>\r\n\t\t<div class=\"w-grid-json hidden\" onclick='return {&quot;action&quot;:&quot;us_ajax_grid&quot;,&quot;infinite_scroll&quot;:0,&quot;max_num_pages&quot;:1,&quot;pagination&quot;:&quot;none&quot;,&quot;template_vars&quot;:{&quot;columns&quot;:&quot;3&quot;,&quot;exclude_items&quot;:&quot;none&quot;,&quot;img_size&quot;:&quot;default&quot;,&quot;ignore_items_size&quot;:0,&quot;items_layout&quot;:&quot;612&quot;,&quot;items_offset&quot;:&quot;1&quot;,&quot;load_animation&quot;:&quot;none&quot;,&quot;overriding_link&quot;:&quot;%7B%22type%22%3A%22popup_image%22%7D&quot;,&quot;post_id&quot;:0,&quot;query_args&quot;:{&quot;post_type&quot;:[&quot;attachment&quot;],&quot;post__in&quot;:[&quot;1299&quot;,&quot;1295&quot;,&quot;1297&quot;,&quot;1293&quot;,&quot;1291&quot;,&quot;1289&quot;,&quot;1287&quot;],&quot;post_status&quot;:&quot;inherit&quot;,&quot;post_mime_type&quot;:&quot;image&quot;,&quot;posts_per_page&quot;:999},&quot;orderby_query_args&quot;:{&quot;orderby&quot;:{&quot;date&quot;:&quot;DESC&quot;}},&quot;type&quot;:&quot;grid&quot;,&quot;us_grid_post_type&quot;:&quot;attachment&quot;,&quot;us_grid_ajax_index&quot;:1,&quot;us_grid_filter_query_string&quot;:null,&quot;us_grid_index&quot;:1,&quot;page_args&quot;:[],&quot;lang&quot;:&quot;fr&quot;}}'><\/div>\r\n\t<\/div><div class=\"w-separator size_large\"><\/div><\/div><\/div><\/div><\/div><\/div><\/section>\n","protected":false},"excerpt":{"rendered":"","protected":false},"author":1,"featured_media":1298,"parent":2346,"menu_order":4,"comment_status":"closed","ping_status":"closed","template":"","meta":{"_acf_changed":false,"footnotes":""},"class_list":["post-2361","page","type-page","status-publish","has-post-thumbnail","hentry"],"acf":[],"yoast_head":"<!-- This site is optimized with the Yoast SEO plugin v26.6 - https:\/\/yoast.com\/wordpress\/plugins\/seo\/ -->\n<title>Bordures\/palissades en pierre naturelle - Van de Velde Beton<\/title>\n<meta name=\"robots\" content=\"index, follow, max-snippet:-1, max-image-preview:large, max-video-preview:-1\" \/>\n<link rel=\"canonical\" href=\"https:\/\/vandeveldebeton.be\/fr\/produits\/jardin-et-terrasse\/pierre-naturelle\/bordures-palissades-en-pierre-naturelle\/\" \/>\n<meta property=\"og:locale\" content=\"fr_FR\" \/>\n<meta property=\"og:type\" content=\"article\" \/>\n<meta property=\"og:title\" content=\"Bordures\/palissades en pierre naturelle - Van de Velde Beton\" \/>\n<meta property=\"og:url\" content=\"https:\/\/vandeveldebeton.be\/fr\/produits\/jardin-et-terrasse\/pierre-naturelle\/bordures-palissades-en-pierre-naturelle\/\" \/>\n<meta property=\"og:site_name\" content=\"Van de Velde Beton\" \/>\n<meta property=\"article:modified_time\" content=\"2024-06-05T12:27:59+00:00\" \/>\n<meta property=\"og:image\" content=\"https:\/\/vandeveldebeton.be\/wp-content\/uploads\/2021\/08\/Pallisaden-China-blue-geplaatst.jpeg\" \/>\n\t<meta property=\"og:image:width\" content=\"600\" \/>\n\t<meta property=\"og:image:height\" content=\"450\" \/>\n\t<meta property=\"og:image:type\" content=\"image\/jpeg\" \/>\n<meta name=\"twitter:card\" content=\"summary_large_image\" \/>\n<meta name=\"twitter:label1\" content=\"Dur\u00e9e de lecture est.\" \/>\n\t<meta name=\"twitter:data1\" content=\"1 minute\" \/>\n<script type=\"application\/ld+json\" class=\"yoast-schema-graph\">{\"@context\":\"https:\/\/schema.org\",\"@graph\":[{\"@type\":\"WebPage\",\"@id\":\"https:\/\/vandeveldebeton.be\/fr\/produits\/jardin-et-terrasse\/pierre-naturelle\/bordures-palissades-en-pierre-naturelle\/\",\"url\":\"https:\/\/vandeveldebeton.be\/fr\/produits\/jardin-et-terrasse\/pierre-naturelle\/bordures-palissades-en-pierre-naturelle\/\",\"name\":\"Bordures\/palissades en pierre naturelle - Van de Velde Beton\",\"isPartOf\":{\"@id\":\"https:\/\/vandeveldebeton.be\/fr\/#website\"},\"primaryImageOfPage\":{\"@id\":\"https:\/\/vandeveldebeton.be\/fr\/produits\/jardin-et-terrasse\/pierre-naturelle\/bordures-palissades-en-pierre-naturelle\/#primaryimage\"},\"image\":{\"@id\":\"https:\/\/vandeveldebeton.be\/fr\/produits\/jardin-et-terrasse\/pierre-naturelle\/bordures-palissades-en-pierre-naturelle\/#primaryimage\"},\"thumbnailUrl\":\"https:\/\/vandeveldebeton.be\/wp-content\/uploads\/2021\/08\/Pallisaden-China-blue-geplaatst.jpeg\",\"datePublished\":\"2021-09-15T14:09:16+00:00\",\"dateModified\":\"2024-06-05T12:27:59+00:00\",\"breadcrumb\":{\"@id\":\"https:\/\/vandeveldebeton.be\/fr\/produits\/jardin-et-terrasse\/pierre-naturelle\/bordures-palissades-en-pierre-naturelle\/#breadcrumb\"},\"inLanguage\":\"fr-BE\",\"potentialAction\":[{\"@type\":\"ReadAction\",\"target\":[\"https:\/\/vandeveldebeton.be\/fr\/produits\/jardin-et-terrasse\/pierre-naturelle\/bordures-palissades-en-pierre-naturelle\/\"]}]},{\"@type\":\"ImageObject\",\"inLanguage\":\"fr-BE\",\"@id\":\"https:\/\/vandeveldebeton.be\/fr\/produits\/jardin-et-terrasse\/pierre-naturelle\/bordures-palissades-en-pierre-naturelle\/#primaryimage\",\"url\":\"https:\/\/vandeveldebeton.be\/wp-content\/uploads\/2021\/08\/Pallisaden-China-blue-geplaatst.jpeg\",\"contentUrl\":\"https:\/\/vandeveldebeton.be\/wp-content\/uploads\/2021\/08\/Pallisaden-China-blue-geplaatst.jpeg\",\"width\":600,\"height\":450,\"caption\":\"Pallisaden-China-blue\"},{\"@type\":\"BreadcrumbList\",\"@id\":\"https:\/\/vandeveldebeton.be\/fr\/produits\/jardin-et-terrasse\/pierre-naturelle\/bordures-palissades-en-pierre-naturelle\/#breadcrumb\",\"itemListElement\":[{\"@type\":\"ListItem\",\"position\":1,\"name\":\"Home\",\"item\":\"https:\/\/vandeveldebeton.be\/fr\/\"},{\"@type\":\"ListItem\",\"position\":2,\"name\":\"Produits\",\"item\":\"https:\/\/vandeveldebeton.be\/fr\/produits\/\"},{\"@type\":\"ListItem\",\"position\":3,\"name\":\"Jardin et terrasse\",\"item\":\"https:\/\/vandeveldebeton.be\/fr\/produits\/jardin-et-terrasse\/\"},{\"@type\":\"ListItem\",\"position\":4,\"name\":\"Pierre naturelle\",\"item\":\"https:\/\/vandeveldebeton.be\/fr\/produits\/jardin-et-terrasse\/pierre-naturelle\/\"},{\"@type\":\"ListItem\",\"position\":5,\"name\":\"Bordures\/palissades en pierre naturelle\"}]},{\"@type\":\"WebSite\",\"@id\":\"https:\/\/vandeveldebeton.be\/fr\/#website\",\"url\":\"https:\/\/vandeveldebeton.be\/fr\/\",\"name\":\"Van de Velde Beton\",\"description\":\"\",\"potentialAction\":[{\"@type\":\"SearchAction\",\"target\":{\"@type\":\"EntryPoint\",\"urlTemplate\":\"https:\/\/vandeveldebeton.be\/fr\/?s={search_term_string}\"},\"query-input\":{\"@type\":\"PropertyValueSpecification\",\"valueRequired\":true,\"valueName\":\"search_term_string\"}}],\"inLanguage\":\"fr-BE\"}]}<\/script>\n<!-- \/ Yoast SEO plugin. -->","yoast_head_json":{"title":"Bordures\/palissades en pierre naturelle - Van de Velde Beton","robots":{"index":"index","follow":"follow","max-snippet":"max-snippet:-1","max-image-preview":"max-image-preview:large","max-video-preview":"max-video-preview:-1"},"canonical":"https:\/\/vandeveldebeton.be\/fr\/produits\/jardin-et-terrasse\/pierre-naturelle\/bordures-palissades-en-pierre-naturelle\/","og_locale":"fr_FR","og_type":"article","og_title":"Bordures\/palissades en pierre naturelle - Van de Velde Beton","og_url":"https:\/\/vandeveldebeton.be\/fr\/produits\/jardin-et-terrasse\/pierre-naturelle\/bordures-palissades-en-pierre-naturelle\/","og_site_name":"Van de Velde Beton","article_modified_time":"2024-06-05T12:27:59+00:00","og_image":[{"width":600,"height":450,"url":"https:\/\/vandeveldebeton.be\/wp-content\/uploads\/2021\/08\/Pallisaden-China-blue-geplaatst.jpeg","type":"image\/jpeg"}],"twitter_card":"summary_large_image","twitter_misc":{"Dur\u00e9e de lecture est.":"1 minute"},"schema":{"@context":"https:\/\/schema.org","@graph":[{"@type":"WebPage","@id":"https:\/\/vandeveldebeton.be\/fr\/produits\/jardin-et-terrasse\/pierre-naturelle\/bordures-palissades-en-pierre-naturelle\/","url":"https:\/\/vandeveldebeton.be\/fr\/produits\/jardin-et-terrasse\/pierre-naturelle\/bordures-palissades-en-pierre-naturelle\/","name":"Bordures\/palissades en pierre naturelle - Van de Velde Beton","isPartOf":{"@id":"https:\/\/vandeveldebeton.be\/fr\/#website"},"primaryImageOfPage":{"@id":"https:\/\/vandeveldebeton.be\/fr\/produits\/jardin-et-terrasse\/pierre-naturelle\/bordures-palissades-en-pierre-naturelle\/#primaryimage"},"image":{"@id":"https:\/\/vandeveldebeton.be\/fr\/produits\/jardin-et-terrasse\/pierre-naturelle\/bordures-palissades-en-pierre-naturelle\/#primaryimage"},"thumbnailUrl":"https:\/\/vandeveldebeton.be\/wp-content\/uploads\/2021\/08\/Pallisaden-China-blue-geplaatst.jpeg","datePublished":"2021-09-15T14:09:16+00:00","dateModified":"2024-06-05T12:27:59+00:00","breadcrumb":{"@id":"https:\/\/vandeveldebeton.be\/fr\/produits\/jardin-et-terrasse\/pierre-naturelle\/bordures-palissades-en-pierre-naturelle\/#breadcrumb"},"inLanguage":"fr-BE","potentialAction":[{"@type":"ReadAction","target":["https:\/\/vandeveldebeton.be\/fr\/produits\/jardin-et-terrasse\/pierre-naturelle\/bordures-palissades-en-pierre-naturelle\/"]}]},{"@type":"ImageObject","inLanguage":"fr-BE","@id":"https:\/\/vandeveldebeton.be\/fr\/produits\/jardin-et-terrasse\/pierre-naturelle\/bordures-palissades-en-pierre-naturelle\/#primaryimage","url":"https:\/\/vandeveldebeton.be\/wp-content\/uploads\/2021\/08\/Pallisaden-China-blue-geplaatst.jpeg","contentUrl":"https:\/\/vandeveldebeton.be\/wp-content\/uploads\/2021\/08\/Pallisaden-China-blue-geplaatst.jpeg","width":600,"height":450,"caption":"Pallisaden-China-blue"},{"@type":"BreadcrumbList","@id":"https:\/\/vandeveldebeton.be\/fr\/produits\/jardin-et-terrasse\/pierre-naturelle\/bordures-palissades-en-pierre-naturelle\/#breadcrumb","itemListElement":[{"@type":"ListItem","position":1,"name":"Home","item":"https:\/\/vandeveldebeton.be\/fr\/"},{"@type":"ListItem","position":2,"name":"Produits","item":"https:\/\/vandeveldebeton.be\/fr\/produits\/"},{"@type":"ListItem","position":3,"name":"Jardin et terrasse","item":"https:\/\/vandeveldebeton.be\/fr\/produits\/jardin-et-terrasse\/"},{"@type":"ListItem","position":4,"name":"Pierre naturelle","item":"https:\/\/vandeveldebeton.be\/fr\/produits\/jardin-et-terrasse\/pierre-naturelle\/"},{"@type":"ListItem","position":5,"name":"Bordures\/palissades en pierre naturelle"}]},{"@type":"WebSite","@id":"https:\/\/vandeveldebeton.be\/fr\/#website","url":"https:\/\/vandeveldebeton.be\/fr\/","name":"Van de Velde Beton","description":"","potentialAction":[{"@type":"SearchAction","target":{"@type":"EntryPoint","urlTemplate":"https:\/\/vandeveldebeton.be\/fr\/?s={search_term_string}"},"query-input":{"@type":"PropertyValueSpecification","valueRequired":true,"valueName":"search_term_string"}}],"inLanguage":"fr-BE"}]}},"_links":{"self":[{"href":"https:\/\/vandeveldebeton.be\/fr\/wp-json\/wp\/v2\/pages\/2361","targetHints":{"allow":["GET"]}}],"collection":[{"href":"https:\/\/vandeveldebeton.be\/fr\/wp-json\/wp\/v2\/pages"}],"about":[{"href":"https:\/\/vandeveldebeton.be\/fr\/wp-json\/wp\/v2\/types\/page"}],"author":[{"embeddable":true,"href":"https:\/\/vandeveldebeton.be\/fr\/wp-json\/wp\/v2\/users\/1"}],"replies":[{"embeddable":true,"href":"https:\/\/vandeveldebeton.be\/fr\/wp-json\/wp\/v2\/comments?post=2361"}],"version-history":[{"count":5,"href":"https:\/\/vandeveldebeton.be\/fr\/wp-json\/wp\/v2\/pages\/2361\/revisions"}],"predecessor-version":[{"id":4535,"href":"https:\/\/vandeveldebeton.be\/fr\/wp-json\/wp\/v2\/pages\/2361\/revisions\/4535"}],"up":[{"embeddable":true,"href":"https:\/\/vandeveldebeton.be\/fr\/wp-json\/wp\/v2\/pages\/2346"}],"wp:featuredmedia":[{"embeddable":true,"href":"https:\/\/vandeveldebeton.be\/fr\/wp-json\/wp\/v2\/media\/1298"}],"wp:attachment":[{"href":"https:\/\/vandeveldebeton.be\/fr\/wp-json\/wp\/v2\/media?parent=2361"}],"curies":[{"name":"wp","href":"https:\/\/api.w.org\/{rel}","templated":true}]}}